{"id":118358,"date":"2025-11-17T00:00:00","date_gmt":"2025-11-16T23:00:00","guid":{"rendered":"https:\/\/gpl-love.com\/fr\/produit\/bookly-customer-information\/"},"modified":"2026-03-20T22:56:48","modified_gmt":"2026-03-20T21:56:48","slug":"bookly-customer-information","status":"publish","type":"product","link":"https:\/\/gpl-love.com\/fr\/produit\/bookly-customer-information\/","title":{"rendered":"Bookly Customer Information 3.9"},"content":{"rendered":"<h3>Bookly Customer Information Traits<\/h3>\n<p>Le syst\u00e8me d&rsquo;information client Bookly est une application logicielle avanc\u00e9e con\u00e7ue pour faciliter les entreprises dans le stockage et l&rsquo;administration efficaces des donn\u00e9es clients. Gr\u00e2ce \u00e0 l&rsquo;utilisation de ce syst\u00e8me sophistiqu\u00e9, les entreprises sont en mesure de rassembler et de syst\u00e9matiser sans effort les informations clients vitales, y compris, mais sans s&rsquo;y limiter, les noms, les adresses e-mail, les num\u00e9ros de t\u00e9l\u00e9phone et les adresses physiques. En plus de cette fonctionnalit\u00e9 fondamentale, Bookly permet \u00e9galement aux entreprises de surveiller et de suivre les pr\u00e9f\u00e9rences des clients, les achats et un \u00e9ventail d&rsquo;autres d\u00e9tails pertinents. En tirant parti de ces informations inestimables, les entreprises sont en mesure d&rsquo;adapter leurs services et d&rsquo;affiner leurs strat\u00e9gies de marketing pour r\u00e9pondre plus efficacement aux besoins et aux d\u00e9sirs sp\u00e9cifiques de leur client\u00e8le estim\u00e9e.<\/p>\n<p>De plus, le syst\u00e8me d&rsquo;information client Bookly est particuli\u00e8rement bien adapt\u00e9 aux entreprises qui cherchent \u00e0 rationaliser et \u00e0 optimiser leurs protocoles de gestion des clients. En incorporant ce syst\u00e8me de pointe dans leurs op\u00e9rations, les entreprises sont non seulement en mesure de renforcer la satisfaction globale des clients, mais aussi de mieux comprendre le comportement des clients, ce qui leur permet de prendre des d\u00e9cisions \u00e9clair\u00e9es et d&rsquo;\u00e9laborer des strat\u00e9gies bas\u00e9es sur les donn\u00e9es. Avec son ensemble complet de fonctionnalit\u00e9s et de fonctionnalit\u00e9s, le syst\u00e8me d&rsquo;information client Bookly fournit aux entreprises une solution holistique et globale pour la gestion efficace de leurs donn\u00e9es clients inestimables. Par cons\u00e9quent, les entreprises peuvent anticiper une augmentation significative de la productivit\u00e9 et, par extension, la fid\u00e9lisation de la client\u00e8le, en cons\u00e9quence directe de l&rsquo;utilisation de cette application logicielle exceptionnelle.<\/p>\n<ul>\n<li>Stockage d&rsquo;informations client rapide et efficace<\/li>\n<li>Gestion des donn\u00e9es des clients accessibles en temps r\u00e9el<\/li>\n<li>Champs de donn\u00e9es client personnalisables pour des besoins commerciaux sp\u00e9cifiques<\/li>\n<li>Profils de clients complets et organis\u00e9s<\/li>\n<li>Gestion am\u00e9lior\u00e9e de la relation client<\/li>\n<li>Rappels et confirmations de rendez-vous client automatique<\/li>\n<li>Facturation et facturation des clients pr\u00e9cis<\/li>\n<li>Am\u00e9lioration du suivi et de l&rsquo;analyse des clients<\/li>\n<li>Protection s\u00e9curis\u00e9e et fiable des donn\u00e9es des clients<\/li>\n<li>Communication et engagement des clients rationalis\u00e9s.<\/li>\n<\/ul>\n","protected":false},"excerpt":{"rendered":"<p>D\u00e9couvrez la solution compl\u00e8te \u00e0 vos besoins de gestion des clients avec les informations de Bookly Client. Cet outil puissant offre un moyen transparent de stocker et de g\u00e9rer toutes les donn\u00e9es client essentielles pour votre entreprise. Avec une interface facile \u00e0 naviguer, vous pouvez acc\u00e9der sans effort aux coordonn\u00e9es, \u00e0 l&rsquo;historique de r\u00e9servation, aux paiements, etc. Cet outil riche en fonctionnalit\u00e9s poss\u00e8de une multitude d&rsquo;avantages, notamment le stockage de donn\u00e9es s\u00e9curis\u00e9, l&rsquo;organisation efficace et la communication rationalis\u00e9e. Il est con\u00e7u pour permettre aux entreprises de mieux comprendre leurs clients, de favoriser des relations plus fortes et de stimuler les ventes. Alors pourquoi attendre? Optimisez votre strat\u00e9gie de gestion de la client\u00e8le avec Bookly Customer Information d\u00e8s aujourd&rsquo;hui.<\/p>\n","protected":false},"featured_media":143275,"comment_status":"open","ping_status":"open","template":"","meta":[],"product_brand":[2435],"product_cat":[1189,1181,1186],"product_tag":[1231],"class_list":{"0":"post-118358","1":"product","2":"type-product","3":"status-publish","4":"has-post-thumbnail","6":"product_brand-codecanyon","7":"product_cat-personnalisation","8":"product_cat-plugins","9":"product_cat-wordpress-plugins","10":"product_tag-codecanyon","11":"member-discount","12":"discount-restricted","14":"first","15":"instock","16":"sale","17":"downloadable","18":"virtual","19":"sold-individually","20":"purchasable","21":"product-type-simple"},"_links":{"self":[{"href":"https:\/\/gpl-love.com\/fr\/wp-json\/wp\/v2\/product\/118358","targetHints":{"allow":["GET"]}}],"collection":[{"href":"https:\/\/gpl-love.com\/fr\/wp-json\/wp\/v2\/product"}],"about":[{"href":"https:\/\/gpl-love.com\/fr\/wp-json\/wp\/v2\/types\/product"}],"replies":[{"embeddable":true,"href":"https:\/\/gpl-love.com\/fr\/wp-json\/wp\/v2\/comments?post=118358"}],"wp:featuredmedia":[{"embeddable":true,"href":"https:\/\/gpl-love.com\/fr\/wp-json\/wp\/v2\/media\/143275"}],"wp:attachment":[{"href":"https:\/\/gpl-love.com\/fr\/wp-json\/wp\/v2\/media?parent=118358"}],"wp:term":[{"taxonomy":"product_brand","embeddable":true,"href":"https:\/\/gpl-love.com\/fr\/wp-json\/wp\/v2\/product_brand?post=118358"},{"taxonomy":"product_cat","embeddable":true,"href":"https:\/\/gpl-love.com\/fr\/wp-json\/wp\/v2\/product_cat?post=118358"},{"taxonomy":"product_tag","embeddable":true,"href":"https:\/\/gpl-love.com\/fr\/wp-json\/wp\/v2\/product_tag?post=118358"}],"curies":[{"name":"wp","href":"https:\/\/api.w.org\/{rel}","templated":true}]}}