{"id":118356,"date":"2025-11-14T00:00:00","date_gmt":"2025-11-13T23:00:00","guid":{"rendered":"https:\/\/gpl-love.com\/fr\/produit\/bookly-stripe\/"},"modified":"2026-03-20T22:57:07","modified_gmt":"2026-03-20T21:57:07","slug":"bookly-stripe","status":"publish","type":"product","link":"https:\/\/gpl-love.com\/fr\/produit\/bookly-stripe\/","title":{"rendered":"Bookly Stripe 4.8"},"content":{"rendered":"<h3>Bookly Stripe Traits<\/h3>\n<p>Bookly Stripe, un outil en ligne robuste, a \u00e9t\u00e9 sp\u00e9cialement con\u00e7u pour g\u00e9rer et traiter efficacement les paiements pour les entreprises. Il sert de solution id\u00e9ale pour les entreprises qui d\u00e9pendent fortement des paiements en ligne pour leurs services ou produits offerts. En int\u00e9grant parfaitement le syst\u00e8me de paiement fourni par Bookly Stripe sur votre site Web ou votre application, vous pouvez accepter sans effort et en toute s\u00e9curit\u00e9 les paiements de vos pr\u00e9cieux clients. Cet outil remarquable offre non seulement une interface simpliste et conviviale pour g\u00e9rer efficacement toutes vos informations de facturation, mais elle vous permet \u00e9galement de g\u00e9n\u00e9rer et d&rsquo;administrer sans effort des factures, des abonnements et des remboursements. De plus, Bookly Stripe fournit un \u00e9ventail de fonctionnalit\u00e9s avanc\u00e9es telles que la facturation automatique, la gestion des clients et les formulaires de paiement personnalis\u00e9s, qui contribuent tous \u00e0 rationaliser votre processus de paiement. Ainsi, compte tenu de ses caract\u00e9ristiques exemplaires, il est \u00e9vident que Bookly Stripe sert de choix tr\u00e8s louable pour les entreprises visant \u00e0 optimiser leur syst\u00e8me de paiement et \u00e0 am\u00e9liorer l&rsquo;exp\u00e9rience client.<\/p>\n<ul>\n<li>Int\u00e9gration transparente entre Bookly et Stripe Payment Traitement<\/li>\n<li>Permet aux entreprises d&rsquo;accepter facilement les paiements par carte de cr\u00e9dit pour les rendez-vous<\/li>\n<li>Mesures de s\u00e9curit\u00e9 avanc\u00e9es pour prot\u00e9ger les informations sensibles des clients<\/li>\n<li>Formulaires de paiement personnalisables pour r\u00e9pondre \u00e0 la marque et aux besoins de chaque entreprise<\/li>\n<li>Synchronise les paiements automatiquement avec le syst\u00e8me de planification de rendez-vous de Bookly<\/li>\n<li>Possibilit\u00e9 de facturer automatiquement aux clients des rendez-vous ou des annulations sans pr\u00e9sentation en fonction des politiques de l&rsquo;entreprise<\/li>\n<li>Rapports et analyses en temps r\u00e9el pour suivre les paiements et les revenus<\/li>\n<li>Flexibilit\u00e9 pour accepter les paiements de plusieurs devises et pays<\/li>\n<li>Option pour les clients pour enregistrer leurs informations de paiement pour de futures rendez-vous.<\/li>\n<\/ul>\n","protected":false},"excerpt":{"rendered":"<p>Bookly Stripe est un plugin premium qui s&rsquo;int\u00e8gre de mani\u00e8re transparente \u00e0 l&rsquo;application Bookly Pro, offrant une plate-forme tr\u00e8s efficace et s\u00e9curis\u00e9e pour les paiements en ligne. Il permet \u00e0 vos clients de faire des transactions sans effort en utilisant leurs cartes de cr\u00e9dit, ce qui en fait un outil indispensable pour les entreprises qui cherchent \u00e0 am\u00e9liorer la commodit\u00e9 de leur client et \u00e0 augmenter les ventes. Avec Bookly Stripe, vous obtiendrez \u00e9galement une interface facile \u00e0 utiliser qui prend en charge les paiements r\u00e9currents, garantissant que vos clients peuvent souscrire facilement \u00e0 vos services. L&rsquo;un des principaux avantages est ses caract\u00e9ristiques de s\u00e9curit\u00e9 sup\u00e9rieures, qui prot\u00e8gent les donn\u00e9es sensibles et offrent la tranquillit\u00e9 d&rsquo;esprit aux entreprises et aux clients. Stimulez la croissance de votre entreprise avec Bookly Stripe, la solution ultime pour les paiements en ligne simples, s\u00e9curis\u00e9s et sans tracas.<\/p>\n","protected":false},"featured_media":143295,"comment_status":"open","ping_status":"open","template":"","meta":[],"product_brand":[2435],"product_cat":[1189,1181,1186],"product_tag":[1231],"class_list":{"0":"post-118356","1":"product","2":"type-product","3":"status-publish","4":"has-post-thumbnail","6":"product_brand-codecanyon","7":"product_cat-personnalisation","8":"product_cat-plugins","9":"product_cat-wordpress-plugins","10":"product_tag-codecanyon","11":"member-discount","12":"discount-restricted","14":"first","15":"instock","16":"sale","17":"downloadable","18":"virtual","19":"sold-individually","20":"purchasable","21":"product-type-simple"},"_links":{"self":[{"href":"https:\/\/gpl-love.com\/fr\/wp-json\/wp\/v2\/product\/118356","targetHints":{"allow":["GET"]}}],"collection":[{"href":"https:\/\/gpl-love.com\/fr\/wp-json\/wp\/v2\/product"}],"about":[{"href":"https:\/\/gpl-love.com\/fr\/wp-json\/wp\/v2\/types\/product"}],"replies":[{"embeddable":true,"href":"https:\/\/gpl-love.com\/fr\/wp-json\/wp\/v2\/comments?post=118356"}],"wp:featuredmedia":[{"embeddable":true,"href":"https:\/\/gpl-love.com\/fr\/wp-json\/wp\/v2\/media\/143295"}],"wp:attachment":[{"href":"https:\/\/gpl-love.com\/fr\/wp-json\/wp\/v2\/media?parent=118356"}],"wp:term":[{"taxonomy":"product_brand","embeddable":true,"href":"https:\/\/gpl-love.com\/fr\/wp-json\/wp\/v2\/product_brand?post=118356"},{"taxonomy":"product_cat","embeddable":true,"href":"https:\/\/gpl-love.com\/fr\/wp-json\/wp\/v2\/product_cat?post=118356"},{"taxonomy":"product_tag","embeddable":true,"href":"https:\/\/gpl-love.com\/fr\/wp-json\/wp\/v2\/product_tag?post=118356"}],"curies":[{"name":"wp","href":"https:\/\/api.w.org\/{rel}","templated":true}]}}