{"id":118355,"date":"2025-11-14T00:00:00","date_gmt":"2025-11-13T23:00:00","guid":{"rendered":"https:\/\/gpl-love.com\/fr\/produit\/bookly-recurring-appointments\/"},"modified":"2026-03-20T22:57:00","modified_gmt":"2026-03-20T21:57:00","slug":"bookly-recurring-appointments","status":"publish","type":"product","link":"https:\/\/gpl-love.com\/fr\/produit\/bookly-recurring-appointments\/","title":{"rendered":"Bookly Recurring Appointments 6.6"},"content":{"rendered":"<h3>Bookly Recurring Appointments Traits<\/h3>\n<p>L&rsquo;application connue sous le nom de l&rsquo;application de rendez-vous r\u00e9currente en ligne est un outil incroyablement puissant et efficace qui r\u00e9pond aux besoins de diverses entreprises qui recherchent des moyens de rationaliser et d&rsquo;am\u00e9liorer leur processus de planification de rendez-vous. Offrant un large \u00e9ventail de fonctionnalit\u00e9s et de fonctionnalit\u00e9s, cette application permet aux utilisateurs d&rsquo;\u00e9tablir facilement et sans effort des rendez-vous r\u00e9currents pour leurs clients estim\u00e9s, \u00e9liminant ainsi compl\u00e8tement la n\u00e9cessit\u00e9 d&rsquo;une planification manuelle et de r\u00e9duction consid\u00e9rablement du risque potentiel associ\u00e9 aux doubles r\u00e9servations. Offrant un degr\u00e9 \u00e9lev\u00e9 de flexibilit\u00e9 et d&rsquo;adaptabilit\u00e9, les utilisateurs ont la possibilit\u00e9 de personnaliser pleinement l&rsquo;application pour r\u00e9pondre \u00e0 leurs besoins et pr\u00e9f\u00e9rences sp\u00e9cifiques. Cela comprend la possibilit\u00e9 d&rsquo;\u00e9tablir des intervalles de rendez-vous, de d\u00e9finir les types de rendez-vous qui sont adapt\u00e9s \u00e0 leurs besoins uniques, et m\u00eame de fixer des rappels en temps opportun pour les clients et les membres du personnel. En outre, l&rsquo;application poss\u00e8de un syst\u00e8me de rapports complet et approfondi, offrant aux entreprises des informations inestimables et une analyse d\u00e9taill\u00e9e de leurs tendances de planification de rendez-vous et de leurs performances globales. Par cons\u00e9quent, il est tout \u00e0 fait clair que l&rsquo;application de rendez-vous r\u00e9currente en faveur est une solution tr\u00e8s efficace et digne de confiance qui s&rsquo;adresse aux entreprises de toutes tailles et les aide \u00e0 optimiser leur processus de planification de rendez-vous pour atteindre une productivit\u00e9 et une efficacit\u00e9 maximales.<\/p>\n<ul>\n<li>Application facile \u00e0 utiliser pour la planification et la gestion des rendez-vous r\u00e9currents.<\/li>\n<li>Automatisez votre processus de planification pour des rendez-vous hebdomadaires, bihebdomadaires ou mensuels.<\/li>\n<li>De nombreuses options de personnalisation pour r\u00e9pondre \u00e0 vos besoins de planification uniques.<\/li>\n<li>Compatible avec plusieurs plates-formes et appareils diff\u00e9rentes, y compris WordPress.<\/li>\n<li>Fournit des rappels et des notifications aux clients et aux membres du personnel.<\/li>\n<li>Simplifie vos t\u00e2ches administratives en g\u00e9rant vos r\u00e9servations et rendez-vous dans un endroit central.<\/li>\n<li>Offre une interface conviviale que pratiquement n&rsquo;importe qui peut naviguer facilement.<\/li>\n<li>Acc\u00e8s au support client selon les besoins.<\/li>\n<li>Aide \u00e0 am\u00e9liorer la fid\u00e9lisation et la fid\u00e9lit\u00e9 des clients avec une planification de rendez-vous coh\u00e9rente et fiable.<\/li>\n<\/ul>\n","protected":false},"excerpt":{"rendered":"<p>D\u00e9couvrez la commodit\u00e9 comme jamais auparavant avec des rendez-vous r\u00e9currents. Cette application innovante permet une planification et un reprogrammation faciles des rendez-vous, en vous assurant de ne jamais manquer une r\u00e9union ou un \u00e9v\u00e9nement important. Avec son interface conviviale, vous pouvez d\u00e9finir des rendez-vous r\u00e9currents en quelques clics. L&rsquo;application propose \u00e9galement des notifications pour les rendez-vous \u00e0 venir, vous gardant organis\u00e9 et sur la bonne voie. De plus, avec sa protection de donn\u00e9es s\u00e9curis\u00e9e, vos informations sont toujours s\u00fbres. Les rendez-vous r\u00e9currents \u00e0 Bookly sont id\u00e9aux pour les professionnels occup\u00e9s et les personnes qui appr\u00e9cient l&rsquo;efficacit\u00e9 et la fiabilit\u00e9. D\u00e9couvrez le bonheur de la planification transparente avec Bookly aujourd&rsquo;hui!<\/p>\n","protected":false},"featured_media":143290,"comment_status":"open","ping_status":"open","template":"","meta":[],"product_brand":[2435],"product_cat":[1189,1181,1186],"product_tag":[1231],"class_list":{"0":"post-118355","1":"product","2":"type-product","3":"status-publish","4":"has-post-thumbnail","6":"product_brand-codecanyon","7":"product_cat-personnalisation","8":"product_cat-plugins","9":"product_cat-wordpress-plugins","10":"product_tag-codecanyon","11":"member-discount","12":"discount-restricted","14":"first","15":"instock","16":"sale","17":"downloadable","18":"virtual","19":"sold-individually","20":"purchasable","21":"product-type-simple"},"_links":{"self":[{"href":"https:\/\/gpl-love.com\/fr\/wp-json\/wp\/v2\/product\/118355","targetHints":{"allow":["GET"]}}],"collection":[{"href":"https:\/\/gpl-love.com\/fr\/wp-json\/wp\/v2\/product"}],"about":[{"href":"https:\/\/gpl-love.com\/fr\/wp-json\/wp\/v2\/types\/product"}],"replies":[{"embeddable":true,"href":"https:\/\/gpl-love.com\/fr\/wp-json\/wp\/v2\/comments?post=118355"}],"wp:featuredmedia":[{"embeddable":true,"href":"https:\/\/gpl-love.com\/fr\/wp-json\/wp\/v2\/media\/143290"}],"wp:attachment":[{"href":"https:\/\/gpl-love.com\/fr\/wp-json\/wp\/v2\/media?parent=118355"}],"wp:term":[{"taxonomy":"product_brand","embeddable":true,"href":"https:\/\/gpl-love.com\/fr\/wp-json\/wp\/v2\/product_brand?post=118355"},{"taxonomy":"product_cat","embeddable":true,"href":"https:\/\/gpl-love.com\/fr\/wp-json\/wp\/v2\/product_cat?post=118355"},{"taxonomy":"product_tag","embeddable":true,"href":"https:\/\/gpl-love.com\/fr\/wp-json\/wp\/v2\/product_tag?post=118355"}],"curies":[{"name":"wp","href":"https:\/\/api.w.org\/{rel}","templated":true}]}}