{"id":118354,"date":"2023-07-21T00:00:00","date_gmt":"2023-07-20T22:00:00","guid":{"rendered":"https:\/\/gpl-love.com\/fr\/produit\/bookly-custom-duration-addon\/"},"modified":"2026-03-20T22:56:44","modified_gmt":"2026-03-20T21:56:44","slug":"bookly-custom-duration-addon","status":"publish","type":"product","link":"https:\/\/gpl-love.com\/fr\/produit\/bookly-custom-duration-addon\/","title":{"rendered":"Bookly Custom Duration Addon 2.7"},"content":{"rendered":"<h3>Bookly Custom Duration Addon Traits<\/h3>\n<p>L&rsquo;addon de dur\u00e9e de la dur\u00e9e de personnalit\u00e9 se r\u00e9v\u00e8le \u00eatre un outil extr\u00eamement avantageux pour les individus \u00e0 la recherche d&rsquo;une exp\u00e9rience de r\u00e9servation qui peut \u00eatre personnalis\u00e9e \u00e0 leur go\u00fbt. En int\u00e9grant cet addon dans leur syst\u00e8me, les utilisateurs ont la commodit\u00e9 de sp\u00e9cifier la dur\u00e9e de leurs rendez-vous, leur accordant ainsi un niveau d&rsquo;autonomie am\u00e9lior\u00e9 par rapport \u00e0 leurs propres horaires. Cette caract\u00e9ristique particuli\u00e8re contient une immense valeur pour les prestataires de services op\u00e9rant dans des industries dans lesquelles la dur\u00e9e des services rendus peut varier consid\u00e9rablement, comme des \u00e9tablissements comme les studios de yoga, les stations de spa et les salons de coiffure. En outre, il convient de noter que cet addon est enti\u00e8rement personnalisable, permettant ainsi aux entreprises d&rsquo;adapter et d&rsquo;adapter l&rsquo;exp\u00e9rience de r\u00e9servation pour s&rsquo;aligner parfaitement avec leurs exigences uniques. Par cons\u00e9quent, il devient clairement clair que l&rsquo;addon de dur\u00e9e de dur\u00e9e \u00e0 la ligne est un outil indispensable pour toute entreprise qui cherche \u00e0 rationaliser son processus de r\u00e9servation et \u00e0 fournir \u00e0 sa client\u00e8le une norme \u00e9lev\u00e9e de satisfaction de la client\u00e8le.<\/p>\n<ul>\n<li>Permet aux utilisateurs de d\u00e9finir des dur\u00e9es personnalis\u00e9es pour leurs rendez-vous dans Bookly<\/li>\n<li>Offre \u00e0 la flexibilit\u00e9 aux entreprises des dur\u00e9es de rendez-vous variables<\/li>\n<li>Gagnez du temps en ajustant automatiquement le calendrier de r\u00e9servation en fonction de la dur\u00e9e personnalis\u00e9e<\/li>\n<li>Facile \u00e0 installer et \u00e0 utiliser dans le plugin Bookly<\/li>\n<li>Peut \u00eatre utilis\u00e9 pour tout service offert dans le syst\u00e8me bookmack<\/li>\n<li>Aide les entreprises \u00e0 mieux g\u00e9rer leur horaire et \u00e0 maximiser leur productivit\u00e9<\/li>\n<li>Offre une option pratique pour les clients qui peuvent avoir besoin de rendez-vous plus ou plus courts que la dur\u00e9e standard<\/li>\n<li>Compatible avec les derni\u00e8res versions de Bookly et WordPress<\/li>\n<li>Comprend des mises \u00e0 jour gratuites et un soutien de l&rsquo;\u00e9quipe Bookly<\/li>\n<li>Options de prix abordables pour les petites et grandes entreprises.<\/li>\n<\/ul>\n","protected":false},"excerpt":{"rendered":"<p>D\u00e9couvrez un nouveau niveau de commodit\u00e9 de planification avec notre addon \u00e0 dur\u00e9e de sur mesure. Cet outil intelligent permet une flexibilit\u00e9 maximale dans la gestion de votre temps et de vos rendez-vous, vous permettant d&rsquo;ajuster la dur\u00e9e de chaque service en fonction de vos besoins sp\u00e9cifiques. Ne plus li\u00e9 par des plages horaires rigides, vous pouvez d\u00e9sormais accueillir plus de clients et augmenter l&rsquo;efficacit\u00e9. L&rsquo;addine est facile \u00e0 installer et \u00e0 int\u00e9grer dans votre configuration de livre existante. Il dispose \u00e9galement d&rsquo;une interface intuitive qui simplifie le processus de personnalisation des dur\u00e9es de service. Profitez de la planification transparente comme jamais auparavant avec l&rsquo;addon de dur\u00e9e personnalis\u00e9.<\/p>\n","protected":false},"featured_media":143272,"comment_status":"open","ping_status":"open","template":"","meta":[],"product_brand":[2435],"product_cat":[1189,1181,1186],"product_tag":[1231],"class_list":{"0":"post-118354","1":"product","2":"type-product","3":"status-publish","4":"has-post-thumbnail","6":"product_brand-codecanyon","7":"product_cat-personnalisation","8":"product_cat-plugins","9":"product_cat-wordpress-plugins","10":"product_tag-codecanyon","11":"member-discount","12":"discount-restricted","14":"first","15":"instock","16":"sale","17":"downloadable","18":"virtual","19":"sold-individually","20":"purchasable","21":"product-type-simple"},"_links":{"self":[{"href":"https:\/\/gpl-love.com\/fr\/wp-json\/wp\/v2\/product\/118354","targetHints":{"allow":["GET"]}}],"collection":[{"href":"https:\/\/gpl-love.com\/fr\/wp-json\/wp\/v2\/product"}],"about":[{"href":"https:\/\/gpl-love.com\/fr\/wp-json\/wp\/v2\/types\/product"}],"replies":[{"embeddable":true,"href":"https:\/\/gpl-love.com\/fr\/wp-json\/wp\/v2\/comments?post=118354"}],"wp:featuredmedia":[{"embeddable":true,"href":"https:\/\/gpl-love.com\/fr\/wp-json\/wp\/v2\/media\/143272"}],"wp:attachment":[{"href":"https:\/\/gpl-love.com\/fr\/wp-json\/wp\/v2\/media?parent=118354"}],"wp:term":[{"taxonomy":"product_brand","embeddable":true,"href":"https:\/\/gpl-love.com\/fr\/wp-json\/wp\/v2\/product_brand?post=118354"},{"taxonomy":"product_cat","embeddable":true,"href":"https:\/\/gpl-love.com\/fr\/wp-json\/wp\/v2\/product_cat?post=118354"},{"taxonomy":"product_tag","embeddable":true,"href":"https:\/\/gpl-love.com\/fr\/wp-json\/wp\/v2\/product_tag?post=118354"}],"curies":[{"name":"wp","href":"https:\/\/api.w.org\/{rel}","templated":true}]}}