{"id":118353,"date":"2023-02-21T00:00:00","date_gmt":"2023-02-20T23:00:00","guid":{"rendered":"https:\/\/gpl-love.com\/fr\/produit\/bookly-compound-services-addon\/"},"modified":"2026-03-20T22:56:43","modified_gmt":"2026-03-20T21:56:43","slug":"bookly-compound-services-addon","status":"publish","type":"product","link":"https:\/\/gpl-love.com\/fr\/produit\/bookly-compound-services-addon\/","title":{"rendered":"Bookly Compound Services Addon 3.6"},"content":{"rendered":"<h3>Bookly Compound Services Addon Traits<\/h3>\n<p>L&rsquo;addon de services Bookly Compound se pr\u00e9sente comme un outil inestimable et puissant qui am\u00e9liore et rationalise efficacement les processus de r\u00e9servation de rendez-vous. Avec l&rsquo;inclusion de cet addon, les entreprises ont la possibilit\u00e9 de g\u00e9n\u00e9rer et de superviser sans effort des services complexes qui exigent l&rsquo;utilisation de plusieurs \u00e9tapes ou ressources. Ce plugin, abondant en fonctionnalit\u00e9s, offre aux entreprises la possibilit\u00e9 d&rsquo;individualiser leurs services, d&rsquo;\u00e9tablir des structures de tarification et de recevoir de mani\u00e8re approfondie les paiements en ligne. En outre, cet addon fournit une interface facilement navigable et compr\u00e9hensible pour les clients, facilitant la r\u00e9servation et le paiement des services, cultivant ainsi une exp\u00e9rience \u00e0 la fois rapide et efficace. D&rsquo;une mani\u00e8re g\u00e9n\u00e9rale, l&rsquo;addon de services \u00e0 compos\u00e9 en ligne sert une entreprise tr\u00e8s avantageuse et valable pour les entreprises visant \u00e0 optimiser leurs proc\u00e9dures de r\u00e9servation de rendez-vous tout en am\u00e9liorant simultan\u00e9ment le contentement des clients.<\/p>\n<ul>\n<li>Permet aux clients de r\u00e9server plusieurs services dans un seul rendez-vous<\/li>\n<li>Fournit un processus de r\u00e9servation pratique et efficace pour les clients et les entreprises<\/li>\n<li>Facile \u00e0 configurer et \u00e0 int\u00e9grer au plugin bookly<\/li>\n<li>Offre une flexibilit\u00e9 dans les options de planification et de tarification pour diff\u00e9rentes combinaisons de services<\/li>\n<li>Gave le temps et \u00e9limine la n\u00e9cessit\u00e9 pour les clients de r\u00e9server plusieurs rendez-vous<\/li>\n<li>Am\u00e9liore l&rsquo;exp\u00e9rience client et la satisfaction en rationalisant le processus de r\u00e9servation de services<\/li>\n<li>Augmente le potentiel des revenus en permettant aux entreprises d&rsquo;offrir des forfaits et des promotions<\/li>\n<li>Fournit des analyses et des donn\u00e9es perspicaces sur le comportement et les pr\u00e9f\u00e9rences de la r\u00e9servation des clients<\/li>\n<li>Compatible avec plusieurs passerelles de paiement pour les transactions s\u00e9curis\u00e9es et pratiques<\/li>\n<li>Livr\u00e9 avec un support client d\u00e9di\u00e9 et des mises \u00e0 jour r\u00e9guli\u00e8res pour des performances optimales.<\/li>\n<\/ul>\n","protected":false},"excerpt":{"rendered":"<p>D\u00e9couvrez la commodit\u00e9 et l&rsquo;efficacit\u00e9 de l&rsquo;addon de services compos\u00e9s en ligne. Cet outil remarquable est con\u00e7u pour les particuliers et les entreprises qui n\u00e9cessitent une planification de services transparente. Il offre une flexibilit\u00e9 in\u00e9gal\u00e9e, vous permettant de combiner diff\u00e9rents services dans une seule r\u00e9servation. Cela signifie que les clients peuvent r\u00e9server plusieurs services en une seule fois, ce qui permet d&rsquo;\u00e9conomiser du temps et de fournir une exp\u00e9rience transparente. L&rsquo;addition propose \u00e9galement une interface conviviale, ce qui facilite la navigation et la gestion des r\u00e9servations. En utilisant l&rsquo;addon de services Bookly Compound, vous pouvez rationaliser vos processus de planification de services, augmenter la satisfaction du client et, finalement, stimuler la croissance de l&rsquo;entreprise.<\/p>\n","protected":false},"featured_media":143270,"comment_status":"open","ping_status":"open","template":"","meta":[],"product_brand":[2435],"product_cat":[1189,1181,1186],"product_tag":[1231],"class_list":{"0":"post-118353","1":"product","2":"type-product","3":"status-publish","4":"has-post-thumbnail","6":"product_brand-codecanyon","7":"product_cat-personnalisation","8":"product_cat-plugins","9":"product_cat-wordpress-plugins","10":"product_tag-codecanyon","11":"member-discount","12":"discount-restricted","14":"first","15":"instock","16":"sale","17":"downloadable","18":"virtual","19":"sold-individually","20":"purchasable","21":"product-type-simple"},"_links":{"self":[{"href":"https:\/\/gpl-love.com\/fr\/wp-json\/wp\/v2\/product\/118353","targetHints":{"allow":["GET"]}}],"collection":[{"href":"https:\/\/gpl-love.com\/fr\/wp-json\/wp\/v2\/product"}],"about":[{"href":"https:\/\/gpl-love.com\/fr\/wp-json\/wp\/v2\/types\/product"}],"replies":[{"embeddable":true,"href":"https:\/\/gpl-love.com\/fr\/wp-json\/wp\/v2\/comments?post=118353"}],"wp:featuredmedia":[{"embeddable":true,"href":"https:\/\/gpl-love.com\/fr\/wp-json\/wp\/v2\/media\/143270"}],"wp:attachment":[{"href":"https:\/\/gpl-love.com\/fr\/wp-json\/wp\/v2\/media?parent=118353"}],"wp:term":[{"taxonomy":"product_brand","embeddable":true,"href":"https:\/\/gpl-love.com\/fr\/wp-json\/wp\/v2\/product_brand?post=118353"},{"taxonomy":"product_cat","embeddable":true,"href":"https:\/\/gpl-love.com\/fr\/wp-json\/wp\/v2\/product_cat?post=118353"},{"taxonomy":"product_tag","embeddable":true,"href":"https:\/\/gpl-love.com\/fr\/wp-json\/wp\/v2\/product_tag?post=118353"}],"curies":[{"name":"wp","href":"https:\/\/api.w.org\/{rel}","templated":true}]}}