{"id":118352,"date":"2026-02-26T00:00:00","date_gmt":"2026-02-25T23:00:00","guid":{"rendered":"https:\/\/gpl-love.com\/fr\/produit\/bookly-customer-cabinet-addon\/"},"modified":"2026-03-20T22:56:47","modified_gmt":"2026-03-20T21:56:47","slug":"bookly-customer-cabinet-addon","status":"publish","type":"product","link":"https:\/\/gpl-love.com\/fr\/produit\/bookly-customer-cabinet-addon\/","title":{"rendered":"Bookly Customer Cabinet Addon 6.7"},"content":{"rendered":"<h3>Bookly Customer Cabinet Addon Traits<\/h3>\n<p>L&rsquo;addon de cabinet client Bookly, un outil robuste et formidable, permet aux entreprises de augmenter l&rsquo;exp\u00e9rience client en les dominant d&rsquo;une armoire exclusive et d\u00e9di\u00e9e. Cet addon remarquable fournit aux clients la possibilit\u00e9 de parcourir et de se plonger dans leur historique de r\u00e9servation, de g\u00e9rer et d&rsquo;administrer habilement leurs rendez-vous, et de modifier et de modifier efficacement leurs informations personnelles, tous harmonieusement consolid\u00e9s dans un emplacement singulier et facilement accessible. Pas exclusivement cette caract\u00e9ristique avantageuse \u00e9conomise le temps pr\u00e9cieux des clients, mais il facilite en outre les entreprises pour rationaliser et optimiser leurs proc\u00e9dures op\u00e9rationnelles, favorisant finalement la fid\u00e9lit\u00e9 in\u00e9branlable et ferme. En vertu de l&rsquo;addon de cabinet de client\u00e8le Bookly, les entreprises peuvent offrir sans \u00e9quivoque l&rsquo;exp\u00e9rience de r\u00e9servation primordiale et in\u00e9gal\u00e9e \u00e0 leur client\u00e8le estim\u00e9e, engendrant un cycle de patronage durable et durable.<\/p>\n<ul>\n<li>Permet aux utilisateurs de cr\u00e9er et de g\u00e9rer leurs propres comptes clients dans le syst\u00e8me Bookly<\/li>\n<li>Permet une r\u00e9servation rapide et facile des rendez-vous, consulter les rendez-vous pr\u00e9c\u00e9dents et apporter des modifications aux r\u00e9servations existantes<\/li>\n<li>Fournit une interface conviviale \u00e0 la fois simple et intuitive \u00e0 utiliser<\/li>\n<li>Hautement personnalisable, avec une gamme d&rsquo;options pour les param\u00e8tres de marque, de langue et d&rsquo;affichage<\/li>\n<li>Offre des fonctionnalit\u00e9s de s\u00e9curit\u00e9 am\u00e9lior\u00e9es pour prot\u00e9ger les donn\u00e9es des utilisateurs et assurer la confidentialit\u00e9 des utilisateurs<\/li>\n<li>Enti\u00e8rement compatible avec la derni\u00e8re version de Bookly, assurant une int\u00e9gration transparente et des performances optimales<\/li>\n<li>Offre un excellent support et des mises \u00e0 jour r\u00e9guli\u00e8res pour assurer la meilleure exp\u00e9rience possible pour les utilisateurs.<\/li>\n<\/ul>\n","protected":false},"excerpt":{"rendered":"<p>Am\u00e9liorez votre exp\u00e9rience client avec l&rsquo;addon de cabinet client Bookly. Cet ajout riche en fonctionnalit\u00e9s \u00e0 votre site Web permet aux utilisateurs de g\u00e9rer facilement leurs profils, leurs rendez-vous et leurs paiements. Avec l&rsquo;addon de la cabinet client, vous pouvez accorder \u00e0 vos clients un contr\u00f4le total sur leurs r\u00e9servations. Ils peuvent afficher et mettre \u00e0 jour les informations personnelles, examiner l&rsquo;historique des rendez-vous, reprogrammer ou annuler les r\u00e9servations et m\u00eame effectuer des paiements en ligne s\u00e9curis\u00e9s. Cet outil puissamment int\u00e9gr\u00e9 et convivial gagne du temps, r\u00e9duit la charge de travail administrative et augmente la satisfaction du client. Id\u00e9al pour les entreprises de toutes tailles, l&rsquo;addon de cabinet de client\u00e8le Bookly est la solution parfaite pour rationaliser votre syst\u00e8me de r\u00e9servation et \u00e9lever votre service client. Transformez vos op\u00e9rations commerciales avec cet addition intuitif, efficace et centr\u00e9 sur le client.<\/p>\n","protected":false},"featured_media":143274,"comment_status":"open","ping_status":"open","template":"","meta":[],"product_brand":[2435],"product_cat":[1189,1181,1186],"product_tag":[1231],"class_list":{"0":"post-118352","1":"product","2":"type-product","3":"status-publish","4":"has-post-thumbnail","6":"product_brand-codecanyon","7":"product_cat-personnalisation","8":"product_cat-plugins","9":"product_cat-wordpress-plugins","10":"product_tag-codecanyon","11":"member-discount","12":"discount-restricted","14":"first","15":"instock","16":"sale","17":"downloadable","18":"virtual","19":"sold-individually","20":"purchasable","21":"product-type-simple"},"_links":{"self":[{"href":"https:\/\/gpl-love.com\/fr\/wp-json\/wp\/v2\/product\/118352","targetHints":{"allow":["GET"]}}],"collection":[{"href":"https:\/\/gpl-love.com\/fr\/wp-json\/wp\/v2\/product"}],"about":[{"href":"https:\/\/gpl-love.com\/fr\/wp-json\/wp\/v2\/types\/product"}],"replies":[{"embeddable":true,"href":"https:\/\/gpl-love.com\/fr\/wp-json\/wp\/v2\/comments?post=118352"}],"wp:featuredmedia":[{"embeddable":true,"href":"https:\/\/gpl-love.com\/fr\/wp-json\/wp\/v2\/media\/143274"}],"wp:attachment":[{"href":"https:\/\/gpl-love.com\/fr\/wp-json\/wp\/v2\/media?parent=118352"}],"wp:term":[{"taxonomy":"product_brand","embeddable":true,"href":"https:\/\/gpl-love.com\/fr\/wp-json\/wp\/v2\/product_brand?post=118352"},{"taxonomy":"product_cat","embeddable":true,"href":"https:\/\/gpl-love.com\/fr\/wp-json\/wp\/v2\/product_cat?post=118352"},{"taxonomy":"product_tag","embeddable":true,"href":"https:\/\/gpl-love.com\/fr\/wp-json\/wp\/v2\/product_tag?post=118352"}],"curies":[{"name":"wp","href":"https:\/\/api.w.org\/{rel}","templated":true}]}}