{"id":118351,"date":"2025-11-17T00:00:00","date_gmt":"2025-11-16T23:00:00","guid":{"rendered":"https:\/\/gpl-love.com\/fr\/produit\/bookly-files-addon\/"},"modified":"2026-03-20T22:56:49","modified_gmt":"2026-03-20T21:56:49","slug":"bookly-files-addon","status":"publish","type":"product","link":"https:\/\/gpl-love.com\/fr\/produit\/bookly-files-addon\/","title":{"rendered":"Bookly Files Addon 3.9"},"content":{"rendered":"<h3>Bookly Files Addon Traits<\/h3>\n<p>Les fichiers Bookly Addon, un outil tr\u00e8s indispensable pour les personnes \u00e0 la recherche de gestion efficace de leur rendez-vous et de leurs fichiers li\u00e9s \u00e0 la r\u00e9servation, est un addon puissant qui offre aux utilisateurs la possibilit\u00e9 de t\u00e9l\u00e9charger, de stocker et de g\u00e9rer efficacement divers types de fichiers, y compris, mais sans limiter aux contrats, dossiers m\u00e9dicaux et factures, le tout dans les limites du syst\u00e8me Bookly. En utilisant cet outil robuste, les utilisateurs peuvent attacher sans effort des fichiers \u00e0 des rendez-vous sp\u00e9cifiques, facilitant ainsi la surveillance transparente des informations vitales et des documents critiques. De plus, le fichier Bookly File Addon s&rsquo;int\u00e8gre sans effort dans n&rsquo;importe quel syst\u00e8me Bookly, augmentant ainsi la fonctionnalit\u00e9 globale et l&rsquo;efficacit\u00e9 du processus de r\u00e9servation. Que vous soyez un propri\u00e9taire d&rsquo;entreprise ou un d\u00e9sir individuel de rationaliser votre gestion de rendez-vous, investir dans l&rsquo;addon de fichiers Bookly serait une d\u00e9cision exemplaire qui vous fera non seulement gagner un temps pr\u00e9cieux, mais aussi am\u00e9liorer l&rsquo;organisation globale de vos affaires.<\/p>\n<ul>\n<li>Int\u00e9grez de mani\u00e8re transparente des documents importants dans votre syst\u00e8me de planification de livret<\/li>\n<li>Classez et acc\u00e9dez facilement aux fichiers clients, aux notes de rendez-vous et \u00e0 d&rsquo;autres informations importantes<\/li>\n<li>Augmenter la productivit\u00e9 et gagner du temps en ayant tous les fichiers n\u00e9cessaires dans un seul emplacement centralis\u00e9<\/li>\n<li>Conventions de d\u00e9nomination des fichiers personnalisables pour une organisation et une recherche faciles<\/li>\n<li>100% du RGPD conforme \u00e0 la confidentialit\u00e9 et \u00e0 la s\u00e9curit\u00e9 du client<\/li>\n<li>Interface simple et conviviale pour une navigation et une utilisation faciles<\/li>\n<li>Disponible pour le t\u00e9l\u00e9chargement et l&rsquo;installation imm\u00e9diats<\/li>\n<li>Mises \u00e0 jour r\u00e9guli\u00e8res et fiables pour assurer la compatibilit\u00e9 avec toutes les mises \u00e0 jour logicielles et am\u00e9liorations<\/li>\n<\/ul>\n","protected":false},"excerpt":{"rendered":"<p>L&rsquo;addition de fichiers Bookly est un outil exceptionnel con\u00e7u pour rationaliser votre syst\u00e8me de gestion de fichiers. Cet addon fournit un moyen simple et efficace de t\u00e9l\u00e9charger et de g\u00e9rer tous les types de fichiers directement \u00e0 partir de votre panneau d&rsquo;administration Bookly. Avec cet outil convivial, vous pouvez facilement attacher des fichiers \u00e0 vos profils de service, de personnel et de clients, en vous assurant que tous les documents n\u00e9cessaires sont facilement accessibles en cliquant sur un bouton. L&rsquo;addition de fichiers Bookly est un outil indispensable pour les entreprises qui cherchent \u00e0 am\u00e9liorer leur efficacit\u00e9 et leur productivit\u00e9. Ses fonctionnalit\u00e9s cl\u00e9s incluent le t\u00e9l\u00e9chargement de fichiers faciles, la gestion de fichiers transparente et le stockage de fichiers s\u00e9curis\u00e9. Cet addon vous fera non seulement gagner du temps, mais r\u00e9duira \u00e9galement le risque de perdre ou de faire mal les documents importants. C&rsquo;est un excellent investissement qui rationalisera certainement vos op\u00e9rations commerciales et am\u00e9liorera votre efficacit\u00e9 globale. Am\u00e9liorez votre syst\u00e8me de gestion de fichiers avec les fichiers Bookly Addon d\u00e8s aujourd&rsquo;hui!<\/p>\n","protected":false},"featured_media":143277,"comment_status":"open","ping_status":"open","template":"","meta":[],"product_brand":[2435],"product_cat":[1189,1181,1186],"product_tag":[1231],"class_list":{"0":"post-118351","1":"product","2":"type-product","3":"status-publish","4":"has-post-thumbnail","6":"product_brand-codecanyon","7":"product_cat-personnalisation","8":"product_cat-plugins","9":"product_cat-wordpress-plugins","10":"product_tag-codecanyon","11":"member-discount","12":"discount-restricted","14":"first","15":"instock","16":"sale","17":"downloadable","18":"virtual","19":"sold-individually","20":"purchasable","21":"product-type-simple"},"_links":{"self":[{"href":"https:\/\/gpl-love.com\/fr\/wp-json\/wp\/v2\/product\/118351","targetHints":{"allow":["GET"]}}],"collection":[{"href":"https:\/\/gpl-love.com\/fr\/wp-json\/wp\/v2\/product"}],"about":[{"href":"https:\/\/gpl-love.com\/fr\/wp-json\/wp\/v2\/types\/product"}],"replies":[{"embeddable":true,"href":"https:\/\/gpl-love.com\/fr\/wp-json\/wp\/v2\/comments?post=118351"}],"wp:featuredmedia":[{"embeddable":true,"href":"https:\/\/gpl-love.com\/fr\/wp-json\/wp\/v2\/media\/143277"}],"wp:attachment":[{"href":"https:\/\/gpl-love.com\/fr\/wp-json\/wp\/v2\/media?parent=118351"}],"wp:term":[{"taxonomy":"product_brand","embeddable":true,"href":"https:\/\/gpl-love.com\/fr\/wp-json\/wp\/v2\/product_brand?post=118351"},{"taxonomy":"product_cat","embeddable":true,"href":"https:\/\/gpl-love.com\/fr\/wp-json\/wp\/v2\/product_cat?post=118351"},{"taxonomy":"product_tag","embeddable":true,"href":"https:\/\/gpl-love.com\/fr\/wp-json\/wp\/v2\/product_tag?post=118351"}],"curies":[{"name":"wp","href":"https:\/\/api.w.org\/{rel}","templated":true}]}}