{"id":118337,"date":"2026-04-07T00:00:00","date_gmt":"2026-04-06T22:00:00","guid":{"rendered":"https:\/\/gpl-love.com\/fr\/produit\/woocommerce-square-payment-gateway\/"},"modified":"2026-04-08T00:30:53","modified_gmt":"2026-04-07T22:30:53","slug":"woocommerce-square-payment-gateway","status":"publish","type":"product","link":"https:\/\/gpl-love.com\/fr\/produit\/woocommerce-square-payment-gateway\/","title":{"rendered":"WooCommerce Square Payment Gateway 5.3.2"},"content":{"rendered":"<h3>WooCommerce Square Payment Gateway Traits<\/h3>\n<p>La passerelle de paiement Square WooCommerce se pr\u00e9sente comme un outil formidable et robuste, qui permet aux entreprises en leur fournissant un moyen transparent et fortifi\u00e9 de traiter les paiements via leur site Web WooCommerce. En exploitant les capacit\u00e9s de cette solution de paiement, les clients ont le privil\u00e8ge d&rsquo;utiliser leurs cartes de cr\u00e9dit ou de d\u00e9bit pour effectuer des achats, tandis que les commer\u00e7ants sont \u00e0 l&rsquo;aise sachant que leurs transactions subissent un processus de sauvegarde m\u00e9ticuleux et invuln\u00e9rable. L&rsquo;int\u00e9gration avec le syst\u00e8me de traitement des paiements de Square solidifie davantage l&rsquo;efficacit\u00e9 de cette passerelle, garantissant l&rsquo;ach\u00e8vement rapide et efficace des transactions, tout en veillant \u00e0 ce que les fonds acquis sont d\u00e9pos\u00e9s rapidement et directement dans le compte du marchand. De plus, la passerelle de paiement WooCommerce Square poss\u00e8de une myriade d&rsquo;options de personnalisation, facilitant ainsi la couture sans effort de l&rsquo;exp\u00e9rience de paiement pour s&rsquo;aligner impeccablement sur les conditions uniques de votre entreprise. Que vous soyez une startup \u00e0 petite \u00e9chelle en plein essor ou un g\u00e9ant de l&rsquo;entreprise tentaculaire, cette solution de paiement assume sans aucun doute le statut d&rsquo;un actif indispensable, capable de r\u00e9volutionner et d&rsquo;optimiser les efforts de traitement de votre entreprise, ce qui a finalement abouti \u00e0 une am\u00e9lioration notable de la position financi\u00e8re de votre entreprise de votre entreprise. .<\/p>\n<ul>\n<li>Int\u00e8gre de mani\u00e8re transparente le traitement des paiements carr\u00e9s dans votre boutique en ligne WooCommerce<\/li>\n<li>Permet aux clients de payer les produits et services avec des cartes de cr\u00e9dit, des cartes de d\u00e9bit et des options de paiement mobile<\/li>\n<li>Synchronise automatiquement les transactions de paiement entre Square et WooCommerce pour un suivi et une gestion faciles<\/li>\n<li>Fournit un environnement de traitement de paiement s\u00e9curis\u00e9 et conforme \u00e0 PCI pour vos clients<\/li>\n<li>R\u00e9duit les frais de traitement des paiements avec les prix comp\u00e9titifs de Square<\/li>\n<li>Offre un processus de paiement simplifi\u00e9 qui am\u00e9liore l&rsquo;exp\u00e9rience client et augmente les ventes<\/li>\n<li>Fournit un traitement de paiement en temps r\u00e9el qui garantit une ex\u00e9cution rapide des commandes<\/li>\n<li>Permet des options de paiement flexibles, y compris les paiements partiels et les paiements partag\u00e9s<\/li>\n<li>Offre un formulaire de paiement personnalisable qui correspond \u00e0 la conception de votre boutique WooCommerce<\/li>\n<\/ul>\n","protected":false},"excerpt":{"rendered":"<p>La passerelle de paiement WooCommerce Square est un plugin de traitement des paiements extr\u00eamement fiable et remarquablement s\u00e9curis\u00e9 qui offre aux entreprises en ligne la capacit\u00e9 inestimable \u00e0 accepter les paiements non seulement par carte de cr\u00e9dit mais \u00e9galement divers autres modes de paiement. En int\u00e9grant de mani\u00e8re transparente avec WooCommerce, ce plugin exceptionnel pr\u00e9sente aux clients une exp\u00e9rience de paiement in\u00e9gal\u00e9e \u00e0 la fois efficace et sans effort. De plus, les commer\u00e7ants peuvent superviser facilement les transactions et acc\u00e9der sans effort \u00e0 acc\u00e9der aux donn\u00e9es de vente \u00e0 partir d&rsquo;un seul centre centralis\u00e9, am\u00e9liorant ainsi l&rsquo;efficacit\u00e9 op\u00e9rationnelle et acc\u00e9l\u00e9rant les processus de prise de d\u00e9cision. La mise en \u0153uvre de mesures solides pour la d\u00e9tection et la pr\u00e9vention des fraudes fortifie encore cette passerelle de paiement, assurant la plus grande s\u00e9curit\u00e9 et la s\u00e9curit\u00e9 pour les commer\u00e7ants et les clients. Faites avancer une foul\u00e9e monumentale dans votre entreprise de commerce \u00e9lectronique en incorporant la passerelle de paiement WooCommerce Square incomparable dans votre arsenal d&rsquo;outils commerciaux.<\/p>\n","protected":false},"featured_media":146039,"comment_status":"open","ping_status":"open","template":"","meta":[],"product_brand":[2440],"product_cat":[1182,1401,1181],"product_tag":[1398],"class_list":{"0":"post-118337","1":"product","2":"type-product","3":"status-publish","4":"has-post-thumbnail","6":"product_brand-woocommerce","7":"product_cat-commerce-electronique-plugins","8":"product_cat-paiement-commerce-electronique-plugins","9":"product_cat-plugins","10":"product_tag-woocommerce","11":"member-discount","12":"discount-restricted","14":"first","15":"instock","16":"sale","17":"downloadable","18":"virtual","19":"sold-individually","20":"purchasable","21":"product-type-simple"},"_links":{"self":[{"href":"https:\/\/gpl-love.com\/fr\/wp-json\/wp\/v2\/product\/118337","targetHints":{"allow":["GET"]}}],"collection":[{"href":"https:\/\/gpl-love.com\/fr\/wp-json\/wp\/v2\/product"}],"about":[{"href":"https:\/\/gpl-love.com\/fr\/wp-json\/wp\/v2\/types\/product"}],"replies":[{"embeddable":true,"href":"https:\/\/gpl-love.com\/fr\/wp-json\/wp\/v2\/comments?post=118337"}],"wp:featuredmedia":[{"embeddable":true,"href":"https:\/\/gpl-love.com\/fr\/wp-json\/wp\/v2\/media\/146039"}],"wp:attachment":[{"href":"https:\/\/gpl-love.com\/fr\/wp-json\/wp\/v2\/media?parent=118337"}],"wp:term":[{"taxonomy":"product_brand","embeddable":true,"href":"https:\/\/gpl-love.com\/fr\/wp-json\/wp\/v2\/product_brand?post=118337"},{"taxonomy":"product_cat","embeddable":true,"href":"https:\/\/gpl-love.com\/fr\/wp-json\/wp\/v2\/product_cat?post=118337"},{"taxonomy":"product_tag","embeddable":true,"href":"https:\/\/gpl-love.com\/fr\/wp-json\/wp\/v2\/product_tag?post=118337"}],"curies":[{"name":"wp","href":"https:\/\/api.w.org\/{rel}","templated":true}]}}