{"id":118321,"date":"2025-12-28T00:00:00","date_gmt":"2025-12-27T23:00:00","guid":{"rendered":"https:\/\/gpl-love.com\/fr\/produit\/easy-digital-downloads-simple-shipping\/"},"modified":"2026-03-20T23:02:28","modified_gmt":"2026-03-20T22:02:28","slug":"easy-digital-downloads-simple-shipping","status":"publish","type":"product","link":"https:\/\/gpl-love.com\/fr\/produit\/easy-digital-downloads-simple-shipping\/","title":{"rendered":"Easy Digital Downloads Simple Shipping 2.5.2"},"content":{"rendered":"<h3>Easy Digital Downloads Simple Shipping Traits<\/h3>\n<p>Les t\u00e9l\u00e9chargements num\u00e9riques faciles simples est un plugin indispensable qui est essentiel pour les propri\u00e9taires de magasins en ligne qui souhaitent g\u00e9rer sans effort leurs politiques d&rsquo;exp\u00e9dition. Ce plugin remarquable vous permet d&rsquo;\u00e9tablir de mani\u00e8re transparente les tarifs d&rsquo;exp\u00e9dition pour vos produits, en tenant compte du poids et de la destination. De plus, ce plugin englobe une interface intuitive qui vous permet de g\u00e9n\u00e9rer sans effort des r\u00e8gles d&rsquo;exp\u00e9dition qui correspondent \u00e0 vos exigences sp\u00e9cifiques. Une flexibilit\u00e9 impressionnante est fournie, vous permettant de configurer des tarifs d&rsquo;exp\u00e9dition pour des zones distinctes, des pays et m\u00eame des \u00c9tats individuels. De plus, le plugin poss\u00e8de une pl\u00e9thore de fonctionnalit\u00e9s de pointe suppl\u00e9mentaires, y compris l&rsquo;int\u00e9gration transparente de l&rsquo;impression et du suivi des \u00e9tiquettes d&rsquo;exp\u00e9dition. En incorporant des t\u00e9l\u00e9chargements num\u00e9riques faciles dans votre boutique en ligne, vous pouvez acc\u00e9l\u00e9rer et affiner vos proc\u00e9dures d&rsquo;exp\u00e9dition, aboutissant \u00e0 une exp\u00e9rience d&rsquo;achat am\u00e9lior\u00e9e et sans pr\u00e9c\u00e9dent pour votre client\u00e8le estim\u00e9e.<\/p>\n<ul>\n<li>Rationalise le processus d&rsquo;exp\u00e9dition des magasins en ligne \u00e0 l&rsquo;aide de t\u00e9l\u00e9chargements num\u00e9riques faciles<\/li>\n<li>Configurez facilement les options d&rsquo;exp\u00e9dition, les tarifs et les r\u00e8gles<\/li>\n<li>S&rsquo;int\u00e8gre parfaitement aux transporteurs populaires tels que USPS, UPS et FedEx<\/li>\n<li>\u00c9tiquettes d&rsquo;exp\u00e9dition personnalisables et feuillets d&#8217;emballage avec marque de l&rsquo;entreprise<\/li>\n<li>Envoi automatique des informations de suivi aux clients<\/li>\n<li>Compatibilit\u00e9 avec les addons EDD pour les fonctionnalit\u00e9s d&rsquo;exp\u00e9dition \u00e9tendues<\/li>\n<li>Documentation compl\u00e8te et support pour une configuration et un d\u00e9pannage faciles<\/li>\n<li>Interface simple et conviviale pour g\u00e9rer tous les besoins d&rsquo;exp\u00e9dition en un seul endroit<\/li>\n<\/ul>\n","protected":false},"excerpt":{"rendered":"<p>Les t\u00e9l\u00e9chargements num\u00e9riques faciles simples est un plugin tr\u00e8s robuste et remarquablement convivial qui sert \u00e0 rationaliser et \u00e0 simplifier le processus d&rsquo;exp\u00e9dition complexe et souvent compliqu\u00e9 pour les produits num\u00e9riques. En se pr\u00e9voyant de cet outil inestimable, il devient sans effort possible de configurer et affiner les tarifs d&rsquo;exp\u00e9dition pour ses produits, que ce soit conform\u00e9ment \u00e0 leur poids, leur quantit\u00e9 ou leur prix, tout en se donnant simultan\u00e9ment le luxe d&rsquo;\u00e9tablir des tarifs d&rsquo;exp\u00e9dition distincts et divergents pour une myriade de pays \u00e0 travers le monde. En outre, le plugin profite d&rsquo;une vaste gamme de m\u00e9thodes d&rsquo;exp\u00e9dition diverses, englobant mais sans s&rsquo;y limiter \u00e0 des g\u00e9ants de l&rsquo;industrie fid\u00e8le tels que l&rsquo;USPS, les UPS et FedEx, garantissant ainsi une \u00e9valuation plus pr\u00e9cise et pr\u00e9cise des co\u00fbts d&rsquo;exp\u00e9dition associ\u00e9s. Embrassant le potentiel transformateur des t\u00e9l\u00e9chargements num\u00e9riques faciles \u00e0 exp\u00e9dition simple, on est \u00e9quip\u00e9 de la capacit\u00e9 singuli\u00e8re pour acc\u00e9l\u00e9rer et optimiser leur processus d&rsquo;exp\u00e9dition, engendrez ainsi non seulement des efficacit\u00e9s temporelles mais \u00e9galement des \u00e9conomies fiscales d&rsquo;une grande ampleur.<\/p>\n","protected":false},"featured_media":143646,"comment_status":"open","ping_status":"open","template":"","meta":[],"product_brand":[2523],"product_cat":[1182,1223,1181],"product_tag":[1255],"class_list":{"0":"post-118321","1":"product","2":"type-product","3":"status-publish","4":"has-post-thumbnail","6":"product_brand-easy-digital-downloads","7":"product_cat-commerce-electronique-plugins","8":"product_cat-personnalisation-commerce-electronique-plugins","9":"product_cat-plugins","10":"product_tag-easy-digital-downloads","11":"member-discount","12":"discount-restricted","14":"first","15":"instock","16":"sale","17":"downloadable","18":"virtual","19":"sold-individually","20":"purchasable","21":"product-type-simple"},"_links":{"self":[{"href":"https:\/\/gpl-love.com\/fr\/wp-json\/wp\/v2\/product\/118321","targetHints":{"allow":["GET"]}}],"collection":[{"href":"https:\/\/gpl-love.com\/fr\/wp-json\/wp\/v2\/product"}],"about":[{"href":"https:\/\/gpl-love.com\/fr\/wp-json\/wp\/v2\/types\/product"}],"replies":[{"embeddable":true,"href":"https:\/\/gpl-love.com\/fr\/wp-json\/wp\/v2\/comments?post=118321"}],"wp:featuredmedia":[{"embeddable":true,"href":"https:\/\/gpl-love.com\/fr\/wp-json\/wp\/v2\/media\/143646"}],"wp:attachment":[{"href":"https:\/\/gpl-love.com\/fr\/wp-json\/wp\/v2\/media?parent=118321"}],"wp:term":[{"taxonomy":"product_brand","embeddable":true,"href":"https:\/\/gpl-love.com\/fr\/wp-json\/wp\/v2\/product_brand?post=118321"},{"taxonomy":"product_cat","embeddable":true,"href":"https:\/\/gpl-love.com\/fr\/wp-json\/wp\/v2\/product_cat?post=118321"},{"taxonomy":"product_tag","embeddable":true,"href":"https:\/\/gpl-love.com\/fr\/wp-json\/wp\/v2\/product_tag?post=118321"}],"curies":[{"name":"wp","href":"https:\/\/api.w.org\/{rel}","templated":true}]}}