{"id":118315,"date":"2025-11-17T00:00:00","date_gmt":"2025-11-16T23:00:00","guid":{"rendered":"https:\/\/gpl-love.com\/fr\/produit\/bookly-invoices-addon\/"},"modified":"2026-03-20T22:56:52","modified_gmt":"2026-03-20T21:56:52","slug":"bookly-invoices-addon","status":"publish","type":"product","link":"https:\/\/gpl-love.com\/fr\/produit\/bookly-invoices-addon\/","title":{"rendered":"Bookly Invoices Addon 5.4"},"content":{"rendered":"<h3>Bookly Invoices Addon Traits<\/h3>\n<p>L&rsquo;Addon de factures Bookly, un outil tr\u00e8s robuste, sert d&rsquo;atout inestimable pour les utilisateurs de r\u00e9serve, facilitant la cr\u00e9ation et la transmission transparentes de factures sophistiqu\u00e9es \u00e0 leur client\u00e8le estim\u00e9e. Cet addon permet aux utilisateurs de rationaliser leurs processus de facturation, effectuant ainsi une \u00e9conomie temporelle substantielle tout en renfor\u00e7ant simultan\u00e9ment leurs flux de tr\u00e9sorerie. De plus, il offre la fourniture inestimable de la personnalisation des factures, dans laquelle les utilisateurs peuvent int\u00e9grer leur logo d&rsquo;entreprise et leur image de marque, aboutissant \u00e0 une esth\u00e9tique vraiment personnalis\u00e9e et professionnelle. En outre, l&rsquo;addition de factures Bookly pr\u00e9sente aux utilisateurs l&rsquo;occasion remarquable d&rsquo;\u00e9tablir plusieurs m\u00e9thodes de paiement, s&rsquo;adaptant ainsi aux diverses pr\u00e9f\u00e9rences de leurs clients estim\u00e9s. En outre, il pr\u00e9sente la capacit\u00e9 exceptionnelle de g\u00e9n\u00e9rer des factures r\u00e9currentes, r\u00e9pondant ainsi sans effort aux demandes r\u00e9currentes des clients fid\u00e8les. De plus, cet addon accorde aux utilisateurs la capacit\u00e9 de surveiller m\u00e9ticuleusement les paiements et de r\u00e9pondre rapidement \u00e0 toute pr\u00e9occupation persistante concernant les factures en retard. Une caract\u00e9ristique notable de l&rsquo;addon de factures Bookly est sa capacit\u00e9 \u00e0 fournir aux utilisateurs des notifications en temps opportun sur le paiement des factures, garantissant ainsi que les utilisateurs restent inform\u00e9s et au courant de leurs transactions financi\u00e8res. En outre, il offre aux utilisateurs l&rsquo;option inestimable pour exporter leurs donn\u00e9es de facturation \u00e0 des logiciels comptables pro\u00e9minents, facilitant ainsi une int\u00e9gration transparente de leurs dossiers financiers. En tant que tel, que vous vous identifiiez en tant que pigiste, propri\u00e9taire d&rsquo;une petite entreprise ou une formidable soci\u00e9t\u00e9, l&rsquo;addon de factures de Bookly repr\u00e9sente un outil indispensable pour g\u00e9rer efficacement vos exigences de facturation.<\/p>\n<ul>\n<li>Automatise la cr\u00e9ation de factures et l&rsquo;envoi pour les utilisateurs de Bookly<\/li>\n<li>Configurez facilement les mod\u00e8les de facture avec logo, coordonn\u00e9es et d\u00e9tails de paiement<\/li>\n<li>Prend en charge plusieurs devises pour la facturation mondiale<\/li>\n<li>Synchronisation avec des rendez-vous en ligne et des donn\u00e9es clients pour une facturation pr\u00e9cise<\/li>\n<li>G\u00e9n\u00e8re des rapports sur l&rsquo;\u00e9tat de la facture et l&rsquo;historique des paiements<\/li>\n<li>Stockage en toute s\u00e9curit\u00e9 les donn\u00e9es de facture pour un acc\u00e8s facile et une tenue de dossiers<\/li>\n<li>Gagnez du temps et am\u00e9liore la pr\u00e9cision de la facturation pour les utilisateurs de Bookly.<\/li>\n<\/ul>\n","protected":false},"excerpt":{"rendered":"<p>Am\u00e9liorez votre exp\u00e9rience Bookly avec les factures Bookly Addon. Cet outil est con\u00e7u pour rationaliser votre processus de facturation, ce qui facilite la g\u00e9n\u00e9ration, la gestion et la distribution des factures. Avec une interface simple et intuitive, il vous permet d&rsquo;\u00e9mettre rapidement des factures directement \u00e0 partir de votre tableau de bord Bookly. Vous pouvez personnaliser la mise en page et le contenu de vos factures en fonction des besoins de votre entreprise. Cet addon prend en charge la g\u00e9n\u00e9ration automatique des factures et l&rsquo;envoi, r\u00e9duisant le temps et les efforts requis dans la facturation manuelle. Il vous permet \u00e9galement de suivre l&rsquo;\u00e9tat de paiement de toutes les factures en temps r\u00e9el. L&rsquo;addition de factures Bookly est un outil essentiel pour les entreprises qui cherchent \u00e0 am\u00e9liorer leur efficacit\u00e9 de facturation et leur professionnalisme. Mettez \u00e0 niveau aujourd&rsquo;hui et ressentez les avantages de la facturation transparente.<\/p>\n","protected":false},"featured_media":143280,"comment_status":"open","ping_status":"open","template":"","meta":[],"product_brand":[2435],"product_cat":[1189,1181,1186],"product_tag":[1231],"class_list":{"0":"post-118315","1":"product","2":"type-product","3":"status-publish","4":"has-post-thumbnail","6":"product_brand-codecanyon","7":"product_cat-personnalisation","8":"product_cat-plugins","9":"product_cat-wordpress-plugins","10":"product_tag-codecanyon","11":"member-discount","12":"discount-restricted","14":"first","15":"instock","16":"sale","17":"downloadable","18":"virtual","19":"sold-individually","20":"purchasable","21":"product-type-simple"},"_links":{"self":[{"href":"https:\/\/gpl-love.com\/fr\/wp-json\/wp\/v2\/product\/118315","targetHints":{"allow":["GET"]}}],"collection":[{"href":"https:\/\/gpl-love.com\/fr\/wp-json\/wp\/v2\/product"}],"about":[{"href":"https:\/\/gpl-love.com\/fr\/wp-json\/wp\/v2\/types\/product"}],"replies":[{"embeddable":true,"href":"https:\/\/gpl-love.com\/fr\/wp-json\/wp\/v2\/comments?post=118315"}],"wp:featuredmedia":[{"embeddable":true,"href":"https:\/\/gpl-love.com\/fr\/wp-json\/wp\/v2\/media\/143280"}],"wp:attachment":[{"href":"https:\/\/gpl-love.com\/fr\/wp-json\/wp\/v2\/media?parent=118315"}],"wp:term":[{"taxonomy":"product_brand","embeddable":true,"href":"https:\/\/gpl-love.com\/fr\/wp-json\/wp\/v2\/product_brand?post=118315"},{"taxonomy":"product_cat","embeddable":true,"href":"https:\/\/gpl-love.com\/fr\/wp-json\/wp\/v2\/product_cat?post=118315"},{"taxonomy":"product_tag","embeddable":true,"href":"https:\/\/gpl-love.com\/fr\/wp-json\/wp\/v2\/product_tag?post=118315"}],"curies":[{"name":"wp","href":"https:\/\/api.w.org\/{rel}","templated":true}]}}