{"id":118314,"date":"2025-11-17T00:00:00","date_gmt":"2025-11-16T23:00:00","guid":{"rendered":"https:\/\/gpl-love.com\/fr\/produit\/bookly-waiting-list-addon\/"},"modified":"2026-03-20T22:57:09","modified_gmt":"2026-03-20T21:57:09","slug":"bookly-waiting-list-addon","status":"publish","type":"product","link":"https:\/\/gpl-love.com\/fr\/produit\/bookly-waiting-list-addon\/","title":{"rendered":"Bookly Waiting List Addon 3.7"},"content":{"rendered":"<h3>Bookly Waiting List Addon Traits<\/h3>\n<p>La liste d&rsquo;attente Bookly Ways, un outil remarquablement puissant, r\u00e9pond aux besoins des entreprises qui cherchent \u00e0 maintenir l&rsquo;engagement des clients et \u00e0 les maintenir bien inform\u00e9s. En incorporant cet addon, les entreprises peuvent introduire une fonctionnalit\u00e9 de liste d&rsquo;attente, permettant \u00e0 leurs clients de s&rsquo;abonner facilement \u00e0 leurs services d\u00e8s qu&rsquo;ils sont disponibles. Par cons\u00e9quent, les entreprises peuvent mettre \u00e0 jour sans effort leurs clients sur de nouveaux rendez-vous et services, tandis que les clients peuvent exprimer de mani\u00e8re transparente leur int\u00e9r\u00eat. Gr\u00e2ce \u00e0 cet addon remarquable, la fr\u00e9quence des rendez-vous sans pr\u00e9sentation peut \u00eatre consid\u00e9rablement diminu\u00e9e, augmentant simultan\u00e9ment la probabilit\u00e9 de favoriser les affaires r\u00e9p\u00e9t\u00e9es. En outre, l&rsquo;addon de liste d&rsquo;attente Bookly Ways poss\u00e8de un processus d&rsquo;installation et d&rsquo;utilisation sans effort, ce qui en fait un choix id\u00e9al pour rester connect\u00e9 avec les clients et propulser la croissance des entreprises.<\/p>\n<ul>\n<li>Permet aux clients de rejoindre une liste d&rsquo;attente lorsque les rendez-vous sont enti\u00e8rement r\u00e9serv\u00e9s<\/li>\n<li>Fournit une notification automatique aux clients lorsque les rendez-vous deviennent disponibles<\/li>\n<li>Les administrateurs peuvent g\u00e9rer la liste d&rsquo;attente et ajouter manuellement les clients aux rendez-vous existants<\/li>\n<li>Mod\u00e8les de messagerie personnalisables pour les notifications des clients<\/li>\n<li>Int\u00e9gration facile dans le syst\u00e8me de r\u00e9servation de rendez-vous en ligne existant<\/li>\n<li>Rationalise le processus de r\u00e9servation et r\u00e9duit la frustration des clients caus\u00e9e par des rendez-vous indisponibles<\/li>\n<li>Augmente l&rsquo;engagement et la fid\u00e9lit\u00e9 des clients en offrant une exp\u00e9rience personnalis\u00e9e<\/li>\n<li>\u00c9conomise du temps et des ressources pour les entreprises en g\u00e9rant efficacement les listes d&rsquo;attente et en remplissant les annulations<\/li>\n<\/ul>\n","protected":false},"excerpt":{"rendered":"<p>G\u00e9rez vos rendez-vous efficacement avec l&rsquo;addon de liste d&rsquo;attente Bookly. Cet outil puissant vous permet de cr\u00e9er et de g\u00e9rer une liste d&rsquo;attente pour votre entreprise, en vous assurant de ne jamais manquer une opportunit\u00e9 de servir vos clients. Il est simple \u00e0 utiliser et s&rsquo;int\u00e8gre parfaitement au syst\u00e8me de r\u00e9servation de rendez-vous Bookly Pro. Avec l&rsquo;addition de liste d&rsquo;attente Bookly, vous pouvez facilement ajouter des clients \u00e0 une liste d&rsquo;attente lorsque votre horaire est complet et remplir automatiquement toutes les annulations ou non-pr\u00e9sentations. Cela r\u00e9duit les temps d&rsquo;arr\u00eat et augmente la satisfaction des clients en minimisant les temps d&rsquo;attente. De plus, c&rsquo;est un excellent moyen de g\u00e9rer la demande des clients et de garder votre livre de rendez-vous plein. Alors pourquoi attendre? Am\u00e9liorez votre efficacit\u00e9 commerciale avec l&rsquo;addon de liste d&rsquo;attente Bookly.<\/p>\n","protected":false},"featured_media":143298,"comment_status":"open","ping_status":"open","template":"","meta":[],"product_brand":[2435],"product_cat":[1189,1181,1186],"product_tag":[1231],"class_list":{"0":"post-118314","1":"product","2":"type-product","3":"status-publish","4":"has-post-thumbnail","6":"product_brand-codecanyon","7":"product_cat-personnalisation","8":"product_cat-plugins","9":"product_cat-wordpress-plugins","10":"product_tag-codecanyon","11":"member-discount","12":"discount-restricted","14":"first","15":"instock","16":"sale","17":"downloadable","18":"virtual","19":"sold-individually","20":"purchasable","21":"product-type-simple"},"_links":{"self":[{"href":"https:\/\/gpl-love.com\/fr\/wp-json\/wp\/v2\/product\/118314","targetHints":{"allow":["GET"]}}],"collection":[{"href":"https:\/\/gpl-love.com\/fr\/wp-json\/wp\/v2\/product"}],"about":[{"href":"https:\/\/gpl-love.com\/fr\/wp-json\/wp\/v2\/types\/product"}],"replies":[{"embeddable":true,"href":"https:\/\/gpl-love.com\/fr\/wp-json\/wp\/v2\/comments?post=118314"}],"wp:featuredmedia":[{"embeddable":true,"href":"https:\/\/gpl-love.com\/fr\/wp-json\/wp\/v2\/media\/143298"}],"wp:attachment":[{"href":"https:\/\/gpl-love.com\/fr\/wp-json\/wp\/v2\/media?parent=118314"}],"wp:term":[{"taxonomy":"product_brand","embeddable":true,"href":"https:\/\/gpl-love.com\/fr\/wp-json\/wp\/v2\/product_brand?post=118314"},{"taxonomy":"product_cat","embeddable":true,"href":"https:\/\/gpl-love.com\/fr\/wp-json\/wp\/v2\/product_cat?post=118314"},{"taxonomy":"product_tag","embeddable":true,"href":"https:\/\/gpl-love.com\/fr\/wp-json\/wp\/v2\/product_tag?post=118314"}],"curies":[{"name":"wp","href":"https:\/\/api.w.org\/{rel}","templated":true}]}}