{"id":118313,"date":"2025-11-17T00:00:00","date_gmt":"2025-11-16T23:00:00","guid":{"rendered":"https:\/\/gpl-love.com\/fr\/produit\/bookly-cart-addon\/"},"modified":"2026-03-20T22:56:41","modified_gmt":"2026-03-20T21:56:41","slug":"bookly-cart-addon","status":"publish","type":"product","link":"https:\/\/gpl-love.com\/fr\/produit\/bookly-cart-addon\/","title":{"rendered":"Bookly Cart Addon 3.4"},"content":{"rendered":"<h3>Bookly Cart Addon Traits<\/h3>\n<p>Le Cart Addon Bookly, un outil indispensable pour les entreprises engag\u00e9 dans l&rsquo;offre de services de r\u00e9servation et de nomination en ligne, sert d&rsquo;instrument fondamental pour faciliter la fusion transparente de plusieurs services en un seul panier, permettant ainsi aux clients de finaliser sans effort leurs r\u00e9servations. Cet addon innovant, caract\u00e9ris\u00e9 par son interface hautement intuitive, permet aux clients la possibilit\u00e9 de parcourir facilement une vaste gamme de services disponibles, leur permettant par la suite de s\u00e9lectionner les options les plus pertinentes avant de passer \u00e0 l&rsquo;\u00e9tape de paiement. En outre, l&rsquo;addon offre \u00e9galement aux entreprises la possibilit\u00e9 d&rsquo;inciter les clients gr\u00e2ce \u00e0 la fourniture de remises et de promotions attrayantes, favorisant ainsi un environnement propice \u00e0 la r\u00e9servation de services suppl\u00e9mentaires. Par cons\u00e9quent, avec l&rsquo;int\u00e9gration de l&rsquo;addon de panier Bookly, les entreprises peuvent optimiser et rationaliser l&rsquo;ensemble de leur processus de r\u00e9servation, culminant dans des chiffres de vente augment\u00e9s et un niveau am\u00e9lior\u00e9 de satisfaction du client.<\/p>\n<ul>\n<li>S&rsquo;int\u00e8gre de mani\u00e8re transparente \u00e0 votre syst\u00e8me de r\u00e9servation de rendez-vous en faveur \u00e0 offrir en ligne et personnalis\u00e9s pour vos clients<\/li>\n<li>Rationalise le processus de paiement et augmente les conversions avec les d\u00e9tails des produits personnalisables, les prix et les remises<\/li>\n<li>Vous permet de cr\u00e9er des cat\u00e9gories de produits flexibles et des options de modules compl\u00e9mentaires pour offrir des produits et services plus personnalis\u00e9s<\/li>\n<li>Permet des int\u00e9grations de paiement direct avec PayPal, Stripe ou d&rsquo;autres processeurs de paiement de votre choix<\/li>\n<li>Fournit un historique de commandes d\u00e9taill\u00e9 et des informations sur les clients pour un suivi facile et des strat\u00e9gies de marketing efficaces<\/li>\n<li>Gave le temps et am\u00e9liore la satisfaction du client avec les confirmations et rappels de courriels automatis\u00e9s pour les r\u00e9servations et les commandes<\/li>\n<li>Offre une interface conviviale avec des options de glisser-d\u00e9poser simples pour la personnalisation des produits et des cat\u00e9gories<\/li>\n<li>Fournit un support client fiable et complet et des mises \u00e0 jour en cours pour assurer une impl\u00e9mentation r\u00e9ussie et des performances optimales.<\/li>\n<\/ul>\n","protected":false},"excerpt":{"rendered":"<p>L&rsquo;addon de panier Bookly est une mise \u00e0 niveau essentielle pour toute librairie en ligne. Il offre une exp\u00e9rience utilisateur am\u00e9lior\u00e9e, permettant aux clients de s\u00e9lectionner plusieurs articles et services avant de passer \u00e0 la caisse. Ce processus rationalis\u00e9 et efficace permet de gagner du temps et encourage les commandes plus importantes. L&rsquo;addon de panier Bookly est \u00e9galement facile \u00e0 int\u00e9grer avec votre site Web existant, ce qui en fait un ajout transparent \u00e0 votre entreprise en ligne. Avec son interface conviviale, cet addon aide \u00e0 am\u00e9liorer la satisfaction des clients en offrant une exp\u00e9rience d&rsquo;achat sans effort. Que ce soit des livres, des livres \u00e9lectroniques ou des livres audio, le Cart Addon Bookly Cart est votre solution pr\u00e9f\u00e9r\u00e9e pour stimuler les ventes et am\u00e9liorer la fonctionnalit\u00e9 de votre librairie en ligne.<\/p>\n","protected":false},"featured_media":143268,"comment_status":"open","ping_status":"open","template":"","meta":[],"product_brand":[2435],"product_cat":[1189,1181,1186],"product_tag":[1231],"class_list":{"0":"post-118313","1":"product","2":"type-product","3":"status-publish","4":"has-post-thumbnail","6":"product_brand-codecanyon","7":"product_cat-personnalisation","8":"product_cat-plugins","9":"product_cat-wordpress-plugins","10":"product_tag-codecanyon","11":"member-discount","12":"discount-restricted","14":"first","15":"instock","16":"sale","17":"downloadable","18":"virtual","19":"sold-individually","20":"purchasable","21":"product-type-simple"},"_links":{"self":[{"href":"https:\/\/gpl-love.com\/fr\/wp-json\/wp\/v2\/product\/118313","targetHints":{"allow":["GET"]}}],"collection":[{"href":"https:\/\/gpl-love.com\/fr\/wp-json\/wp\/v2\/product"}],"about":[{"href":"https:\/\/gpl-love.com\/fr\/wp-json\/wp\/v2\/types\/product"}],"replies":[{"embeddable":true,"href":"https:\/\/gpl-love.com\/fr\/wp-json\/wp\/v2\/comments?post=118313"}],"wp:featuredmedia":[{"embeddable":true,"href":"https:\/\/gpl-love.com\/fr\/wp-json\/wp\/v2\/media\/143268"}],"wp:attachment":[{"href":"https:\/\/gpl-love.com\/fr\/wp-json\/wp\/v2\/media?parent=118313"}],"wp:term":[{"taxonomy":"product_brand","embeddable":true,"href":"https:\/\/gpl-love.com\/fr\/wp-json\/wp\/v2\/product_brand?post=118313"},{"taxonomy":"product_cat","embeddable":true,"href":"https:\/\/gpl-love.com\/fr\/wp-json\/wp\/v2\/product_cat?post=118313"},{"taxonomy":"product_tag","embeddable":true,"href":"https:\/\/gpl-love.com\/fr\/wp-json\/wp\/v2\/product_tag?post=118313"}],"curies":[{"name":"wp","href":"https:\/\/api.w.org\/{rel}","templated":true}]}}