{"id":118312,"date":"2025-12-04T00:00:00","date_gmt":"2025-12-03T23:00:00","guid":{"rendered":"https:\/\/gpl-love.com\/fr\/produit\/bookly-multisite-addon\/"},"modified":"2026-03-20T22:56:56","modified_gmt":"2026-03-20T21:56:56","slug":"bookly-multisite-addon","status":"publish","type":"product","link":"https:\/\/gpl-love.com\/fr\/produit\/bookly-multisite-addon\/","title":{"rendered":"Bookly Multisite Addon 3.3"},"content":{"rendered":"<h3>Bookly Multisite Addon Traits<\/h3>\n<p>L&rsquo;addon multisite Bookly, un outil tr\u00e8s indispensable adapt\u00e9 aux entreprises op\u00e9rant sur plusieurs emplacements ou franchises, joue un r\u00f4le central dans la facilitation des op\u00e9rations transparentes. En consolidant tous les rendez-vous, le personnel et les informations des clients dans un centre centralis\u00e9, ce compl\u00e9ment robuste simplifie la t\u00e2che ardue de surveiller vos activit\u00e9s commerciales. B\u00e9n\u00e9ficiant d&rsquo;un \u00e9ventail de fonctionnalit\u00e9s de pointe telles que la synchronisation automatique des rendez-vous dans tous les emplacements et la possibilit\u00e9 d&rsquo;allouer des membres du personnel \u00e0 des sites sp\u00e9cifiques, l&rsquo;addon multisite Bookly rationalise votre processus de planification, garantissant que chaque client re\u00e7oit un niveau de service toujours exceptionnel, quel que soit le niveau de service, quel que soit le niveau de service, quel que soit le niveau de service, quel que soit le niveau de service, quel que soit le niveau de service, quel que soit votre client, quel que soit votre client toujours exceptionnel, quels leur emplacement choisi. De plus, l&rsquo;interface conviviale et la conception intuitive du module compl\u00e9mentaire le rendent sans effort navigable et hautement personnalisable, ce qui lui permet de s&rsquo;adapter et de r\u00e9pondre aux exigences uniques de votre entreprise, quelle que soit son \u00e9chelle. Que vous vous retrouviez \u00e0 la t\u00eate d&rsquo;une entreprise \u00e0 petite \u00e9chelle ou d&rsquo;une entit\u00e9 d&rsquo;entreprise tentaculaire, l&rsquo;addon multisite Bookly sert de solution par excellence, vous permettant de g\u00e9rer efficacement les rendez-vous et de propulser la croissance exponentielle de votre \u00e9tablissement estim\u00e9.<\/p>\n<ul>\n<li>Permet aux propri\u00e9taires de multisite WordPress de g\u00e9rer les r\u00e9servations sur plusieurs sites Web<\/li>\n<li>Tableau de bord centralis\u00e9 pour un contr\u00f4le facile et un aper\u00e7u de toutes les r\u00e9servations<\/li>\n<li>Personnaliser les param\u00e8tres de r\u00e9servation par site ou dans le monde sur tous les sites<\/li>\n<li>Permet le partage des ressources et le personnel entre les sites<\/li>\n<li>Int\u00e9gration avec des passerelles de paiement populaires pour les transactions en ligne sans couture<\/li>\n<li>Synchronisation automatique des donn\u00e9es sur tous les sites pour \u00e9viter toute duplication de donn\u00e9es ou conflit<\/li>\n<li>Prise en charge multi-langues pour les publics mondiaux<\/li>\n<li>Processus d&rsquo;installation et de configuration facile<\/li>\n<li>Mises \u00e0 jour r\u00e9guli\u00e8res et soutien aux am\u00e9liorations et r\u00e9solution des probl\u00e8mes en cours.<\/li>\n<\/ul>\n","protected":false},"excerpt":{"rendered":"<p>L&rsquo;addon multisite Bookly est un outil innovant con\u00e7u pour am\u00e9liorer vos capacit\u00e9s de r\u00e9servation en ligne sur plusieurs sites. Cet addon permet la planification rationalis\u00e9e, la gestion des rendez-vous et le service client. Les principales caract\u00e9ristiques de cet outil comprennent un calendrier de rendez-vous int\u00e9gr\u00e9, une interface de r\u00e9servation facile \u00e0 utiliser et des options de gestion avanc\u00e9es. Avec l&rsquo;addon multisite Bookly, vous pouvez g\u00e9rer les r\u00e9servations \u00e0 partir de nombreux sites dans un endroit centralis\u00e9, vous faisant gagner du temps et des ressources. Il propose \u00e9galement un syst\u00e8me de notification automatis\u00e9, garantissant que vous et vos clients \u00eates toujours \u00e0 jour avec leurs rendez-vous. Cet outil est un actif inestimable pour toute entreprise qui cherche \u00e0 simplifier et \u00e0 optimiser son processus de r\u00e9servation sur plusieurs sites.<\/p>\n","protected":false},"featured_media":143284,"comment_status":"open","ping_status":"open","template":"","meta":[],"product_brand":[2435],"product_cat":[1189,1181,1186],"product_tag":[1231],"class_list":{"0":"post-118312","1":"product","2":"type-product","3":"status-publish","4":"has-post-thumbnail","6":"product_brand-codecanyon","7":"product_cat-personnalisation","8":"product_cat-plugins","9":"product_cat-wordpress-plugins","10":"product_tag-codecanyon","11":"member-discount","12":"discount-restricted","14":"first","15":"instock","16":"sale","17":"downloadable","18":"virtual","19":"sold-individually","20":"purchasable","21":"product-type-simple"},"_links":{"self":[{"href":"https:\/\/gpl-love.com\/fr\/wp-json\/wp\/v2\/product\/118312","targetHints":{"allow":["GET"]}}],"collection":[{"href":"https:\/\/gpl-love.com\/fr\/wp-json\/wp\/v2\/product"}],"about":[{"href":"https:\/\/gpl-love.com\/fr\/wp-json\/wp\/v2\/types\/product"}],"replies":[{"embeddable":true,"href":"https:\/\/gpl-love.com\/fr\/wp-json\/wp\/v2\/comments?post=118312"}],"wp:featuredmedia":[{"embeddable":true,"href":"https:\/\/gpl-love.com\/fr\/wp-json\/wp\/v2\/media\/143284"}],"wp:attachment":[{"href":"https:\/\/gpl-love.com\/fr\/wp-json\/wp\/v2\/media?parent=118312"}],"wp:term":[{"taxonomy":"product_brand","embeddable":true,"href":"https:\/\/gpl-love.com\/fr\/wp-json\/wp\/v2\/product_brand?post=118312"},{"taxonomy":"product_cat","embeddable":true,"href":"https:\/\/gpl-love.com\/fr\/wp-json\/wp\/v2\/product_cat?post=118312"},{"taxonomy":"product_tag","embeddable":true,"href":"https:\/\/gpl-love.com\/fr\/wp-json\/wp\/v2\/product_tag?post=118312"}],"curies":[{"name":"wp","href":"https:\/\/api.w.org\/{rel}","templated":true}]}}