{"id":118311,"date":"2021-09-28T00:00:00","date_gmt":"2021-09-27T22:00:00","guid":{"rendered":"https:\/\/gpl-love.com\/fr\/produit\/bookly-taxes\/"},"modified":"2026-03-20T22:57:08","modified_gmt":"2026-03-20T21:57:08","slug":"bookly-taxes","status":"publish","type":"product","link":"https:\/\/gpl-love.com\/fr\/produit\/bookly-taxes\/","title":{"rendered":"Bookly Taxes 2.7"},"content":{"rendered":"<h3>Bookly Taxes Traits<\/h3>\n<p>Bookly Taxes est un logiciel de pr\u00e9paration des imp\u00f4ts tr\u00e8s avanc\u00e9e et sophistiqu\u00e9 qui a \u00e9t\u00e9 m\u00e9ticuleusement con\u00e7u pour fournir aux individus et aux petites entreprises un niveau de commodit\u00e9 et d&rsquo;efficacit\u00e9 in\u00e9gal\u00e9 lorsqu&rsquo;il s&rsquo;agit de d\u00e9poser leurs imp\u00f4ts. Ce logiciel exceptionnel dispose d&rsquo;une vaste gamme de fonctionnalit\u00e9s de pointe, y compris la possibilit\u00e9 remarquable d&rsquo;importer automatiquement des donn\u00e9es, garantissant que les utilisateurs peuvent rationaliser sans effort leur processus de d\u00e9claration de taxe. De plus, Bookly Taxes est fi\u00e8re de sa pr\u00e9cision et de sa pr\u00e9cision in\u00e9gal\u00e9es, gr\u00e2ce \u00e0 ses calculs de pointe et \u00e0 ses contr\u00f4les d&rsquo;erreur en temps r\u00e9el. Il est r\u00e9volu le temps de s&rsquo;inqui\u00e9ter de faire des erreurs ou de n\u00e9gliger les d\u00e9tails cruciaux, car ce logiciel r\u00e9volutionnaire garantit que les utilisateurs d\u00e9posent leurs imp\u00f4ts avec la plus grande pr\u00e9cision et ponctualit\u00e9.<\/p>\n<p>Non seulement les taxes \u00e0 l&rsquo;\u00e2me font des imp\u00f4ts en \u00e9tat de fisc, mais il offre \u00e9galement aux utilisateurs l&rsquo;avantage unique de suivre sans effort leurs d\u00e9penses, d\u00e9ductions et cr\u00e9dits. Cette fonctionnalit\u00e9 inestimable permet aux particuliers et aux petites entreprises de g\u00e9rer efficacement leurs finances et d&rsquo;optimiser leurs d\u00e9clarations de revenus. De plus, Bookly Taxes permet aux utilisateurs de g\u00e9n\u00e9rer sans effort des rapports d\u00e9taill\u00e9s, leur fournissant ainsi un aper\u00e7u complet de leur statut financier.<\/p>\n<p>Dans le monde au rythme rapide d&rsquo;aujourd&rsquo;hui, le temps est de l&rsquo;essence, et les taxes en faveur de Bookly garantissent que les utilisateurs peuvent produire leurs d\u00e9clarations de revenus \u00e9lectroniquement, \u00e9liminant les tracas et les inconv\u00e9nients du d\u00e9p\u00f4t de papier traditionnel. Cette fonctionnalit\u00e9 de pointe permet aux utilisateurs de soumettre de mani\u00e8re transparente leurs d\u00e9clarations de revenus en quelques clics, ce qui les permet de pr\u00e9cieux temps et efforts.<\/p>\n<p>En outre, l&rsquo;une des fonctionnalit\u00e9s exceptionnelles des taxes en ligne est son engagement in\u00e9branlable \u00e0 fournir aux utilisateurs des conseils et un soutien d&rsquo;experts tout au long du processus de pr\u00e9paration des imp\u00f4ts. Que les utilisateurs aient des situations fiscales compliqu\u00e9es ou aient simplement besoin d&rsquo;aide \u00e0 naviguer dans le logiciel, Bookly Taxes est consacr\u00e9e \u00e0 la prestation d&rsquo;un service client de premier ordre et \u00e0 une exp\u00e9rience de d\u00e9claration de revenus sans stress.<\/p>\n<p>En conclusion, Bookly Taxes est la solution ultime pour les particuliers et les petites entreprises \u00e0 la recherche d&rsquo;une exp\u00e9rience de d\u00e9claration de revenus sans couture et sans tracas. Avec sa gamme de fonctionnalit\u00e9s in\u00e9gal\u00e9es, y compris l&rsquo;importation automatis\u00e9e de donn\u00e9es, les calculs pr\u00e9cis, les v\u00e9rifications d&rsquo;erreur en temps r\u00e9el, le suivi des d\u00e9penses, la g\u00e9n\u00e9ration de rapports, le d\u00e9p\u00f4t \u00e9lectronique et les conseils d&rsquo;experts, ce logiciel exceptionnel est sans aucun doute le choix incontournable pour tous ceux qui cherchent \u00e0 simplifier et optimiser leur processus de d\u00e9claration de taxe.<\/p>\n<ul>\n<li>Un guide complet de pr\u00e9paration des imp\u00f4ts pour les particuliers et les propri\u00e9taires de petites entreprises<\/li>\n<li>Couvre un large \u00e9ventail de sujets d&rsquo;imp\u00f4t, y compris des d\u00e9ductions, des cr\u00e9dits et des exemptions<\/li>\n<li>Comprend des instructions \u00e9tape par \u00e9tape sur la fa\u00e7on de produire des taxes, ainsi que des conseils et strat\u00e9gies utiles<\/li>\n<li>\u00c9crit dans un langage simple et facile \u00e0 comprendre accessible \u00e0 tous les lecteurs<\/li>\n<li>Fournit des exemples et des \u00e9tudes de cas r\u00e9els pour illustrer les concepts et sc\u00e9narios cl\u00e9s<\/li>\n<li>Offre des conseils sur la fa\u00e7on d&rsquo;\u00e9viter les pi\u00e8ges et les erreurs fiscales courantes<\/li>\n<li>Fonctionne des conseils pratiques sur la fa\u00e7on de n\u00e9gocier avec l&rsquo;IRS et de g\u00e9rer les audits fiscaux<\/li>\n<li>Livr\u00e9 avec des formulaires fiscaux et des feuilles de calcul t\u00e9l\u00e9chargeables pour vous aider \u00e0 rester organis\u00e9 et sur la bonne voie<\/li>\n<li>\u00c9crit par des experts fiscaux avec des ann\u00e9es d&rsquo;exp\u00e9rience dans le domaine, en fournissant des informations fiables et pr\u00e9cises<\/li>\n<li>Con\u00e7u pour aider les lecteurs \u00e0 \u00e9conomiser du temps, de l&rsquo;argent et du stress en mati\u00e8re de saison fiscale.<\/li>\n<\/ul>\n","protected":false},"excerpt":{"rendered":"<p>G\u00e9rez vos finances avec la plus grande pr\u00e9cision et facilit\u00e9 avec les taxes au livre. Notre logiciel propose une suite compl\u00e8te d&rsquo;outils financiers con\u00e7us pour rationaliser votre processus de gestion fiscale. Que vous soyez un individu ou une soci\u00e9t\u00e9, les taxes en faveur de Bookly sont votre solution \u00e0 guichet unique pour tous vos besoins li\u00e9s \u00e0 l&rsquo;imp\u00f4t. De la calcul de vos imp\u00f4ts, la gestion de vos donn\u00e9es financi\u00e8res \u00e0 assurer des \u00e9conomies d&rsquo;imp\u00f4t maximales, les taxes \u00e0 l&rsquo;\u00e2me sont con\u00e7ues pour tout g\u00e9rer. Avec son interface facile \u00e0 utiliser, vous pouvez facilement saisir vos donn\u00e9es financi\u00e8res et laisser le logiciel faire le reste. Vous n&rsquo;aurez pas \u00e0 vous soucier des erreurs ou des erreurs de calcul. De plus, Bookly Taxes offre des conseils sur la fa\u00e7on de maximiser vos \u00e9conomies d&rsquo;imp\u00f4t, vous aidant \u00e0 garder davantage votre argent durement gagn\u00e9. Restez au top de vos finances avec des taxes en ligne &#8211; votre partenaire complet pour une gestion fiscale efficace, pr\u00e9cise et simplifi\u00e9e.<\/p>\n","protected":false},"featured_media":143297,"comment_status":"open","ping_status":"open","template":"","meta":[],"product_brand":[2435],"product_cat":[1189,1181,1186],"product_tag":[1231],"class_list":{"0":"post-118311","1":"product","2":"type-product","3":"status-publish","4":"has-post-thumbnail","6":"product_brand-codecanyon","7":"product_cat-personnalisation","8":"product_cat-plugins","9":"product_cat-wordpress-plugins","10":"product_tag-codecanyon","11":"member-discount","12":"discount-restricted","14":"first","15":"instock","16":"sale","17":"downloadable","18":"virtual","19":"sold-individually","20":"purchasable","21":"product-type-simple"},"_links":{"self":[{"href":"https:\/\/gpl-love.com\/fr\/wp-json\/wp\/v2\/product\/118311","targetHints":{"allow":["GET"]}}],"collection":[{"href":"https:\/\/gpl-love.com\/fr\/wp-json\/wp\/v2\/product"}],"about":[{"href":"https:\/\/gpl-love.com\/fr\/wp-json\/wp\/v2\/types\/product"}],"replies":[{"embeddable":true,"href":"https:\/\/gpl-love.com\/fr\/wp-json\/wp\/v2\/comments?post=118311"}],"wp:featuredmedia":[{"embeddable":true,"href":"https:\/\/gpl-love.com\/fr\/wp-json\/wp\/v2\/media\/143297"}],"wp:attachment":[{"href":"https:\/\/gpl-love.com\/fr\/wp-json\/wp\/v2\/media?parent=118311"}],"wp:term":[{"taxonomy":"product_brand","embeddable":true,"href":"https:\/\/gpl-love.com\/fr\/wp-json\/wp\/v2\/product_brand?post=118311"},{"taxonomy":"product_cat","embeddable":true,"href":"https:\/\/gpl-love.com\/fr\/wp-json\/wp\/v2\/product_cat?post=118311"},{"taxonomy":"product_tag","embeddable":true,"href":"https:\/\/gpl-love.com\/fr\/wp-json\/wp\/v2\/product_tag?post=118311"}],"curies":[{"name":"wp","href":"https:\/\/api.w.org\/{rel}","templated":true}]}}