{"id":118310,"date":"2025-11-14T00:00:00","date_gmt":"2025-11-13T23:00:00","guid":{"rendered":"https:\/\/gpl-love.com\/fr\/produit\/bookly-service-extras-addon\/"},"modified":"2026-03-20T22:57:01","modified_gmt":"2026-03-20T21:57:01","slug":"bookly-service-extras-addon","status":"publish","type":"product","link":"https:\/\/gpl-love.com\/fr\/produit\/bookly-service-extras-addon\/","title":{"rendered":"Bookly Service Extras Addon 6.2"},"content":{"rendered":"<h3>Bookly Service Extras Addon Traits<\/h3>\n<p>Bookly Service Extras Addon est un outil profond\u00e9ment influent qui offre la capacit\u00e9 pratique pour int\u00e9grer sans effort des services suppl\u00e9mentaires dans votre syst\u00e8me de r\u00e9servation de rendez-vous pr\u00e9existant. En vertu de cet addon, vous avez la capacit\u00e9 de g\u00e9n\u00e9rer et de superviser sans effort les extras de services, y compris, mais sans s&rsquo;y limiter, des temps, du mat\u00e9riel ou m\u00eame des services suppl\u00e9mentaires, que vos clients estim\u00e9s ont le privil\u00e8ge d&rsquo;incorporer dans leurs rendez-vous pr\u00e9vus. Cet addon, avec sa nature parfaitement int\u00e9gr\u00e9e, est magistralement con\u00e7u pour assumer harmonieusement votre syst\u00e8me de livre d\u00e9j\u00e0 existant, fournissant ainsi une interface qui est \u00e0 la fois intuitivement conviviale et intrins\u00e8quement compr\u00e9hensible pour vous-m\u00eame, le fournisseur de services et votre base de client\u00e8le estim\u00e9e. Il s&rsquo;agit d&rsquo;une solution innovante, que vous soyez une petite entit\u00e9 entrepreneuriale ou une entreprise colossale, qui renforce et am\u00e9liore sans effort votre syst\u00e8me de r\u00e9servation de rendez-vous, offrant ainsi sans \u00e9quivoque \u00e0 vos clients une exp\u00e9rience in\u00e9gal\u00e9e qui n&rsquo;est rien de moins que superlative.<\/p>\n<ul>\n<li>Offre des services et des options suppl\u00e9mentaires pour am\u00e9liorer votre syst\u00e8me de r\u00e9servation en ligne.<\/li>\n<li>Fournit \u00e0 vos clients la possibilit\u00e9 de personnaliser leurs rendez-vous avec des modules compl\u00e9mentaires personnalis\u00e9s.<\/li>\n<li>Facile \u00e0 installer et \u00e0 utiliser dans votre plugin Bookly existant.<\/li>\n<li>Les options incluent du temps suppl\u00e9mentaire, des services suppl\u00e9mentaires, des paiements en ligne, etc.<\/li>\n<li>Aide \u00e0 augmenter les revenus en permettant aux clients de faire des r\u00e9servations plus personnalis\u00e9es.<\/li>\n<li>Offre une exp\u00e9rience professionnelle et rationalis\u00e9e \u00e0 vous et \u00e0 vos clients.<\/li>\n<\/ul>\n","protected":false},"excerpt":{"rendered":"<p>Stimulez l&rsquo;exp\u00e9rience de votre client avec l&rsquo;addon d&rsquo;extras de services Bookly. Cet addon am\u00e9liore votre offre de services en vous permettant d&rsquo;ajouter des services ou des produits suppl\u00e9mentaires \u00e0 un rendez-vous. Des traitements de spa suppl\u00e9mentaires aux am\u00e9liorations essentielles d&rsquo;huile, cet addon est aussi polyvalent que pratique. Avec l&rsquo;addon d&rsquo;extras de services Bookly, vous pouvez facilement personnaliser vos services pour r\u00e9pondre aux besoins uniques de vos clients. Cr\u00e9ez une exp\u00e9rience plus personnalis\u00e9e pour vos clients, augmentez votre gamme de services et am\u00e9liorez vos revenus avec cet addon convivial. Il est temps de faire passer votre entreprise au niveau sup\u00e9rieur avec l&rsquo;addon d&rsquo;extras de services Bookly.<\/p>\n","protected":false},"featured_media":143291,"comment_status":"open","ping_status":"open","template":"","meta":[],"product_brand":[2435],"product_cat":[1189,1181,1186],"product_tag":[1231],"class_list":{"0":"post-118310","1":"product","2":"type-product","3":"status-publish","4":"has-post-thumbnail","6":"product_brand-codecanyon","7":"product_cat-personnalisation","8":"product_cat-plugins","9":"product_cat-wordpress-plugins","10":"product_tag-codecanyon","11":"member-discount","12":"discount-restricted","14":"first","15":"instock","16":"sale","17":"downloadable","18":"virtual","19":"sold-individually","20":"purchasable","21":"product-type-simple"},"_links":{"self":[{"href":"https:\/\/gpl-love.com\/fr\/wp-json\/wp\/v2\/product\/118310","targetHints":{"allow":["GET"]}}],"collection":[{"href":"https:\/\/gpl-love.com\/fr\/wp-json\/wp\/v2\/product"}],"about":[{"href":"https:\/\/gpl-love.com\/fr\/wp-json\/wp\/v2\/types\/product"}],"replies":[{"embeddable":true,"href":"https:\/\/gpl-love.com\/fr\/wp-json\/wp\/v2\/comments?post=118310"}],"wp:featuredmedia":[{"embeddable":true,"href":"https:\/\/gpl-love.com\/fr\/wp-json\/wp\/v2\/media\/143291"}],"wp:attachment":[{"href":"https:\/\/gpl-love.com\/fr\/wp-json\/wp\/v2\/media?parent=118310"}],"wp:term":[{"taxonomy":"product_brand","embeddable":true,"href":"https:\/\/gpl-love.com\/fr\/wp-json\/wp\/v2\/product_brand?post=118310"},{"taxonomy":"product_cat","embeddable":true,"href":"https:\/\/gpl-love.com\/fr\/wp-json\/wp\/v2\/product_cat?post=118310"},{"taxonomy":"product_tag","embeddable":true,"href":"https:\/\/gpl-love.com\/fr\/wp-json\/wp\/v2\/product_tag?post=118310"}],"curies":[{"name":"wp","href":"https:\/\/api.w.org\/{rel}","templated":true}]}}