{"id":118306,"date":"2025-10-30T00:00:00","date_gmt":"2025-10-29T23:00:00","guid":{"rendered":"https:\/\/gpl-love.com\/fr\/produit\/learnpress-gradebook\/"},"modified":"2026-03-20T23:22:12","modified_gmt":"2026-03-20T22:22:12","slug":"learnpress-gradebook","status":"publish","type":"product","link":"https:\/\/gpl-love.com\/fr\/produit\/learnpress-gradebook\/","title":{"rendered":"LearnPress Gradebook 4.0.8"},"content":{"rendered":"<h3>LearnPress Gradebook Traits<\/h3>\n<p>Le livret LearnPress est un outil tr\u00e8s efficace qui offre une assistance inestimable aux \u00e9ducateurs dans le suivi et la gestion des progr\u00e8s de leurs \u00e9tudiants. Avec son interface remarquablement conviviale, les enseignants sont autoris\u00e9s \u00e0 \u00e9tablir sans effort les crit\u00e8res de notation et \u00e0 adapter leur propre syst\u00e8me de notation pour r\u00e9pondre \u00e0 leurs exigences uniques. Ce syst\u00e8me r\u00e9volutionnaire pr\u00e9sente les \u00e9ducateurs avec un tableau de bord global qui pr\u00e9sente des informations essentielles, notamment les notes des \u00e9tudiants, les dossiers de fr\u00e9quentation et les progr\u00e8s des cours. Gr\u00e2ce \u00e0 ses capacit\u00e9s multiformes, cet outil remarquable facilite non seulement la gestion efficace des charges de travail des enseignants, mais permet \u00e9galement aux \u00e9l\u00e8ves de surveiller activement leurs propres progr\u00e8s et d&rsquo;identifier efficacement des domaines qui n\u00e9cessitent une am\u00e9lioration. En outre, le livret duarnage LearnPress fournit \u00e0 des \u00e9ducateurs des commentaires et des id\u00e9es inestimables, augmentant ainsi leurs strat\u00e9gies d&rsquo;enseignement et offrant finalement une exp\u00e9rience d&rsquo;apprentissage am\u00e9lior\u00e9e \u00e0 leurs \u00e9l\u00e8ves. En r\u00e9sum\u00e9, le livre de notes LearnPress est un atout indispensable pour tout \u00e9ducateur aspirant \u00e0 optimiser l&rsquo;exp\u00e9rience d&rsquo;apprentissage globale pour leurs \u00e9tudiants estim\u00e9s.<\/p>\n<ul>\n<li>Interface facile et intuitive pour organiser et suivre les notes des \u00e9tudiants dans LearnPress<\/li>\n<li>\u00c9chelles de classement personnalisables et pond\u00e9rations pour r\u00e9pondre \u00e0 votre programme d&rsquo;\u00e9tudes sp\u00e9cifique et \u00e0 vos besoins d&rsquo;\u00e9valuation<\/li>\n<li>Mises \u00e0 jour et notifications en temps r\u00e9el pour vous tenir inform\u00e9 des progr\u00e8s des \u00e9tudiants et des changements de classement<\/li>\n<li>Calculs automatis\u00e9s et analyse des notes pour gagner du temps et r\u00e9duire les erreurs<\/li>\n<li>Rapports de notes exportables pour le partage avec les \u00e9l\u00e8ves, les parents ou d&rsquo;autres parties prenantes<\/li>\n<li>Int\u00e9gr\u00e9 \u00e0 la plate-forme LMS LearnPress pour une exp\u00e9rience utilisateur sans couture et sans effort<\/li>\n<li>Compatible avec une gamme de modules compl\u00e9mentaires LearnPress et d&rsquo;extensions pour une personnalisation et une fonctionnalit\u00e9 suppl\u00e9mentaires<\/li>\n<li>Documentation compl\u00e8te et soutenir les ressources pour d\u00e9marrer et d\u00e9panner tout probl\u00e8me.<\/li>\n<\/ul>\n","protected":false},"excerpt":{"rendered":"<p>LearnPress Gradebook, un module compl\u00e9mentaire qui ajoute des fonctionnalit\u00e9s importantes au plugin WordPress LearnPress largement utilis\u00e9, offre aux utilisateurs un moyen pratique et efficace de superviser et de g\u00e9rer les notes et les affectations dans leurs cours en ligne. Ce module compl\u00e9mentaire pr\u00e9sente une interface intuitive qui permet aux utilisateurs d&rsquo;\u00e9tablir sans effort des syst\u00e8mes de classement personnalis\u00e9s, d&rsquo;allouer des poids sp\u00e9cifiques \u00e0 diverses missions et d&rsquo;acc\u00e8s \u00e0 des rapports complets illustrant les progr\u00e8s des \u00e9tudiants. Que vous soyez un \u00e9ducateur, un instructeur ou un cr\u00e9ateur de cours, LearnPress Gradebook aide efficacement \u00e0 surveiller et \u00e0 \u00e9valuer les performances des \u00e9l\u00e8ves, facilitant ainsi la livraison de r\u00e9sultats d&rsquo;apprentissage am\u00e9lior\u00e9s. Nous vous encourageons \u00e0 essayer aujourd&rsquo;hui et \u00e0 voir de premi\u00e8re main comment cela peut \u00e9lever vos cours en ligne \u00e0 de nouveaux sommets!<\/p>\n","protected":false},"featured_media":144358,"comment_status":"open","ping_status":"open","template":"","meta":[],"product_brand":[2582],"product_cat":[1189,1181,1186],"product_tag":[2190],"class_list":{"0":"post-118306","1":"product","2":"type-product","3":"status-publish","4":"has-post-thumbnail","6":"product_brand-learnpress","7":"product_cat-personnalisation","8":"product_cat-plugins","9":"product_cat-wordpress-plugins","10":"product_tag-learnpress","11":"member-discount","12":"discount-restricted","14":"first","15":"instock","16":"sale","17":"downloadable","18":"virtual","19":"sold-individually","20":"purchasable","21":"product-type-simple"},"_links":{"self":[{"href":"https:\/\/gpl-love.com\/fr\/wp-json\/wp\/v2\/product\/118306","targetHints":{"allow":["GET"]}}],"collection":[{"href":"https:\/\/gpl-love.com\/fr\/wp-json\/wp\/v2\/product"}],"about":[{"href":"https:\/\/gpl-love.com\/fr\/wp-json\/wp\/v2\/types\/product"}],"replies":[{"embeddable":true,"href":"https:\/\/gpl-love.com\/fr\/wp-json\/wp\/v2\/comments?post=118306"}],"wp:featuredmedia":[{"embeddable":true,"href":"https:\/\/gpl-love.com\/fr\/wp-json\/wp\/v2\/media\/144358"}],"wp:attachment":[{"href":"https:\/\/gpl-love.com\/fr\/wp-json\/wp\/v2\/media?parent=118306"}],"wp:term":[{"taxonomy":"product_brand","embeddable":true,"href":"https:\/\/gpl-love.com\/fr\/wp-json\/wp\/v2\/product_brand?post=118306"},{"taxonomy":"product_cat","embeddable":true,"href":"https:\/\/gpl-love.com\/fr\/wp-json\/wp\/v2\/product_cat?post=118306"},{"taxonomy":"product_tag","embeddable":true,"href":"https:\/\/gpl-love.com\/fr\/wp-json\/wp\/v2\/product_tag?post=118306"}],"curies":[{"name":"wp","href":"https:\/\/api.w.org\/{rel}","templated":true}]}}