{"id":118266,"date":"2022-02-06T00:00:00","date_gmt":"2022-02-05T23:00:00","guid":{"rendered":"https:\/\/gpl-love.com\/fr\/produit\/mythemeshop-ecommerce-wordpress-theme\/"},"modified":"2026-04-10T18:32:52","modified_gmt":"2026-04-10T16:32:52","slug":"mythemeshop-ecommerce-wordpress-theme","status":"publish","type":"product","link":"https:\/\/gpl-love.com\/fr\/produit\/mythemeshop-ecommerce-wordpress-theme\/","title":{"rendered":"MyThemeShop eCommerce WordPress Theme 1.7.13"},"content":{"rendered":"<h3>MyThemeShop eCommerce WordPress Theme Traits<\/h3>\n<p>Le commerce \u00e9lectronique MyTheShop, un th\u00e8me WordPress tr\u00e8s sophistiqu\u00e9, a \u00e9t\u00e9 m\u00e9ticuleusement d\u00e9velopp\u00e9 pour r\u00e9pondre aux besoins des entreprises en ligne. B\u00e9n\u00e9ficiant d&rsquo;un design \u00e9l\u00e9gant et contemporain, ce th\u00e8me remarquable garantit une exp\u00e9rience utilisateur sans couture qui guide sans effort les clients \u00e0 travers vos offres de produits, ce qui leur permet de faire des achats sans effort. Ce qui distingue ce th\u00e8me, c&rsquo;est sa vaste gamme d&rsquo;options de personnalisation, vous permettant d&rsquo;adapter finement l&rsquo;esth\u00e9tique et l&rsquo;atmosph\u00e8re de votre magasin pour vous aligner sur votre identit\u00e9 de marque unique. En outre, il englobe de nombreuses fonctionnalit\u00e9s strat\u00e9giquement con\u00e7ues pour optimiser les ventes, y compris un carrousel de produit captivant, une option de vue rapide pratique et une section de produits li\u00e9s. De plus, ce th\u00e8me est enti\u00e8rement r\u00e9actif, garantissant que l&rsquo;appel visuel de votre magasin reste intact sur tous les appareils, quelle que soit la taille ou le format de l&rsquo;\u00e9cran. En conclusion, le commerce \u00e9lectronique mythemeshop se distingue sans \u00e9quivoque comme un choix exceptionnel pour ceux qui cherchent \u00e0 \u00e9tablir une boutique en ligne poli et tr\u00e8s fonctionnelle sur la plate-forme WordPress.<\/p>\n<ul>\n<li>Th\u00e8me WordPress moderne et polyvalent<\/li>\n<li>Conception enti\u00e8rement r\u00e9active, assurer une visualisation optimale sur tous les appareils<\/li>\n<li>Options de personnalisation int\u00e9gr\u00e9es pour une marque et une personnalisation faciles<\/li>\n<li>Compatibilit\u00e9 WooCommerce pour la vente et la gestion en ligne sans couture<\/li>\n<li>Optimis\u00e9 pour les vitesses de chargement rapide et l&rsquo;optimisation des moteurs de recherche (SEO)<\/li>\n<li>Multiporations et mod\u00e8les pour les pages de produits, le paiement et plus<\/li>\n<li>Boutons de m\u00e9dias sociaux int\u00e9gr\u00e9s pour partager et promotion facile<\/li>\n<li>Inclus des plugins premium, tels que WP Review Pro et WP abonne<\/li>\n<li>Support expert et documentation fournis par MytheMeshop<\/li>\n<li>Mises \u00e0 jour r\u00e9guli\u00e8res et corrections de bogues pour assurer des performances et une s\u00e9curit\u00e9 optimales.<\/li>\n<\/ul>\n","protected":false},"excerpt":{"rendered":"<p>Le th\u00e8me WordPress de MyTheMeshop WordPress se pr\u00e9sente comme une solution id\u00e9ale et optimale pour les personnes \u00e0 la recherche de l&rsquo;\u00e9tablissement d&rsquo;une boutique en ligne tr\u00e8s comp\u00e9tente et con\u00e7ue par des experts. B\u00e9n\u00e9ficiant d&rsquo;un design vierge et contemporain, ce th\u00e8me particulier facilite sans effort une exp\u00e9rience conviviale, tout en fournissant simultan\u00e9ment une plate-forme par laquelle vous pouvez pr\u00e9senter et d\u00e9montrer sans effort votre vaste gamme de produits d&rsquo;une mani\u00e8re \u00e0 la fois \u00e9l\u00e9gante et esth\u00e9tiquement agr\u00e9able. En outre, ce th\u00e8me comprend un vaste \u00e9ventail de fonctionnalit\u00e9s, incorporant, sans s&rsquo;y limiter, une page d&rsquo;accueil personnalisable, des pages de produits, des pages de paiement et une myriade d&rsquo;attributs suppl\u00e9mentaires. Peu importe que l&rsquo;on soit un n\u00e9ophyte ou un programmeur exp\u00e9riment\u00e9, ce th\u00e8me s&rsquo;adresse sans \u00e9quivoque \u00e0 toutes vos n\u00e9cessit\u00e9s de commerce \u00e9lectronique de la mani\u00e8re la plus impeccable et la plus compl\u00e8te imaginable.<\/p>\n","protected":false},"featured_media":144660,"comment_status":"open","ping_status":"open","template":"","meta":[],"product_brand":[2601],"product_cat":[1238,1851,1212],"product_tag":[1309],"class_list":{"0":"post-118266","1":"product","2":"type-product","3":"status-publish","4":"has-post-thumbnail","6":"product_brand-my-theme-shop","7":"product_cat-commerce-electronique-themes","8":"product_cat-entreprise-commerce-electronique-themes","9":"product_cat-themes","10":"product_tag-my-theme-shop","11":"member-discount","12":"discount-restricted","14":"first","15":"instock","16":"sale","17":"downloadable","18":"virtual","19":"sold-individually","20":"purchasable","21":"product-type-simple"},"_links":{"self":[{"href":"https:\/\/gpl-love.com\/fr\/wp-json\/wp\/v2\/product\/118266","targetHints":{"allow":["GET"]}}],"collection":[{"href":"https:\/\/gpl-love.com\/fr\/wp-json\/wp\/v2\/product"}],"about":[{"href":"https:\/\/gpl-love.com\/fr\/wp-json\/wp\/v2\/types\/product"}],"replies":[{"embeddable":true,"href":"https:\/\/gpl-love.com\/fr\/wp-json\/wp\/v2\/comments?post=118266"}],"wp:featuredmedia":[{"embeddable":true,"href":"https:\/\/gpl-love.com\/fr\/wp-json\/wp\/v2\/media\/144660"}],"wp:attachment":[{"href":"https:\/\/gpl-love.com\/fr\/wp-json\/wp\/v2\/media?parent=118266"}],"wp:term":[{"taxonomy":"product_brand","embeddable":true,"href":"https:\/\/gpl-love.com\/fr\/wp-json\/wp\/v2\/product_brand?post=118266"},{"taxonomy":"product_cat","embeddable":true,"href":"https:\/\/gpl-love.com\/fr\/wp-json\/wp\/v2\/product_cat?post=118266"},{"taxonomy":"product_tag","embeddable":true,"href":"https:\/\/gpl-love.com\/fr\/wp-json\/wp\/v2\/product_tag?post=118266"}],"curies":[{"name":"wp","href":"https:\/\/api.w.org\/{rel}","templated":true}]}}