{"id":118264,"date":"2024-08-15T00:00:00","date_gmt":"2024-08-14T22:00:00","guid":{"rendered":"https:\/\/gpl-love.com\/fr\/produit\/easy-digital-downloads-stripe-payment-gateway\/"},"modified":"2026-03-20T23:02:32","modified_gmt":"2026-03-20T22:02:32","slug":"easy-digital-downloads-stripe-payment-gateway","status":"publish","type":"product","link":"https:\/\/gpl-love.com\/fr\/produit\/easy-digital-downloads-stripe-payment-gateway\/","title":{"rendered":"Easy Digital Downloads Stripe Payment Gateway 3.0.2"},"content":{"rendered":"<h3>Easy Digital Downloads Stripe Payment Gateway Traits<\/h3>\n<p>La passerelle de paiement de t\u00e9l\u00e9chargements num\u00e9riques faciles, un instrument extr\u00eamement puissant et fiable, a \u00e9t\u00e9 m\u00e9ticuleusement con\u00e7u pour faciliter les entreprises en acceptant de mani\u00e8re transparente les paiements en ligne. Son int\u00e9gration avec des t\u00e9l\u00e9chargements num\u00e9riques faciles garantit la plus grande commodit\u00e9 dans la gestion des ventes et des transactions \u00e0 partir d&rsquo;une plate-forme centralis\u00e9e singuli\u00e8re. En tirant parti des capacit\u00e9s de Stripe, les entreprises peuvent adopter une client\u00e8le mondiale, pour accueillir diverses devises et des m\u00e9thodes de paiement. En outre, cette passerelle de paiement \u00e9tend son soutien aux paiements r\u00e9currents, permettant aux entreprises d&rsquo;\u00e9tablir sans effort des services bas\u00e9s sur l&rsquo;abonnement. En r\u00e9sum\u00e9, l&rsquo;indispensabilit\u00e9 de la passerelle de paiement \u00e0 rayures num\u00e9riques Easy Digital ne peut pas \u00eatre surestim\u00e9e, car il permet aux entreprises de rationaliser leur traitement de paiement et d&rsquo;augmenter leurs sources de revenus.<\/p>\n<ul>\n<li>Int\u00e9gration transparente avec le plugin de t\u00e9l\u00e9chargements num\u00e9riques faciles<\/li>\n<li>Permet aux clients d&rsquo;utiliser la bande comme option de paiement<\/li>\n<li>Processus de paiement s\u00e9curis\u00e9 avec le syst\u00e8me avanc\u00e9 de d\u00e9tection de fraude de Stripe<\/li>\n<li>Prend en charge toutes les principales cartes de cr\u00e9dit et de d\u00e9bit du monde entier<\/li>\n<li>Conception r\u00e9active mobile pour une exp\u00e9rience de paiement fluide sur n&rsquo;importe quel appareil<\/li>\n<li>Traitement des paiements en temps r\u00e9el avec confirmation de paiement instantan\u00e9<\/li>\n<li>Capacit\u00e9 \u00e0 mettre en place des paiements r\u00e9currents pour les abonnements et les abonnements<\/li>\n<li>Facile \u00e0 g\u00e9rer les transactions et les remboursements directement \u00e0 partir du tableau de bord des t\u00e9l\u00e9chargements num\u00e9riques faciles<\/li>\n<li>Option pour enregistrer plusieurs comptes Stripe pour le traitement des paiements flexibles<\/li>\n<li>\u00c9quipe d&rsquo;assistance d\u00e9di\u00e9e \u00e0 aider avec tout probl\u00e8me ou question technique.<\/li>\n<\/ul>\n","protected":false},"excerpt":{"rendered":"<p>La passerelle Easy Digital Downloads Stripe Payment se pr\u00e9sente comme la solution ultime pour les entreprises en ligne \u00e0 la recherche d&rsquo;une passerelle de paiement qui s&rsquo;int\u00e8gre parfaitement et en toute s\u00e9curit\u00e9 dans leurs op\u00e9rations. Ce plugin robuste offre la possibilit\u00e9 d&rsquo;incorporer sans effort Stripe, un processeur de paiement tr\u00e8s acclam\u00e9 et largement fiable, dans votre site Web, facilitant ainsi une exp\u00e9rience de paiement rapide, fiable et conviviale pour vos pr\u00e9cieux clients. B\u00e9n\u00e9ficiant d&rsquo;une pl\u00e9thore de fonctionnalit\u00e9s avantageuses telles que les paiements en un clic, les remboursements automatiques et les rapports en temps r\u00e9el, la passerelle de paiement de t\u00e9l\u00e9chargements num\u00e9riques facile appara\u00eet comme un outil indispensable pour \u00e9tendre votre entreprise et optimisation de vos proc\u00e9dures de paiement.<\/p>\n","protected":false},"featured_media":143651,"comment_status":"open","ping_status":"open","template":"","meta":[],"product_brand":[2523],"product_cat":[1182,1401,1181],"product_tag":[1255],"class_list":{"0":"post-118264","1":"product","2":"type-product","3":"status-publish","4":"has-post-thumbnail","6":"product_brand-easy-digital-downloads","7":"product_cat-commerce-electronique-plugins","8":"product_cat-paiement-commerce-electronique-plugins","9":"product_cat-plugins","10":"product_tag-easy-digital-downloads","11":"member-discount","12":"discount-restricted","14":"first","15":"instock","16":"sale","17":"downloadable","18":"virtual","19":"sold-individually","20":"purchasable","21":"product-type-simple"},"_links":{"self":[{"href":"https:\/\/gpl-love.com\/fr\/wp-json\/wp\/v2\/product\/118264","targetHints":{"allow":["GET"]}}],"collection":[{"href":"https:\/\/gpl-love.com\/fr\/wp-json\/wp\/v2\/product"}],"about":[{"href":"https:\/\/gpl-love.com\/fr\/wp-json\/wp\/v2\/types\/product"}],"replies":[{"embeddable":true,"href":"https:\/\/gpl-love.com\/fr\/wp-json\/wp\/v2\/comments?post=118264"}],"wp:featuredmedia":[{"embeddable":true,"href":"https:\/\/gpl-love.com\/fr\/wp-json\/wp\/v2\/media\/143651"}],"wp:attachment":[{"href":"https:\/\/gpl-love.com\/fr\/wp-json\/wp\/v2\/media?parent=118264"}],"wp:term":[{"taxonomy":"product_brand","embeddable":true,"href":"https:\/\/gpl-love.com\/fr\/wp-json\/wp\/v2\/product_brand?post=118264"},{"taxonomy":"product_cat","embeddable":true,"href":"https:\/\/gpl-love.com\/fr\/wp-json\/wp\/v2\/product_cat?post=118264"},{"taxonomy":"product_tag","embeddable":true,"href":"https:\/\/gpl-love.com\/fr\/wp-json\/wp\/v2\/product_tag?post=118264"}],"curies":[{"name":"wp","href":"https:\/\/api.w.org\/{rel}","templated":true}]}}