{"id":118263,"date":"2024-10-29T00:00:00","date_gmt":"2024-10-28T23:00:00","guid":{"rendered":"https:\/\/gpl-love.com\/fr\/produit\/css-igniter-olsen-wordpress-theme\/"},"modified":"2026-03-20T22:59:52","modified_gmt":"2026-03-20T21:59:52","slug":"css-igniter-olsen-wordpress-theme","status":"publish","type":"product","link":"https:\/\/gpl-love.com\/fr\/produit\/css-igniter-olsen-wordpress-theme\/","title":{"rendered":"CSS Igniter Olsen WordPress Theme 2.8.5"},"content":{"rendered":"<h3>CSS Igniter Olsen WordPress Theme Traits<\/h3>\n<p>Le th\u00e8me Olsen WordPress, d\u00e9velopp\u00e9 par CSS Igniter, est un choix exemplaire pour les personnes impliqu\u00e9es dans la sph\u00e8re de blogs et de publication en ligne en raison de son \u00e9l\u00e9gance et de son \u00e9l\u00e9gance inh\u00e9rentes. Ce th\u00e8me, offrant une conception propre et minimaliste, coupl\u00e9e \u00e0 sa vaste gamme d&rsquo;options personnalisables, pr\u00e9sente aux utilisateurs une apparence professionnelle et une interface tr\u00e8s propice \u00e0 la facilit\u00e9 d&rsquo;utilisation. De plus, avec sa conception r\u00e9active, ce th\u00e8me garantit que les lecteurs peuvent acc\u00e9der et parcourir de mani\u00e8re transparente votre contenu sur un large \u00e9ventail d&rsquo;appareils. De plus, le th\u00e8me Olsen WordPress englobe un \u00e9ventail de fonctionnalit\u00e9s puissantes, telles que des widgets personnalis\u00e9s et des formats de poste, qui facilitent sans effort la cr\u00e9ation d&rsquo;une pr\u00e9sence en ligne distincte et captivante. Que vous vous identifiiez en tant que blogueur, photographe ou propri\u00e9taire d&rsquo;entreprise, le th\u00e8me Olsen WordPress appara\u00eet comme un choix incroyablement polyvalent qui vous permet de vous distinguer efficacement des masses.<\/p>\n<ul>\n<li>Design \u00e9l\u00e9gant et moderne pour les sites Web professionnels<\/li>\n<li>Disposition enti\u00e8rement r\u00e9active et adapt\u00e9e aux mobiles<\/li>\n<li>Construit avec un code propre et optimis\u00e9 pour une vitesse et des performances accrues<\/li>\n<li>Options de personnalisation flexibles \u00e0 l&rsquo;aide du personnalisateur WordPress<\/li>\n<li>Options de page d&rsquo;accueil multiples et de blog<\/li>\n<li>Widgets et types de publication personnalis\u00e9s<\/li>\n<li>Compatible avec les plugins WordPress populaires, y compris les formulaires WooCommerce et Gravity<\/li>\n<li>Documentation compl\u00e8te et soutien d\u00e9di\u00e9 de l&rsquo;\u00e9quipe d&rsquo;allumage CSS.<\/li>\n<\/ul>\n","protected":false},"excerpt":{"rendered":"<p>Le th\u00e8me CSS Igniter Olsen WordPress est une plate-forme tr\u00e8s personnalisable riche en fonctionnalit\u00e9s con\u00e7ue pour les blogueurs et les cr\u00e9ateurs de contenu. Ce th\u00e8me WordPress offre un design propre et minimaliste qui met votre contenu au premier plan, en gardant vos lecteurs engag\u00e9s et en revenant pour plus. Le th\u00e8me est \u00e9galement optimis\u00e9 pour les moteurs de recherche, garantissant que votre site gagne la visibilit\u00e9 et stimule le trafic. Le th\u00e8me Olsen poss\u00e8de une vari\u00e9t\u00e9 d&rsquo;options de mise en page, vous donnant la libert\u00e9 de concevoir votre site en fonction de votre vision. Des sch\u00e9mas de couleurs personnalisables et de la typographie \u00e0 l&rsquo;int\u00e9gration des m\u00e9dias sociaux et aux widgets personnalis\u00e9s, Olsen permet une exp\u00e9rience de blogs vraiment personnalis\u00e9e. Il est \u00e9galement enti\u00e8rement r\u00e9actif et adapt\u00e9 aux mobiles, offrant une exp\u00e9rience de navigation transparente sur n&rsquo;importe quel appareil. Avec le th\u00e8me WordPress Olsen de CSS Igniter, donner vie \u00e0 votre vision cr\u00e9ative n&rsquo;a jamais \u00e9t\u00e9 aussi simple.<\/p>\n","protected":false},"featured_media":143474,"comment_status":"open","ping_status":"open","template":"","meta":[],"product_brand":[2499],"product_cat":[1220,1212,1213],"product_tag":[2187],"class_list":{"0":"post-118263","1":"product","2":"type-product","3":"status-publish","4":"has-post-thumbnail","6":"product_brand-css-igniter","7":"product_cat-blog-magazine","8":"product_cat-themes","9":"product_cat-wordpress-themes","10":"product_tag-css-igniter","11":"member-discount","12":"discount-restricted","14":"first","15":"instock","16":"sale","17":"downloadable","18":"virtual","19":"sold-individually","20":"purchasable","21":"product-type-simple"},"_links":{"self":[{"href":"https:\/\/gpl-love.com\/fr\/wp-json\/wp\/v2\/product\/118263","targetHints":{"allow":["GET"]}}],"collection":[{"href":"https:\/\/gpl-love.com\/fr\/wp-json\/wp\/v2\/product"}],"about":[{"href":"https:\/\/gpl-love.com\/fr\/wp-json\/wp\/v2\/types\/product"}],"replies":[{"embeddable":true,"href":"https:\/\/gpl-love.com\/fr\/wp-json\/wp\/v2\/comments?post=118263"}],"wp:featuredmedia":[{"embeddable":true,"href":"https:\/\/gpl-love.com\/fr\/wp-json\/wp\/v2\/media\/143474"}],"wp:attachment":[{"href":"https:\/\/gpl-love.com\/fr\/wp-json\/wp\/v2\/media?parent=118263"}],"wp:term":[{"taxonomy":"product_brand","embeddable":true,"href":"https:\/\/gpl-love.com\/fr\/wp-json\/wp\/v2\/product_brand?post=118263"},{"taxonomy":"product_cat","embeddable":true,"href":"https:\/\/gpl-love.com\/fr\/wp-json\/wp\/v2\/product_cat?post=118263"},{"taxonomy":"product_tag","embeddable":true,"href":"https:\/\/gpl-love.com\/fr\/wp-json\/wp\/v2\/product_tag?post=118263"}],"curies":[{"name":"wp","href":"https:\/\/api.w.org\/{rel}","templated":true}]}}