{"id":118254,"date":"2025-12-04T00:00:00","date_gmt":"2025-12-03T23:00:00","guid":{"rendered":"https:\/\/gpl-love.com\/fr\/produit\/fooevents-custom-attendee-fields\/"},"modified":"2026-03-20T23:06:17","modified_gmt":"2026-03-20T22:06:17","slug":"fooevents-custom-attendee-fields","status":"publish","type":"product","link":"https:\/\/gpl-love.com\/fr\/produit\/fooevents-custom-attendee-fields\/","title":{"rendered":"FooEvents Custom Attendee Fields 1.8.4"},"content":{"rendered":"<h3>FooEvents Custom Attendee Fields Traits<\/h3>\n<p>FOOEVENTS CUSPIED FIELDS est un outil incroyablement robuste et puissant qui a \u00e9t\u00e9 sp\u00e9cialement con\u00e7u pour aider les gestionnaires d&rsquo;\u00e9v\u00e9nements dans la cr\u00e9ation de champs personnalis\u00e9s et personnalis\u00e9s pour leurs participants. Ce logiciel remarquable permet aux planificateurs d&rsquo;\u00e9v\u00e9nements sans effort de collecter sans effort des informations cibl\u00e9es et particuli\u00e8res de leurs participants en leur permettant la possibilit\u00e9 de fabriquer des champs sur mesure qui peuvent \u00eatre int\u00e9gr\u00e9s de mani\u00e8re transparente dans leurs formulaires d&rsquo;inscription. Ces champs poss\u00e8dent la capacit\u00e9 de capturer efficacement un large \u00e9ventail de d\u00e9tails pertinents qui sont compl\u00e8tement uniques \u00e0 chaque \u00e9v\u00e9nement individuel, y compris, mais sans s&rsquo;y limiter, les pr\u00e9f\u00e9rences alimentaires, la taille des t-shirts et une multitude d&rsquo;autres informations cruciales. Avec les capacit\u00e9s remarquables des champs des participants personnalis\u00e9s Fooevents \u00e0 leur disposition, les planificateurs d&rsquo;\u00e9v\u00e9nements sont en mesure de g\u00e9n\u00e9rer et de maintenir sans effort leurs propres domaines personnalis\u00e9s, simplifiant ainsi le processus de collecte et d&rsquo;organisation des informations essentielles qui sont essentielles pour assurer le succ\u00e8s retentissant de leurs \u00e9v\u00e9nements respectifs . En outre, ce logiciel extraordinaire est r\u00e9put\u00e9 pour son interface conviviale et son efficacit\u00e9 in\u00e9gal\u00e9e, ce qui permet aux planificateurs d&rsquo;\u00e9v\u00e9nements de naviguer et d&rsquo;utiliser ses fonctionnalit\u00e9s avec la plus grande facilit\u00e9. De plus, ce logiciel est \u00e9galement hautement personnalisable, permettant aux planificateurs d&rsquo;\u00e9v\u00e9nements de personnaliser et d&rsquo;adapter ses fonctions et fonctionnalit\u00e9s pour r\u00e9pondre \u00e0 leurs besoins et sp\u00e9cifications uniques. En tant que tel, Fooevents Custom des participants, les champs des participants sont vraiment une solution exemplaire pour les planificateurs d&rsquo;\u00e9v\u00e9nements qui sont impatients de rationaliser leurs processus d&rsquo;enregistrement et de fournir \u00e0 leurs participants une exp\u00e9rience hautement individualis\u00e9e et personnalis\u00e9e qui est sans pr\u00e9c\u00e9dent dans son niveau de qualit\u00e9 et d&rsquo;attention aux d\u00e9tails.<\/p>\n<ul>\n<li>Possibilit\u00e9 d&rsquo;ajouter des champs personnalis\u00e9s aux pages d&rsquo;enregistrement des participants<\/li>\n<li>Prise en charge de divers types de champs tels que du texte, des cases \u00e0 cocher, des boutons radio et plus encore<\/li>\n<li>Interface intuitive de glisser-d\u00e9poser pour un placement et une personnalisation faciles<\/li>\n<li>Option pour faire certains champs requis pour que les participants terminent l&rsquo;inscription<\/li>\n<li>Int\u00e9gration avec des passerelles de paiement populaires pour une collecte de paiement facile aux c\u00f4t\u00e9s des champs d&rsquo;enregistrement<\/li>\n<li>Synchronisation transparente des donn\u00e9es des participants avec des plateformes de marketing par e-mail pour la messagerie et la personnalisation cibl\u00e9es<\/li>\n<li>Am\u00e9lioration des rapports et suivi des participants pour les organisateurs d&rsquo;\u00e9v\u00e9nements<\/li>\n<li>Compatibilit\u00e9 compl\u00e8te avec la plate-forme FoOevents pour une solution compl\u00e8te de gestion d&rsquo;\u00e9v\u00e9nements<\/li>\n<\/ul>\n","protected":false},"excerpt":{"rendered":"<p>Gr\u00e2ce aux champs personnalis\u00e9s pour participants de FooEvents, les organisateurs d&rsquo;\u00e9v\u00e9nements peuvent recueillir des donn\u00e9es suppl\u00e9mentaires sur leurs participants, allant au-del\u00e0 des champs classiques. Cette fonctionnalit\u00e9 tr\u00e8s adaptable permet de cr\u00e9er des champs d&rsquo;inscription sp\u00e9cifiques \u00e0 chaque \u00e9v\u00e9nement, offrant ainsi une meilleure compr\u00e9hension des pr\u00e9f\u00e9rences et des caract\u00e9ristiques des participants. L&rsquo;int\u00e9gration remarquable de cet outil performant \u00e0 la plateforme FooEvents permet aux organisateurs d&rsquo;offrir une exp\u00e9rience exceptionnellement personnalis\u00e9e \u00e0 leurs participants.<\/p>\n","protected":false},"featured_media":143897,"comment_status":"open","ping_status":"open","template":"","meta":[],"product_brand":[2554],"product_cat":[1189,1181,1186],"product_tag":[2253],"class_list":{"0":"post-118254","1":"product","2":"type-product","3":"status-publish","4":"has-post-thumbnail","6":"product_brand-fooevents","7":"product_cat-personnalisation","8":"product_cat-plugins","9":"product_cat-wordpress-plugins","10":"product_tag-fooevents","11":"member-discount","12":"discount-restricted","14":"first","15":"instock","16":"sale","17":"downloadable","18":"virtual","19":"sold-individually","20":"purchasable","21":"product-type-simple"},"_links":{"self":[{"href":"https:\/\/gpl-love.com\/fr\/wp-json\/wp\/v2\/product\/118254","targetHints":{"allow":["GET"]}}],"collection":[{"href":"https:\/\/gpl-love.com\/fr\/wp-json\/wp\/v2\/product"}],"about":[{"href":"https:\/\/gpl-love.com\/fr\/wp-json\/wp\/v2\/types\/product"}],"replies":[{"embeddable":true,"href":"https:\/\/gpl-love.com\/fr\/wp-json\/wp\/v2\/comments?post=118254"}],"wp:featuredmedia":[{"embeddable":true,"href":"https:\/\/gpl-love.com\/fr\/wp-json\/wp\/v2\/media\/143897"}],"wp:attachment":[{"href":"https:\/\/gpl-love.com\/fr\/wp-json\/wp\/v2\/media?parent=118254"}],"wp:term":[{"taxonomy":"product_brand","embeddable":true,"href":"https:\/\/gpl-love.com\/fr\/wp-json\/wp\/v2\/product_brand?post=118254"},{"taxonomy":"product_cat","embeddable":true,"href":"https:\/\/gpl-love.com\/fr\/wp-json\/wp\/v2\/product_cat?post=118254"},{"taxonomy":"product_tag","embeddable":true,"href":"https:\/\/gpl-love.com\/fr\/wp-json\/wp\/v2\/product_tag?post=118254"}],"curies":[{"name":"wp","href":"https:\/\/api.w.org\/{rel}","templated":true}]}}