{"id":118252,"date":"2025-01-22T00:00:00","date_gmt":"2025-01-21T23:00:00","guid":{"rendered":"https:\/\/gpl-love.com\/fr\/produit\/fooevents-express-check-in\/"},"modified":"2026-03-20T23:06:17","modified_gmt":"2026-03-20T22:06:17","slug":"fooevents-express-check-in","status":"publish","type":"product","link":"https:\/\/gpl-love.com\/fr\/produit\/fooevents-express-check-in\/","title":{"rendered":"FooEvents Express Check in 1.8.10"},"content":{"rendered":"<h3>FooEvents Express Check in Traits<\/h3>\n<p>Fooevents Express Check In est un logiciel de gestion d&rsquo;\u00e9v\u00e9nements de pointe qui rationalise et optimise efficacement le processus d&rsquo;enregistrement pour les participants \u00e0 l&rsquo;\u00e9v\u00e9nement. Cet outil sophistiqu\u00e9 et robuste permet aux organisateurs d&rsquo;\u00e9v\u00e9nements en simplifiant et en acc\u00e9l\u00e9rant des t\u00e2ches d&rsquo;enregistrement telles que le num\u00e9risation des billets et l&rsquo;enregistrement des invit\u00e9s de mani\u00e8re rapide et efficace. En tirant parti des mises \u00e0 jour de donn\u00e9es en temps r\u00e9el et en mettant en \u0153uvre des workflows automatis\u00e9s, les organisateurs d&rsquo;\u00e9v\u00e9nements peuvent \u00e9conomiser sans effort un temps pr\u00e9cieux et att\u00e9nuer consid\u00e9rablement les risques potentiels associ\u00e9s aux erreurs humaines. De plus, ce logiciel exceptionnel offre aux participants une exp\u00e9rience d&rsquo;enregistrement vraiment exceptionnelle, facilitant leur acc\u00e8s sans effort \u00e0 l&rsquo;\u00e9v\u00e9nement et leur permettant de savourer pleinement et d&rsquo;appr\u00e9cier toutes les offres remarquables qu&rsquo;il englobe. Gr\u00e2ce \u00e0 l&rsquo;utilisation de FoOevents Express, les organisateurs d&rsquo;\u00e9v\u00e9nements peuvent consacrer de tout c\u0153ur leur attention et leurs ressources \u00e0 l&rsquo;\u00e9laboration d&rsquo;une exp\u00e9rience extraordinaire et inoubliable pour leurs participants estim\u00e9s, tandis que le logiciel g\u00e8re sans effort et m\u00e9ticuleusement tous les d\u00e9tails complexes d&rsquo;enregistrement.<\/p>\n<ul>\n<li>Processus d&rsquo;enregistrement des \u00e9v\u00e9nements rationalis\u00e9s<\/li>\n<li>Manipulation efficace des grandes foules<\/li>\n<li>Synchronise instantan\u00e9ment les donn\u00e9es avec le logiciel de gestion d&rsquo;\u00e9v\u00e9nements<\/li>\n<li>R\u00e9duit le besoin de panneaux papier<\/li>\n<li>Options d&rsquo;enregistrement personnalisables (codes QR, entr\u00e9es manuellement, etc.)<\/li>\n<li>Suivi en temps r\u00e9el de la fr\u00e9quentation et de la capacit\u00e9<\/li>\n<li>Fournit une image professionnelle et polie pour les \u00e9v\u00e9nements<\/li>\n<li>Interface conviviale pour une utilisation facile par le personnel et les b\u00e9n\u00e9voles<\/li>\n<li>Am\u00e9liore l&rsquo;exp\u00e9rience globale de l&rsquo;\u00e9v\u00e9nement pour les participants<\/li>\n<li>Compatible avec divers appareils, y compris les smartphones et les tablettes<\/li>\n<\/ul>\n","protected":false},"excerpt":{"rendered":"<p>FooEvents Express Check-in est une solution de gestion d&rsquo;\u00e9v\u00e9nements exceptionnellement efficace qui vous permet d&rsquo;enregistrer vos invit\u00e9s en toute simplicit\u00e9, d&rsquo;un simple clic sur votre appareil mobile. Vous pouvez ainsi g\u00e9rer les inscriptions, la billetterie et les arriv\u00e9es en temps r\u00e9el, sans la moindre difficult\u00e9. Ce logiciel garantit la s\u00e9curit\u00e9 de toutes vos donn\u00e9es et vous fournit des analyses compl\u00e8tes de votre \u00e9v\u00e9nement, vous permettant ainsi d&rsquo;en comprendre pleinement les enjeux. Cette solution est particuli\u00e8rement avantageuse pour les organisateurs d&rsquo;\u00e9v\u00e9nements qui souhaitent optimiser leur processus de gestion et offrir une exp\u00e9rience d&rsquo;enregistrement optimale \u00e0 leurs invit\u00e9s.<\/p>\n","protected":false},"featured_media":143898,"comment_status":"open","ping_status":"open","template":"","meta":[],"product_brand":[2554],"product_cat":[1189,1181,1186],"product_tag":[2253],"class_list":{"0":"post-118252","1":"product","2":"type-product","3":"status-publish","4":"has-post-thumbnail","6":"product_brand-fooevents","7":"product_cat-personnalisation","8":"product_cat-plugins","9":"product_cat-wordpress-plugins","10":"product_tag-fooevents","11":"member-discount","12":"discount-restricted","14":"first","15":"instock","16":"sale","17":"downloadable","18":"virtual","19":"sold-individually","20":"purchasable","21":"product-type-simple"},"_links":{"self":[{"href":"https:\/\/gpl-love.com\/fr\/wp-json\/wp\/v2\/product\/118252","targetHints":{"allow":["GET"]}}],"collection":[{"href":"https:\/\/gpl-love.com\/fr\/wp-json\/wp\/v2\/product"}],"about":[{"href":"https:\/\/gpl-love.com\/fr\/wp-json\/wp\/v2\/types\/product"}],"replies":[{"embeddable":true,"href":"https:\/\/gpl-love.com\/fr\/wp-json\/wp\/v2\/comments?post=118252"}],"wp:featuredmedia":[{"embeddable":true,"href":"https:\/\/gpl-love.com\/fr\/wp-json\/wp\/v2\/media\/143898"}],"wp:attachment":[{"href":"https:\/\/gpl-love.com\/fr\/wp-json\/wp\/v2\/media?parent=118252"}],"wp:term":[{"taxonomy":"product_brand","embeddable":true,"href":"https:\/\/gpl-love.com\/fr\/wp-json\/wp\/v2\/product_brand?post=118252"},{"taxonomy":"product_cat","embeddable":true,"href":"https:\/\/gpl-love.com\/fr\/wp-json\/wp\/v2\/product_cat?post=118252"},{"taxonomy":"product_tag","embeddable":true,"href":"https:\/\/gpl-love.com\/fr\/wp-json\/wp\/v2\/product_tag?post=118252"}],"curies":[{"name":"wp","href":"https:\/\/api.w.org\/{rel}","templated":true}]}}