{"id":118250,"date":"2025-08-31T00:00:00","date_gmt":"2025-08-30T22:00:00","guid":{"rendered":"https:\/\/gpl-love.com\/fr\/produit\/fooevents-multi-day\/"},"modified":"2026-03-20T23:06:19","modified_gmt":"2026-03-20T22:06:19","slug":"fooevents-multi-day","status":"publish","type":"product","link":"https:\/\/gpl-love.com\/fr\/produit\/fooevents-multi-day\/","title":{"rendered":"FooEvents Multi Day 1.7.9"},"content":{"rendered":"<h3>FooEvents Multi Day Traits<\/h3>\n<p>Fooevents Multi-Day est une solution compl\u00e8te de gestion d&rsquo;\u00e9v\u00e9nements, con\u00e7ue pour offrir aux organisateurs la possibilit\u00e9 de g\u00e9rer et de promouvoir sans effort des \u00e9v\u00e9nements de plusieurs jours. Cette plate-forme puissante poss\u00e8de un large \u00e9ventail de fonctionnalit\u00e9s, englobant les outils de billetterie, d&rsquo;enregistrement, de planification et de marketing, tous visant \u00e0 assurer l&rsquo;ex\u00e9cution douce et r\u00e9ussie de tout \u00e9v\u00e9nement. Avec son interface conviviale et intuitive, FOOevents multiple simplifie le processus de gestion des participants, de facilitation du suivi des paiements et de g\u00e9n\u00e9rer des rapports d\u00e9taill\u00e9s et \u00e9clair\u00e9s. De plus, cette plate-forme exceptionnelle offre aux organisateurs une pl\u00e9thore d&rsquo;options personnalisables, leur permettant d&rsquo;adapter leur \u00e9v\u00e9nement \u00e0 r\u00e9pondre avec pr\u00e9cision \u00e0 leurs exigences uniques et sp\u00e9cifiques. Que vous vous retrouviez \u00e0 organiser une conf\u00e9rence estim\u00e9e, un festival engageant ou une retraite sereine, soyez assur\u00e9 que les fooevents multi-jours sont la solution ultime, rationalisant sans effort votre processus de gestion d&rsquo;\u00e9v\u00e9nements.<\/p>\n<ul>\n<li>Solution compl\u00e8te de gestion d&rsquo;\u00e9v\u00e9nements de plusieurs jours<\/li>\n<li>Interface conviviale pour une planification d&rsquo;\u00e9v\u00e9nements efficace<\/li>\n<li>Formulaires d&rsquo;inscription personnalisables pour les participants<\/li>\n<li>Notifications de courrier \u00e9lectronique automatis\u00e9es pour tenir les participants inform\u00e9s<\/li>\n<li>Traitement des paiements s\u00e9curis\u00e9s pour les transactions sans tracas<\/li>\n<li>Analyse en temps r\u00e9el et rapport pour la surveillance des \u00e9v\u00e9nements<\/li>\n<li>Int\u00e9gration des m\u00e9dias sociaux pour une exposition accrue \u00e0 l&rsquo;\u00e9v\u00e9nement<\/li>\n<li>Conception adapt\u00e9e aux mobiles pour un acc\u00e8s facile aux informations sur l&rsquo;\u00e9v\u00e9nement<\/li>\n<li>Option pour s&rsquo;int\u00e9grer \u00e0 diverses plates-formes de billetterie<\/li>\n<li>Support client premium pour toutes les demandes et probl\u00e8mes<\/li>\n<\/ul>\n","protected":false},"excerpt":{"rendered":"<p>La plateforme FooEvents Multi Day est une solution de gestion d&rsquo;\u00e9v\u00e9nements extr\u00eamement performante, con\u00e7ue pour simplifier la cr\u00e9ation et l&rsquo;administration d&rsquo;\u00e9v\u00e9nements s&rsquo;\u00e9talant sur plusieurs jours. Quelle que soit la nature de votre \u00e9v\u00e9nement (conf\u00e9rence, festival ou toute autre occasion n\u00e9cessitant un programme sur plusieurs jours), FooEvents Multi Day met \u00e0 votre disposition une suite compl\u00e8te d&rsquo;outils qui rationalisent la planification et l&rsquo;ex\u00e9cution. Gr\u00e2ce \u00e0 ses fonctionnalit\u00e9s compl\u00e8tes, incluant la billetterie et l&rsquo;inscription, la gestion des participants et la planification, FooEvents Multi Day vous permet de vous concentrer sur l&rsquo;essentiel\u00a0: offrir une exp\u00e9rience exceptionnelle \u00e0 vos participants, avec l&rsquo;assurance que tous les aspects logistiques sont g\u00e9r\u00e9s avec expertise par la plateforme.<\/p>\n","protected":false},"featured_media":143900,"comment_status":"open","ping_status":"open","template":"","meta":[],"product_brand":[2554],"product_cat":[1189,1181,1186],"product_tag":[2253],"class_list":{"0":"post-118250","1":"product","2":"type-product","3":"status-publish","4":"has-post-thumbnail","6":"product_brand-fooevents","7":"product_cat-personnalisation","8":"product_cat-plugins","9":"product_cat-wordpress-plugins","10":"product_tag-fooevents","11":"member-discount","12":"discount-restricted","14":"first","15":"instock","16":"sale","17":"downloadable","18":"virtual","19":"sold-individually","20":"purchasable","21":"product-type-simple"},"_links":{"self":[{"href":"https:\/\/gpl-love.com\/fr\/wp-json\/wp\/v2\/product\/118250","targetHints":{"allow":["GET"]}}],"collection":[{"href":"https:\/\/gpl-love.com\/fr\/wp-json\/wp\/v2\/product"}],"about":[{"href":"https:\/\/gpl-love.com\/fr\/wp-json\/wp\/v2\/types\/product"}],"replies":[{"embeddable":true,"href":"https:\/\/gpl-love.com\/fr\/wp-json\/wp\/v2\/comments?post=118250"}],"wp:featuredmedia":[{"embeddable":true,"href":"https:\/\/gpl-love.com\/fr\/wp-json\/wp\/v2\/media\/143900"}],"wp:attachment":[{"href":"https:\/\/gpl-love.com\/fr\/wp-json\/wp\/v2\/media?parent=118250"}],"wp:term":[{"taxonomy":"product_brand","embeddable":true,"href":"https:\/\/gpl-love.com\/fr\/wp-json\/wp\/v2\/product_brand?post=118250"},{"taxonomy":"product_cat","embeddable":true,"href":"https:\/\/gpl-love.com\/fr\/wp-json\/wp\/v2\/product_cat?post=118250"},{"taxonomy":"product_tag","embeddable":true,"href":"https:\/\/gpl-love.com\/fr\/wp-json\/wp\/v2\/product_tag?post=118250"}],"curies":[{"name":"wp","href":"https:\/\/api.w.org\/{rel}","templated":true}]}}