{"id":118247,"date":"2026-02-18T00:00:00","date_gmt":"2026-02-17T23:00:00","guid":{"rendered":"https:\/\/gpl-love.com\/fr\/produit\/fooevents-pdf-tickets\/"},"modified":"2026-03-20T23:06:19","modified_gmt":"2026-03-20T22:06:19","slug":"fooevents-pdf-tickets","status":"publish","type":"product","link":"https:\/\/gpl-love.com\/fr\/produit\/fooevents-pdf-tickets\/","title":{"rendered":"FooEvents PDF Tickets 1.10.17"},"content":{"rendered":"<h3>FooEvents PDF Tickets Traits<\/h3>\n<p>Les billets FOOEvents PDF sont une solution exceptionnellement robuste et efficace qui r\u00e9pond aux besoins des organisateurs d&rsquo;\u00e9v\u00e9nements et des acheteurs de billets. Ce formidable logiciel offre aux organisateurs le pouvoir de cr\u00e9er et de personnaliser enti\u00e8rement sans effort des billets d&rsquo;\u00e9v\u00e9nements dans le format PDF largement accept\u00e9, permettant par la suite l&rsquo;e-mail pratique de ces billets pour les acheteurs de billets avides. La gamme compl\u00e8te de fonctionnalit\u00e9s propos\u00e9es par ce logiciel est vraiment impressionnante, englobant des fonctionnalit\u00e9s vitales telles que l&rsquo;allocation des si\u00e8ges, la g\u00e9n\u00e9ration de codes \u00e0 barres et l&rsquo;int\u00e9gration transparente avec les passerelles de paiement. En termes d&rsquo;acheteurs de billets, les billets PDF FoOevents excellent vraiment en offrant une exp\u00e9rience d&rsquo;achat sans couture et sans tracas. Ce logiciel in\u00e9gal\u00e9 permet aux acheteurs de billets de r\u00e9server facilement et de payer rapidement les billets souhait\u00e9s via la commodit\u00e9 des plateformes en ligne, tout en recevant simultan\u00e9ment leurs billets instantan\u00e9ment par e-mail. Quelle que soit l&rsquo;ampleur de l&rsquo;\u00e9v\u00e9nement organis\u00e9, qu&rsquo;il s&rsquo;agisse d&rsquo;une conf\u00e9rence modeste ou d&rsquo;un concert grandiose, les billets PDF FoOevents sont une solution in\u00e9branlable et remarquablement conviviale qui rationalise syst\u00e9matiquement l&rsquo;ensemble du processus de billette pour toutes les parties impliqu\u00e9es.<\/p>\n<ul>\n<li>Billets PDF pour les \u00e9v\u00e9nements<\/li>\n<li>Conceptions et dispositions personnalisables<\/li>\n<li>Int\u00e9gration de code-barres et de code QR<\/li>\n<li>Compatible avec les principales plateformes de billetterie<\/li>\n<li>Livraison instantan\u00e9e aux clients par e-mail<\/li>\n<li>Option d&rsquo;imprimer ou de pr\u00e9senter un billet num\u00e9rique lors de l&rsquo;\u00e9v\u00e9nement<\/li>\n<li>S\u00e9curiser et afficher<\/li>\n<li>Synchronisation automatique avec les donn\u00e9es de l&rsquo;\u00e9v\u00e9nement<\/li>\n<li>Convivial et facile \u00e0 utiliser.<\/li>\n<\/ul>\n","protected":false},"excerpt":{"rendered":"<p>Gr\u00e2ce aux fonctionnalit\u00e9s de FooEvents PDF Tickets, les organisateurs d&rsquo;\u00e9v\u00e9nements peuvent facilement g\u00e9n\u00e9rer et diffuser des billets num\u00e9riques adapt\u00e9s \u00e0 leurs \u00e9v\u00e9nements. Ces billets pr\u00e9sentent l&rsquo;avantage d&rsquo;\u00eatre enti\u00e8rement personnalisables, permettant l&rsquo;int\u00e9gration d&rsquo;\u00e9l\u00e9ments de marque distinctifs et d&rsquo;informations pertinentes. De plus, leur num\u00e9risation rapide permet un acc\u00e8s simplifi\u00e9, \u00e9liminant ainsi le besoin d&rsquo;imprimer et d&rsquo;envoyer des billets physiques. Par cons\u00e9quent, l&rsquo;utilisation de FooEvents PDF Tickets rationalise non seulement l&rsquo;ensemble du processus de gestion d&rsquo;\u00e9v\u00e9nements, mais favorise \u00e9galement le d\u00e9veloppement durable en minimisant le gaspillage de papier.<\/p>\n","protected":false},"featured_media":143901,"comment_status":"open","ping_status":"open","template":"","meta":[],"product_brand":[2554],"product_cat":[1189,1181,1186],"product_tag":[2253],"class_list":{"0":"post-118247","1":"product","2":"type-product","3":"status-publish","4":"has-post-thumbnail","6":"product_brand-fooevents","7":"product_cat-personnalisation","8":"product_cat-plugins","9":"product_cat-wordpress-plugins","10":"product_tag-fooevents","11":"member-discount","12":"discount-restricted","14":"first","15":"instock","16":"sale","17":"downloadable","18":"virtual","19":"sold-individually","20":"purchasable","21":"product-type-simple"},"_links":{"self":[{"href":"https:\/\/gpl-love.com\/fr\/wp-json\/wp\/v2\/product\/118247","targetHints":{"allow":["GET"]}}],"collection":[{"href":"https:\/\/gpl-love.com\/fr\/wp-json\/wp\/v2\/product"}],"about":[{"href":"https:\/\/gpl-love.com\/fr\/wp-json\/wp\/v2\/types\/product"}],"replies":[{"embeddable":true,"href":"https:\/\/gpl-love.com\/fr\/wp-json\/wp\/v2\/comments?post=118247"}],"wp:featuredmedia":[{"embeddable":true,"href":"https:\/\/gpl-love.com\/fr\/wp-json\/wp\/v2\/media\/143901"}],"wp:attachment":[{"href":"https:\/\/gpl-love.com\/fr\/wp-json\/wp\/v2\/media?parent=118247"}],"wp:term":[{"taxonomy":"product_brand","embeddable":true,"href":"https:\/\/gpl-love.com\/fr\/wp-json\/wp\/v2\/product_brand?post=118247"},{"taxonomy":"product_cat","embeddable":true,"href":"https:\/\/gpl-love.com\/fr\/wp-json\/wp\/v2\/product_cat?post=118247"},{"taxonomy":"product_tag","embeddable":true,"href":"https:\/\/gpl-love.com\/fr\/wp-json\/wp\/v2\/product_tag?post=118247"}],"curies":[{"name":"wp","href":"https:\/\/api.w.org\/{rel}","templated":true}]}}