{"id":118205,"date":"2024-02-27T00:00:00","date_gmt":"2024-02-26T23:00:00","guid":{"rendered":"http:\/\/gpl-love.com\/fr\/produit\/yith-product-shipping-pour-woocommerce-premium\/"},"modified":"2026-04-18T06:32:21","modified_gmt":"2026-04-18T04:32:21","slug":"yith-product-shipping-pour-woocommerce-premium","status":"publish","type":"product","link":"https:\/\/gpl-love.com\/fr\/produit\/yith-product-shipping-pour-woocommerce-premium\/","title":{"rendered":"YITH Product Shipping pour WooCommerce Premium 1.21.0"},"content":{"rendered":"<h3>YITH Product Shipping pour WooCommerce Premium Traits<\/h3>\n<p>La livraison de produits Yith pour WooCommerce Premium poss\u00e8de une impressionnante gamme de fonctionnalit\u00e9s qui servent \u00e0 rationaliser le processus complexe de gestion des tarifs d&rsquo;exp\u00e9dition et des m\u00e9thodes pour votre boutique en ligne estim\u00e9e. Ce plugin remarquable vous accorde la capacit\u00e9 sans effort \u00e0 \u00e9tablir des tarifs d&rsquo;exp\u00e9dition subordonn\u00e9s au poids, \u00e0 la quantit\u00e9, \u00e0 la destination et \u00e0 un assortiment d&rsquo;autres variables. De plus, il vous permet de d\u00e9limiter des m\u00e9thodes d&rsquo;exp\u00e9dition distinctes adapt\u00e9es \u00e0 des produits et cat\u00e9gories sp\u00e9cifiques, tout en vous offrant une occasion incroyable de donner \u00e0 vos clients pr\u00e9cieux le cadeau d&rsquo;exp\u00e9dition compl\u00e9mentaire, tout en confirmant certaines r\u00e9glementations et conditions pr\u00e9d\u00e9termin\u00e9es. Int\u00e9grant de mani\u00e8re transparente avec WooCommerce, ce plugin vous offre la capacit\u00e9 inestimable de superviser les options d&rsquo;exp\u00e9dition directement \u00e0 partir du backend de votre entreprise virtuelle, tout en pr\u00e9sentant simultan\u00e9ment ces choix \u00e0 votre client\u00e8le exigeante sur le frontend. En conclusion, l&rsquo;exp\u00e9dition de produits Yith pour WooCommerce Premium repr\u00e9sente une solution globale qui vous permet de vous donner un niveau d&rsquo;autorit\u00e9 et d&rsquo;adaptabilit\u00e9 in\u00e9gal de vos clients ch\u00e9ris.<\/p>\n<ul>\n<li>Rationalise votre processus d&rsquo;exp\u00e9dition pour votre boutique WooCommerce<\/li>\n<li>Offre des tarifs d&rsquo;exp\u00e9dition personnalis\u00e9s en fonction d&rsquo;une vari\u00e9t\u00e9 de crit\u00e8res<\/li>\n<li>Comprend la prise en charge de plusieurs transporteurs d&rsquo;exp\u00e9dition et des tarifs d&rsquo;exp\u00e9dition en temps r\u00e9el<\/li>\n<li>Vous permet de configurer des r\u00e8gles d&rsquo;exp\u00e9dition en fonction de produits ou de cat\u00e9gories de produits sp\u00e9cifiques<\/li>\n<li>Offre une vari\u00e9t\u00e9 de m\u00e9thodes d&rsquo;exp\u00e9dition telles que la livraison gratuite, le tarif forfaitaire et le ramassage local<\/li>\n<li>Facilement personnalisable pour r\u00e9pondre \u00e0 vos besoins commerciaux uniques<\/li>\n<li>Offre une interface conviviale pour une configuration et une gestion faciles<\/li>\n<li>Intregate de mani\u00e8re transparente avec d&rsquo;autres plugins Yith WooCommerce pour des fonctionnalit\u00e9s ajout\u00e9es<\/li>\n<li>Calcule automatiquement les frais d&rsquo;exp\u00e9dition et les affiche aux clients lors du paiement<\/li>\n<li>Fournit des rapports d\u00e9taill\u00e9s sur les donn\u00e9es d&rsquo;exp\u00e9dition \u00e0 des fins d&rsquo;analyse et d&rsquo;optimisation.<\/li>\n<\/ul>\n","protected":false},"excerpt":{"rendered":"<p>La livraison de produits Yith pour le plugin Premium WooCommerce est un outil tr\u00e8s indispensable pour les entrepreneurs de commerce \u00e9lectronique qui souhaitent offrir \u00e0 leurs clients des options d&rsquo;exp\u00e9dition flexibles. Cet outil robuste et avanc\u00e9 vous permet d&rsquo;\u00e9tablir des tarifs d&rsquo;exp\u00e9dition personnalis\u00e9s pour des produits ou des groupes de produits individuels, en tirant parti d&rsquo;un large \u00e9ventail de crit\u00e8res tels que le poids, les dimensions, la destination, etc. En vous offrant la possibilit\u00e9 de g\u00e9n\u00e9rer un nombre illimit\u00e9 de r\u00e8gles d&rsquo;exp\u00e9dition, vous pouvez adapter sans effort vos options d&rsquo;exp\u00e9dition pour s&rsquo;aligner sur les exigences sp\u00e9cifiques de votre entreprise et de votre client\u00e8le. De plus, l&rsquo;interface conviviale et sans effort et les param\u00e8tres r\u00e9glables sans effort facilitent un processus de configuration rapide et pratique, vous permettant de commencer rapidement \u00e0 offrir des exp\u00e9riences d&rsquo;exp\u00e9dition exemplaires \u00e0 vos acheteurs de pr\u00e9cieux acheteurs.<\/p>\n","protected":false},"featured_media":146415,"comment_status":"open","ping_status":"open","template":"","meta":[],"product_brand":[2487],"product_cat":[1183,1182,1181],"product_tag":[1437],"class_list":{"0":"post-118205","1":"product","2":"type-product","3":"status-publish","4":"has-post-thumbnail","6":"product_brand-yith","7":"product_cat-administration","8":"product_cat-commerce-electronique-plugins","9":"product_cat-plugins","10":"product_tag-yith","11":"member-discount","12":"discount-restricted","14":"first","15":"instock","16":"sale","17":"downloadable","18":"virtual","19":"sold-individually","20":"purchasable","21":"product-type-simple"},"_links":{"self":[{"href":"https:\/\/gpl-love.com\/fr\/wp-json\/wp\/v2\/product\/118205","targetHints":{"allow":["GET"]}}],"collection":[{"href":"https:\/\/gpl-love.com\/fr\/wp-json\/wp\/v2\/product"}],"about":[{"href":"https:\/\/gpl-love.com\/fr\/wp-json\/wp\/v2\/types\/product"}],"replies":[{"embeddable":true,"href":"https:\/\/gpl-love.com\/fr\/wp-json\/wp\/v2\/comments?post=118205"}],"wp:featuredmedia":[{"embeddable":true,"href":"https:\/\/gpl-love.com\/fr\/wp-json\/wp\/v2\/media\/146415"}],"wp:attachment":[{"href":"https:\/\/gpl-love.com\/fr\/wp-json\/wp\/v2\/media?parent=118205"}],"wp:term":[{"taxonomy":"product_brand","embeddable":true,"href":"https:\/\/gpl-love.com\/fr\/wp-json\/wp\/v2\/product_brand?post=118205"},{"taxonomy":"product_cat","embeddable":true,"href":"https:\/\/gpl-love.com\/fr\/wp-json\/wp\/v2\/product_cat?post=118205"},{"taxonomy":"product_tag","embeddable":true,"href":"https:\/\/gpl-love.com\/fr\/wp-json\/wp\/v2\/product_tag?post=118205"}],"curies":[{"name":"wp","href":"https:\/\/api.w.org\/{rel}","templated":true}]}}