{"id":118203,"date":"2024-03-11T00:00:00","date_gmt":"2024-03-10T23:00:00","guid":{"rendered":"http:\/\/gpl-love.com\/fr\/produit\/yith-preorder-pour-woocommerce-premium\/"},"modified":"2026-04-18T06:32:16","modified_gmt":"2026-04-18T04:32:16","slug":"yith-preorder-pour-woocommerce-premium","status":"publish","type":"product","link":"https:\/\/gpl-love.com\/fr\/produit\/yith-preorder-pour-woocommerce-premium\/","title":{"rendered":"YITH PreOrder pour WooCommerce Premium 2.23.2"},"content":{"rendered":"<h3>YITH PreOrder pour WooCommerce Premium Traits<\/h3>\n<p>Yith Pr\u00e9commande pour WooCommerce Premium, un outil tr\u00e8s robuste, permet aux propri\u00e9taires de magasins la possibilit\u00e9 de pr\u00e9senter des choix de pr\u00e9commande \u00e0 leurs clients estim\u00e9s. En utilisant ce plugin, les utilisateurs peuvent facilement passer des commandes pour les articles qui sont en rupture de stock ou qui doivent encore \u00eatre lib\u00e9r\u00e9s, garantissant ainsi leur livraison une fois qu&rsquo;ils sont mis \u00e0 disposition. De plus, le plugin \u00e9tend ses fonctionnalit\u00e9s en permettant aux propri\u00e9taires de magasins d&rsquo;\u00e9tablir un minuteur de compte \u00e0 rebours sp\u00e9cifiquement pour les produits de pr\u00e9commande, ce qui informe ensuite les clients lorsque l&rsquo;article souhait\u00e9 peut \u00eatre acquis. De plus, Yith Pr\u00e9commande pour WooCommerce Premium est fier de son processus d&rsquo;installation sans effort et de son large \u00e9ventail d&rsquo;options de personnalisation, permettant ainsi aux propri\u00e9taires de magasins d&rsquo;adapter sans effort la proc\u00e9dure de pr\u00e9commande pour s&rsquo;aligner parfaitement avec leurs exigences sp\u00e9cifiques en magasin. En tirant parti de ce plugin remarquable, les propri\u00e9taires de magasins peuvent augmenter efficacement leurs chiffres de vente, minimiser simultan\u00e9ment les co\u00fbts des stocks et, finalement, \u00e9lever les niveaux de satisfaction des clients en facilitant sans effort une exp\u00e9rience de pr\u00e9commande transparente.<\/p>\n<ul>\n<li>Permet aux clients de pr\u00e9commander des produits qui ne sont pas encore disponibles \u00e0 l&rsquo;achat<\/li>\n<li>Augmente la satisfaction du client en leur donnant la possibilit\u00e9 de s\u00e9curiser un produit avant sa sortie<\/li>\n<li>Aide les commer\u00e7ants \u00e0 \u00e9valuer la demande de produits \u00e0 venir et \u00e0 ajuster les stocks en cons\u00e9quence<\/li>\n<li>Permet aux commer\u00e7ants de d\u00e9finir des messages et des dates de pr\u00e9commande personnalisables<\/li>\n<li>Fournit une interface facile \u00e0 utiliser pour g\u00e9rer les produits et les commandes de pr\u00e9commande<\/li>\n<li>S&rsquo;int\u00e8gre parfaitement \u00e0 WooCommerce, la principale plateforme de commerce \u00e9lectronique<\/li>\n<li>Offre des notifications d&rsquo;e-mail d&rsquo;administration et d&rsquo;utilisateur pour tenir tout le monde inform\u00e9 tout au long du processus de pr\u00e9commande<\/li>\n<li>Prend en charge plusieurs langues, y compris l&rsquo;anglais, le fran\u00e7ais, l&rsquo;italien et l&rsquo;espagnol<\/li>\n<li>Comprend une documentation d\u00e9taill\u00e9e et un support d\u00e9di\u00e9 pour aider les commer\u00e7ants \u00e0 configurer et \u00e0 utiliser efficacement le plugin.<\/li>\n<\/ul>\n","protected":false},"excerpt":{"rendered":"<p>Yith Pr\u00e9commande pour WooCommerce Premium est un plugin incroyablement sophistiqu\u00e9 qui offre la capacit\u00e9 remarquable de permettre \u00e0 vos clients estim\u00e9s de placer des pr\u00e9commandes pour les produits m\u00eame avant leur date de sortie officielle. La polyvalence de ce plugin est vraiment impressionnante, car vous pouvez superviser et g\u00e9rer sans effort les pr\u00e9commandes, tout en fournissant simultan\u00e9ment des messages sur mesure pour informer vos pr\u00e9cieux clients concernant la disponibilit\u00e9 du produit souhait\u00e9. De plus, ce plugin exceptionnel vous permet d&rsquo;\u00e9tablir diverses alternatives de pr\u00e9commande, englobant les paiements de d\u00e9p\u00f4t, les horaires de livraison et une gamme d&rsquo;autres fonctionnalit\u00e9s indispensables. En substance, la pr\u00e9commande Yith pour WooCommerce Premium incarne un actif indispensable qui maintient le potentiel d&rsquo;\u00e9l\u00e9menter consid\u00e9rablement vos chiffres de vente tout en am\u00e9liorant simultan\u00e9ment le contentement des clients \u00e0 des hauteurs sans pr\u00e9c\u00e9dent.<\/p>\n","protected":false},"featured_media":146410,"comment_status":"open","ping_status":"open","template":"","meta":[],"product_brand":[2487],"product_cat":[1182,1223,1181],"product_tag":[1437],"class_list":{"0":"post-118203","1":"product","2":"type-product","3":"status-publish","4":"has-post-thumbnail","6":"product_brand-yith","7":"product_cat-commerce-electronique-plugins","8":"product_cat-personnalisation-commerce-electronique-plugins","9":"product_cat-plugins","10":"product_tag-yith","11":"member-discount","12":"discount-restricted","14":"first","15":"instock","16":"sale","17":"downloadable","18":"virtual","19":"sold-individually","20":"purchasable","21":"product-type-simple"},"_links":{"self":[{"href":"https:\/\/gpl-love.com\/fr\/wp-json\/wp\/v2\/product\/118203","targetHints":{"allow":["GET"]}}],"collection":[{"href":"https:\/\/gpl-love.com\/fr\/wp-json\/wp\/v2\/product"}],"about":[{"href":"https:\/\/gpl-love.com\/fr\/wp-json\/wp\/v2\/types\/product"}],"replies":[{"embeddable":true,"href":"https:\/\/gpl-love.com\/fr\/wp-json\/wp\/v2\/comments?post=118203"}],"wp:featuredmedia":[{"embeddable":true,"href":"https:\/\/gpl-love.com\/fr\/wp-json\/wp\/v2\/media\/146410"}],"wp:attachment":[{"href":"https:\/\/gpl-love.com\/fr\/wp-json\/wp\/v2\/media?parent=118203"}],"wp:term":[{"taxonomy":"product_brand","embeddable":true,"href":"https:\/\/gpl-love.com\/fr\/wp-json\/wp\/v2\/product_brand?post=118203"},{"taxonomy":"product_cat","embeddable":true,"href":"https:\/\/gpl-love.com\/fr\/wp-json\/wp\/v2\/product_cat?post=118203"},{"taxonomy":"product_tag","embeddable":true,"href":"https:\/\/gpl-love.com\/fr\/wp-json\/wp\/v2\/product_tag?post=118203"}],"curies":[{"name":"wp","href":"https:\/\/api.w.org\/{rel}","templated":true}]}}