{"id":118182,"date":"2021-09-12T00:00:00","date_gmt":"2021-09-11T22:00:00","guid":{"rendered":"http:\/\/gpl-love.com\/fr\/produit\/everest-google-places-reviews\/"},"modified":"2026-03-20T23:05:11","modified_gmt":"2026-03-20T22:05:11","slug":"everest-google-places-reviews","status":"publish","type":"product","link":"https:\/\/gpl-love.com\/fr\/produit\/everest-google-places-reviews\/","title":{"rendered":"Everest Google Places Reviews 2.1.1"},"content":{"rendered":"<h3>Everest Google Places Reviews Traits<\/h3>\n<p>Everest Google Places Reviews est un produit innovant et sophistiqu\u00e9 qui offre aux entreprises la possibilit\u00e9 de rassembler efficacement et efficacement les avis des utilisateurs \u00e0 partir de la plate-forme tr\u00e8s influente de Google Places. Avec cet outil inestimable, les entreprises sont autoris\u00e9es \u00e0 obtenir une compr\u00e9hension compl\u00e8te et globale des commentaires qu&rsquo;ils re\u00e7oivent de leur client\u00e8le estim\u00e9e sur Google, leur permettant ainsi de faire des am\u00e9liorations n\u00e9cessaires \u00e0 leurs produits, services et \u00e0 l&rsquo;exp\u00e9rience client globale qu&rsquo;ils offrent.<\/p>\n<p>L&rsquo;une des caract\u00e9ristiques remarquables des avis sur l&rsquo;Everest Google est sa capacit\u00e9 \u00e0 permettre aux entreprises de surveiller activement leur r\u00e9putation en ligne, en veillant \u00e0 ce qu&rsquo;ils restent conscients de tout \u00e9loge ou critique qu&rsquo;ils re\u00e7oivent des clients. Cette fonctionnalit\u00e9 inestimable aide les entreprises \u00e0 r\u00e9pondre rapidement aux avis, \u00e0 d\u00e9montrer leur engagement envers le service client exceptionnel et leur volont\u00e9 de r\u00e9pondre \u00e0 toute pr\u00e9occupation ou probl\u00e8me qui pourrait survenir.<\/p>\n<p>De plus, ce produit extraordinaire poss\u00e8de des capacit\u00e9s de filtrage et de rapport avanc\u00e9es, qui servent d&rsquo;outil crucial pour les entreprises pour identifier les tendances \u00e9mergentes, l&rsquo;extraction de pr\u00e9cieuses informations et le pinpachement des domaines qui n\u00e9cessitent une am\u00e9lioration. Arm\u00e9s de cette multitude d&rsquo;informations, les entreprises peuvent prendre des d\u00e9cisions \u00e9clair\u00e9es et mettre en \u0153uvre des strat\u00e9gies pour optimiser leur pr\u00e9sence en ligne, assurer la satisfaction du client et, finalement, offrir des exp\u00e9riences client in\u00e9gal\u00e9es.<\/p>\n<p>En conclusion, l&rsquo;Everest Google Place les avis est un instrument indispensable et puissant pour les entreprises qui cherchent \u00e0 g\u00e9rer efficacement leur pr\u00e9sence en ligne et \u00e0 cultiver la fid\u00e9lisation durable de la client\u00e8le. En exploitant la puissance de ce produit de pointe, les entreprises sont \u00e9quip\u00e9es des outils et des id\u00e9es n\u00e9cessaires pour am\u00e9liorer en continu leurs offres et d\u00e9passer les attentes des clients, se positionnant ainsi en tant que leaders de l&rsquo;industrie dans le paysage num\u00e9rique.<\/p>\n<ul>\n<li>Fournir des avis pr\u00e9cis et fiables pour tout emplacement recherch\u00e9 sur Google Places<\/li>\n<li>Affichez les commentaires positifs et n\u00e9gatifs pour donner une impression bien \u00e9quilibr\u00e9e de l&rsquo;entreprise<\/li>\n<li>Permettre aux utilisateurs de filtrer les avis par date, note et mot-cl\u00e9 pour une analyse facile<\/li>\n<li>Mettre \u00e0 jour automatiquement avec de nouvelles avis au fur et \u00e0 mesure qu&rsquo;ils sont publi\u00e9s sur Google Places<\/li>\n<li>Int\u00e9grez parfaitement \u00e0 Google Maps et place les pages existantes pour une exp\u00e9rience rationalis\u00e9e<\/li>\n<li>Fournir des informations exploitables aux propri\u00e9taires d&rsquo;entreprise pour am\u00e9liorer leur r\u00e9putation en ligne et leur exp\u00e9rience client<\/li>\n<li>Offrir des prix comp\u00e9titifs et des plans d&rsquo;abonnement flexibles pour r\u00e9pondre aux besoins des entreprises de toutes tailles<\/li>\n<li>Accessible via une interface Web conviviale avec un processus de connexion simple<\/li>\n<li>Fournir un support client de premier ordre pour vous assurer que les utilisateurs tirent le meilleur parti de leur abonnement<\/li>\n<li>Compatible avec une vari\u00e9t\u00e9 d&rsquo;appareils, y compris des ordinateurs de bureau, des tablettes et des smartphones.<\/li>\n<\/ul>\n","protected":false},"excerpt":{"rendered":"<p>En utilisant les avis sur l&rsquo;Everest Google, vous aurez la possibilit\u00e9 d&rsquo;obtenir des \u00e9valuations authentiques et actuelles pour votre entreprise. Prenez l&rsquo;initiative de saisir les d\u00e9tails pertinents de votre entreprise et, en retour, vous recevrez un rapport complet comprenant des avis des clients d\u00e9riv\u00e9s de Google. \u00c9valuer et garder un \u0153il vigilant sur les commentaires des clients pour am\u00e9liorer la position de votre entreprise et attirer un plus grand nombre de clients. Avec l&rsquo;aide d&rsquo;Everest Google Place les avis, vous pouvez maintenir sans effort un avantage concurrentiel et garantir le contentement de vos clients.<\/p>\n","protected":false},"featured_media":143822,"comment_status":"open","ping_status":"open","template":"","meta":[],"product_brand":[2435],"product_cat":[1207,1181,1186],"product_tag":[1231],"class_list":{"0":"post-118182","1":"product","2":"type-product","3":"status-publish","4":"has-post-thumbnail","6":"product_brand-codecanyon","7":"product_cat-commercialisation-wordpress-plugins","8":"product_cat-plugins","9":"product_cat-wordpress-plugins","10":"product_tag-codecanyon","11":"member-discount","12":"discount-restricted","14":"first","15":"instock","16":"sale","17":"downloadable","18":"virtual","19":"sold-individually","20":"purchasable","21":"product-type-simple"},"_links":{"self":[{"href":"https:\/\/gpl-love.com\/fr\/wp-json\/wp\/v2\/product\/118182","targetHints":{"allow":["GET"]}}],"collection":[{"href":"https:\/\/gpl-love.com\/fr\/wp-json\/wp\/v2\/product"}],"about":[{"href":"https:\/\/gpl-love.com\/fr\/wp-json\/wp\/v2\/types\/product"}],"replies":[{"embeddable":true,"href":"https:\/\/gpl-love.com\/fr\/wp-json\/wp\/v2\/comments?post=118182"}],"wp:featuredmedia":[{"embeddable":true,"href":"https:\/\/gpl-love.com\/fr\/wp-json\/wp\/v2\/media\/143822"}],"wp:attachment":[{"href":"https:\/\/gpl-love.com\/fr\/wp-json\/wp\/v2\/media?parent=118182"}],"wp:term":[{"taxonomy":"product_brand","embeddable":true,"href":"https:\/\/gpl-love.com\/fr\/wp-json\/wp\/v2\/product_brand?post=118182"},{"taxonomy":"product_cat","embeddable":true,"href":"https:\/\/gpl-love.com\/fr\/wp-json\/wp\/v2\/product_cat?post=118182"},{"taxonomy":"product_tag","embeddable":true,"href":"https:\/\/gpl-love.com\/fr\/wp-json\/wp\/v2\/product_tag?post=118182"}],"curies":[{"name":"wp","href":"https:\/\/api.w.org\/{rel}","templated":true}]}}