{"id":118180,"date":"2025-02-05T00:00:00","date_gmt":"2025-02-04T23:00:00","guid":{"rendered":"http:\/\/gpl-love.com\/fr\/produit\/wp-dark-mode-ultimate\/"},"modified":"2026-03-20T23:49:45","modified_gmt":"2026-03-20T22:49:45","slug":"wp-dark-mode-ultimate","status":"publish","type":"product","link":"https:\/\/gpl-love.com\/fr\/produit\/wp-dark-mode-ultimate\/","title":{"rendered":"WP Dark Mode Ultimate 4.0.8"},"content":{"rendered":"<h3>WP Dark Mode Ultimate Traits<\/h3>\n<p>WP Dark Mode Ultimate est un plugin tr\u00e8s innovant qui a \u00e9t\u00e9 m\u00e9ticuleusement con\u00e7u pour offrir une exp\u00e9rience de mode noir in\u00e9gal\u00e9 pour votre site Web WordPress. Cet outil extraordinaire pr\u00e9sente une pl\u00e9thore d&rsquo;options de personnalisation qui vous permettent d&rsquo;adapter compl\u00e8tement l&rsquo;esth\u00e9tique visuelle et l&rsquo;ambiance de votre site Web. Avec la mise en \u0153uvre de WP Dark Mode Ultimate, vous poss\u00e9dez la capacit\u00e9 de basculer sans effort entre le mode lumineux illuminant et le mode sombre captivant en un simple clic de bouton. De plus, ce plugin remarquable vous accorde la libert\u00e9 d&rsquo;\u00e9tablir des horaires personnalis\u00e9s et permet m\u00eame un ajustement automatique en fonction des pr\u00e9f\u00e9rences du syst\u00e8me de l&rsquo;utilisateur final. Int\u00e9gration de mani\u00e8re transparente avec votre site Web, WP Dark Mode Ultimate est une solution exceptionnellement conviviale qui convient aux personnes issues de divers horizons professionnels tels que les photographes, les concepteurs, les blogueurs ou ceux qui cherchent simplement \u00e0 infuser un air de sophistication et de raffinement dans leur plate-forme en ligne . Ne perdez pas de temps et acqu\u00e9rir le mode sombre WP ultime aujourd&rsquo;hui pour adopter un niveau d&rsquo;exp\u00e9rience utilisateur enti\u00e8rement nouveau et am\u00e9lior\u00e9 sur votre site Web estim\u00e9.<\/p>\n<ul>\n<li>Compatible avec WordPress -0 ou plus<\/li>\n<li>Un plugin en mode noir personnalisable et convivial<\/li>\n<li>\u00c9conomise de l&rsquo;\u00e9nergie et r\u00e9duit la fatigue oculaire pour les utilisateurs<\/li>\n<li>Am\u00e9liore la lisibilit\u00e9 dans les environnements de faible luminosit\u00e9<\/li>\n<li>Offre plusieurs options de conception en mode sombre pour des exp\u00e9riences utilisateur dynamiques et modernes<\/li>\n<li>Fournit un bouton bascule pour que les utilisateurs basculent facilement entre les modes sombres et l\u00e9gers<\/li>\n<li>Comprend des param\u00e8tres pour ajuster le texte, l&rsquo;arri\u00e8re-plan et les couleurs de liaison<\/li>\n<li>Aucun codage requis pour l&rsquo;installation et la configuration<\/li>\n<li>Enti\u00e8rement r\u00e9actif et optimis\u00e9 pour toutes les tailles d&rsquo;\u00e9cran<\/li>\n<li>Mises \u00e0 jour r\u00e9guli\u00e8res du plugin et support client fourni<\/li>\n<\/ul>\n","protected":false},"excerpt":{"rendered":"<p>WP Dark Mode Ultimate est un plugin WordPress incroyablement convivial qui int\u00e8gre sans effort une fonctionnalit\u00e9 de mode sombre dans l&rsquo;interface de votre site Web, augmentant consid\u00e9rablement son attrait visuel. En offrant un processus d&rsquo;installation simple et simple aux c\u00f4t\u00e9s d&rsquo;une myriade d&rsquo;options de personnalisation, ce plugin remarquable modifie effectivement le sch\u00e9ma de couleurs de votre site, le rendant \u00e0 la fois \u00e9l\u00e9gamment captivant et incroyablement apaisant aux yeux des utilisateurs, en particulier lorsque vous naviguez dans votre site Web pendant les heures nocturnes ou Dans des conditions d&rsquo;\u00e9clairage faibles. De plus, WP Dark Mode Ultimate pr\u00e9sente une option de commutation \u00e0 bascule, offrant aux utilisateurs la commodit\u00e9 de la transition sans effort entre les modes clairs et sombres \u00e0 leur guise. En acqu\u00e9rant WP Dark Mode Ultimate d\u00e8s aujourd&rsquo;hui, vous \u00e9l\u00e8verez sans aucun doute l&rsquo;exp\u00e9rience utilisateur globale de votre site Web et \u00e9tonnerez vos visiteurs avec son allure visuellement frappante.<\/p>\n","protected":false},"featured_media":146144,"comment_status":"open","ping_status":"open","template":"","meta":[],"product_brand":[2715],"product_cat":[1189,1181,1186],"product_tag":[2252],"class_list":{"0":"post-118180","1":"product","2":"type-product","3":"status-publish","4":"has-post-thumbnail","6":"product_brand-wppool","7":"product_cat-personnalisation","8":"product_cat-plugins","9":"product_cat-wordpress-plugins","10":"product_tag-wppool","11":"member-discount","12":"discount-restricted","14":"first","15":"instock","16":"sale","17":"downloadable","18":"virtual","19":"sold-individually","20":"purchasable","21":"product-type-simple"},"_links":{"self":[{"href":"https:\/\/gpl-love.com\/fr\/wp-json\/wp\/v2\/product\/118180","targetHints":{"allow":["GET"]}}],"collection":[{"href":"https:\/\/gpl-love.com\/fr\/wp-json\/wp\/v2\/product"}],"about":[{"href":"https:\/\/gpl-love.com\/fr\/wp-json\/wp\/v2\/types\/product"}],"replies":[{"embeddable":true,"href":"https:\/\/gpl-love.com\/fr\/wp-json\/wp\/v2\/comments?post=118180"}],"wp:featuredmedia":[{"embeddable":true,"href":"https:\/\/gpl-love.com\/fr\/wp-json\/wp\/v2\/media\/146144"}],"wp:attachment":[{"href":"https:\/\/gpl-love.com\/fr\/wp-json\/wp\/v2\/media?parent=118180"}],"wp:term":[{"taxonomy":"product_brand","embeddable":true,"href":"https:\/\/gpl-love.com\/fr\/wp-json\/wp\/v2\/product_brand?post=118180"},{"taxonomy":"product_cat","embeddable":true,"href":"https:\/\/gpl-love.com\/fr\/wp-json\/wp\/v2\/product_cat?post=118180"},{"taxonomy":"product_tag","embeddable":true,"href":"https:\/\/gpl-love.com\/fr\/wp-json\/wp\/v2\/product_tag?post=118180"}],"curies":[{"name":"wp","href":"https:\/\/api.w.org\/{rel}","templated":true}]}}