{"id":118178,"date":"2022-02-20T00:00:00","date_gmt":"2022-02-19T23:00:00","guid":{"rendered":"http:\/\/gpl-love.com\/fr\/produit\/improved-sale-badges-pour-woocommerce\/"},"modified":"2026-03-20T23:20:14","modified_gmt":"2026-03-20T22:20:14","slug":"improved-sale-badges-pour-woocommerce","status":"publish","type":"product","link":"https:\/\/gpl-love.com\/fr\/produit\/improved-sale-badges-pour-woocommerce\/","title":{"rendered":"Improved Sale Badges pour WooCommerce 4.4.2"},"content":{"rendered":"<h3>Improved Sale Badges pour WooCommerce Traits<\/h3>\n<p>L&rsquo;am\u00e9lioration des badges de vente pour WooCommerce est une solution exceptionnelle qui s&rsquo;adresse aux magasins en ligne cherchant \u00e0 augmenter les ventes et \u00e0 am\u00e9liorer l&rsquo;engagement des clients. Ce plugin pionnier vous permet de g\u00e9n\u00e9rer des badges de vente captivants garantis pour captiver l&rsquo;int\u00e9r\u00eat de vos clients, les obligeant \u00e0 effectuer un achat. Avec un large \u00e9ventail d&rsquo;options personnalisables \u00e0 votre disposition, vous pouvez fabriquer sans effort des badges qui correspondent \u00e0 votre marque et vous int\u00e9grer de mani\u00e8re transparente \u00e0 la conception globale de votre magasin. De plus, ces badges sont pleinement r\u00e9actifs, garantissant que leur attrait visuel reste coh\u00e9rent sur tous les appareils. Que vous ex\u00e9cutiez une vente flash limit\u00e9e dans le temps, que vous \u00e9tendiez des remises \u00e0 des produits sp\u00e9cifiques ou que vous vous efforcons simplement d&rsquo;attirer l&rsquo;attention sur vos offres les plus lucratives, les badges de vente am\u00e9lior\u00e9s pour WooCommerce sont l&rsquo;outil ultime pour faciliter l&rsquo;atteinte de vos objectifs.<\/p>\n<ul>\n<li>Badges de vente accrocheurs qui attirent l&rsquo;attention de votre client<\/li>\n<li>Design am\u00e9lior\u00e9 qui semble plus professionnel et moderne<\/li>\n<li>Facile \u00e0 installer et \u00e0 configurer sur votre boutique WooCommerce<\/li>\n<li>Capacit\u00e9 \u00e0 personnaliser les couleurs et le texte des badges<\/li>\n<li>Compatible avec tous les th\u00e8mes WooCommerce et peut \u00eatre utilis\u00e9 sur plusieurs produits<\/li>\n<li>Augmenter les ventes en promouvant des rabais et des offres sp\u00e9ciales plus efficacement<\/li>\n<li>Augmente l&rsquo;engagement des clients et aide \u00e0 renforcer la confiance dans votre marque<\/li>\n<li>Parfait pour les magasins en ligne qui ex\u00e9cutent fr\u00e9quemment les ventes et les promotions<\/li>\n<li>Aide les clients \u00e0 identifier facilement les produits en vente et les encourage \u00e0 faire un achat<\/li>\n<\/ul>\n","protected":false},"excerpt":{"rendered":"<p>Am\u00e9liorez l&rsquo;attrait visuel de votre boutique WooCommerce et augmentez vos ventes sans effort en incorporant notre plugin de badges de vente am\u00e9lior\u00e9 tr\u00e8s efficace. Cet outil remarquable vous permet de cr\u00e9er sans effort des badges captivants qui pr\u00e9sentent efficacement vos produits \u00e0 prix r\u00e9duits, capturant ainsi l&rsquo;attention des clients potentiels. De plus, vous avez la flexibilit\u00e9 d&rsquo;adapter ces badges pour s&rsquo;aligner parfaitement avec la marque unique de votre magasin en personnalisant leur taille, leur couleur et leur police. En am\u00e9liorant la visibilit\u00e9 et en assurant la plus grande clart\u00e9, soyez assur\u00e9 que vos pr\u00e9cieux clients ne n\u00e9gligeront aucune de vos offres sp\u00e9ciales attrayantes. Nous vous implorons de placer votre confiance dans ce plugin convivial, car il s&rsquo;agit sans aucun doute d&rsquo;un ajout qui change la donne qui garantit un succ\u00e8s sans pr\u00e9c\u00e9dent pour votre entreprise de commerce \u00e9lectronique.<\/p>\n","protected":false},"featured_media":144224,"comment_status":"open","ping_status":"open","template":"","meta":[],"product_brand":[2435],"product_cat":[1182,1223,1181],"product_tag":[1231],"class_list":{"0":"post-118178","1":"product","2":"type-product","3":"status-publish","4":"has-post-thumbnail","6":"product_brand-codecanyon","7":"product_cat-commerce-electronique-plugins","8":"product_cat-personnalisation-commerce-electronique-plugins","9":"product_cat-plugins","10":"product_tag-codecanyon","11":"member-discount","12":"discount-restricted","14":"first","15":"instock","16":"sale","17":"downloadable","18":"virtual","19":"sold-individually","20":"purchasable","21":"product-type-simple"},"_links":{"self":[{"href":"https:\/\/gpl-love.com\/fr\/wp-json\/wp\/v2\/product\/118178","targetHints":{"allow":["GET"]}}],"collection":[{"href":"https:\/\/gpl-love.com\/fr\/wp-json\/wp\/v2\/product"}],"about":[{"href":"https:\/\/gpl-love.com\/fr\/wp-json\/wp\/v2\/types\/product"}],"replies":[{"embeddable":true,"href":"https:\/\/gpl-love.com\/fr\/wp-json\/wp\/v2\/comments?post=118178"}],"wp:featuredmedia":[{"embeddable":true,"href":"https:\/\/gpl-love.com\/fr\/wp-json\/wp\/v2\/media\/144224"}],"wp:attachment":[{"href":"https:\/\/gpl-love.com\/fr\/wp-json\/wp\/v2\/media?parent=118178"}],"wp:term":[{"taxonomy":"product_brand","embeddable":true,"href":"https:\/\/gpl-love.com\/fr\/wp-json\/wp\/v2\/product_brand?post=118178"},{"taxonomy":"product_cat","embeddable":true,"href":"https:\/\/gpl-love.com\/fr\/wp-json\/wp\/v2\/product_cat?post=118178"},{"taxonomy":"product_tag","embeddable":true,"href":"https:\/\/gpl-love.com\/fr\/wp-json\/wp\/v2\/product_tag?post=118178"}],"curies":[{"name":"wp","href":"https:\/\/api.w.org\/{rel}","templated":true}]}}