{"id":118163,"date":"2025-01-22T00:00:00","date_gmt":"2025-01-21T23:00:00","guid":{"rendered":"http:\/\/gpl-love.com\/fr\/produit\/themify-builder-image-pro\/"},"modified":"2026-04-10T18:42:37","modified_gmt":"2026-04-10T16:42:37","slug":"themify-builder-image-pro","status":"publish","type":"product","link":"https:\/\/gpl-love.com\/fr\/produit\/themify-builder-image-pro\/","title":{"rendered":"Themify Builder Image Pro 3.5.6"},"content":{"rendered":"<h3>Themify Builder Image Pro Traits<\/h3>\n<p>THEFIFY Builder Image Pro est un outil d&rsquo;\u00e9dition d&rsquo;image tr\u00e8s robuste et avanc\u00e9 qui permet aux utilisateurs la possibilit\u00e9 de g\u00e9n\u00e9rer sans effort des visuels \u00e0 couper le souffle pour leurs sites Web. B\u00e9n\u00e9ficiant d&rsquo;une interface conviviale, ce logiciel exceptionnel offre une vaste gamme de fonctionnalit\u00e9s sophistiqu\u00e9es englobant l&rsquo;ajustement des couleurs, les recadrage, le redimensionnement et les filtres d&rsquo;image, facilitant ainsi les utilisateurs dans l&rsquo;\u00e9laboration d&rsquo;images qui s&rsquo;alignent parfaitement avec leurs besoins uniques. De plus, cet outil r\u00e9volutionnaire int\u00e8gre un assortiment de mod\u00e8les m\u00e9ticuleusement con\u00e7us et d&rsquo;une vaste biblioth\u00e8que comprenant plus de 600 ic\u00f4nes et graphiques, permettant ainsi aux utilisateurs de fa\u00e7onner rapidement des conceptions visuellement visuellement captivantes avec une plus grande facilit\u00e9. Avec ses fonctionnalit\u00e9s et sa polyvalence in\u00e9gal\u00e9es, THEFIFY Builder Image Pro appara\u00eet comme la solution ultime pour les concepteurs de sites Web, les blogueurs et les cr\u00e9ateurs de contenu aspirant \u00e0 transcender les limites de leurs images et \u00e0 assurer leur importance notable sur leurs sites Web respectives. Embrasser The Thify Builder Image Pro permet aux utilisateurs de fa\u00e7onner des images de haut niveau et polis professionnellement qui saisissent sans effort l&rsquo;attention de leur public et augmentent consid\u00e9rablement l&rsquo;attrait visuel de leurs sites Web.<\/p>\n<ul>\n<li>Interface de glisser-d\u00e9poser facile pour cr\u00e9er de belles galeries d&rsquo;images<\/li>\n<li>Choisissez parmi plus de 25 dispositions de galerie uniques<\/li>\n<li>Personnaliser les galeries avec des effets de survol et des bo\u00eetes lumineuses<\/li>\n<li>Ajouter des titres, des descriptions et des liens vers des images<\/li>\n<li>Conception r\u00e9active pour les utilisateurs de mobiles et de tablettes<\/li>\n<li>Options de couleurs illimit\u00e9es pour les arri\u00e8re-plans et boutons de la galerie<\/li>\n<li>URL d&rsquo;image et \u00e9tiquettes ALT conviviales<\/li>\n<li>Int\u00e9gration avec la biblioth\u00e8que des m\u00e9dias et les sources d&rsquo;image tierce<\/li>\n<li>Compatibilit\u00e9 avec tous les th\u00e8mes THEFIFY et les plates-formes WordPress<\/li>\n<li>Prise en charge gratuite et mises \u00e0 jour \u00e0 l&rsquo;achat.<\/li>\n<\/ul>\n","protected":false},"excerpt":{"rendered":"<p>Pr\u00e9sentation de l&rsquo;image de Builder Image Pro remarquable et tr\u00e8s avanc\u00e9e, une solution r\u00e9volutionnaire sp\u00e9cialement con\u00e7ue pour permettre aux utilisateurs de cr\u00e9er des sites Web visuellement frappants qui d\u00e9gagent un attrait dynamique et captivant. Avec l&rsquo;inclusion de cet outil extr\u00eamement puissant dans votre arsenal num\u00e9rique, incorporez sans effort des images impressionnantes sur vos pages Web, enrichies avec un \u00e9ventail d&rsquo;animations pr\u00e9install\u00e9es, des effets de volants et une abondance de fonctionnalit\u00e9s suppl\u00e9mentaires \u00e0 explorer. Que vous soyez un designer professionnel chevronn\u00e9 ou un constructeur de sites Web de bricolage enthousiaste et ambitieux, The Th\u00e9sify Builder Image Pro facilite la cr\u00e9ation de visuels visuellement destin\u00e9s visuellement qui sont destin\u00e9s \u00e0 laisser une marque ind\u00e9l\u00e9bile sur vos visiteurs estim\u00e9s. Pourquoi retarder davantage? Onitez votre voyage aujourd&rsquo;hui et propulsez votre site Web vers des hauteurs d&rsquo;excellence in\u00e9gal\u00e9es en adoptant les capacit\u00e9s extraordinaires qui vous sont accord\u00e9es par The Thefy Builder Image Pro.<\/p>\n","protected":false},"featured_media":145505,"comment_status":"open","ping_status":"open","template":"","meta":[],"product_brand":[2674],"product_cat":[1189,1181,1186],"product_tag":[1375],"class_list":{"0":"post-118163","1":"product","2":"type-product","3":"status-publish","4":"has-post-thumbnail","6":"product_brand-themify","7":"product_cat-personnalisation","8":"product_cat-plugins","9":"product_cat-wordpress-plugins","10":"product_tag-themify","11":"member-discount","12":"discount-restricted","14":"first","15":"instock","16":"sale","17":"downloadable","18":"virtual","19":"sold-individually","20":"purchasable","21":"product-type-simple"},"_links":{"self":[{"href":"https:\/\/gpl-love.com\/fr\/wp-json\/wp\/v2\/product\/118163","targetHints":{"allow":["GET"]}}],"collection":[{"href":"https:\/\/gpl-love.com\/fr\/wp-json\/wp\/v2\/product"}],"about":[{"href":"https:\/\/gpl-love.com\/fr\/wp-json\/wp\/v2\/types\/product"}],"replies":[{"embeddable":true,"href":"https:\/\/gpl-love.com\/fr\/wp-json\/wp\/v2\/comments?post=118163"}],"wp:featuredmedia":[{"embeddable":true,"href":"https:\/\/gpl-love.com\/fr\/wp-json\/wp\/v2\/media\/145505"}],"wp:attachment":[{"href":"https:\/\/gpl-love.com\/fr\/wp-json\/wp\/v2\/media?parent=118163"}],"wp:term":[{"taxonomy":"product_brand","embeddable":true,"href":"https:\/\/gpl-love.com\/fr\/wp-json\/wp\/v2\/product_brand?post=118163"},{"taxonomy":"product_cat","embeddable":true,"href":"https:\/\/gpl-love.com\/fr\/wp-json\/wp\/v2\/product_cat?post=118163"},{"taxonomy":"product_tag","embeddable":true,"href":"https:\/\/gpl-love.com\/fr\/wp-json\/wp\/v2\/product_tag?post=118163"}],"curies":[{"name":"wp","href":"https:\/\/api.w.org\/{rel}","templated":true}]}}