{"id":118123,"date":"2025-07-09T00:00:00","date_gmt":"2025-07-08T22:00:00","guid":{"rendered":"http:\/\/gpl-love.com\/fr\/produit\/wpforms-mailchimp\/"},"modified":"2026-03-20T23:51:31","modified_gmt":"2026-03-20T22:51:31","slug":"wpforms-mailchimp","status":"publish","type":"product","link":"https:\/\/gpl-love.com\/fr\/produit\/wpforms-mailchimp\/","title":{"rendered":"WPForms Mailchimp 2.5.1"},"content":{"rendered":"<h3>WPForms Mailchimp Traits<\/h3>\n<p>WPFORMS MailChimp est une solution logicielle extr\u00eamement robuste et influente qui vous offre la capacit\u00e9 transparente \u00e0 int\u00e9grer sans effort WPFORMS, un plugin de formulaire de glisser-d\u00e9collement tr\u00e8s intuitif et convivial tel que des formulaires divers, tels que des formulaires divers tels que des formes diverses, telles que Formulaires de contact, formulaires de paiement, formulaires d&rsquo;inscription et bien d&rsquo;autres, avec MailChimp, une plate-forme de marketing par e-mail incroyablement polyvalente et compl\u00e8te qui vous permet de renvoyer efficacement et efficacement les newsletters, des e-mails automatis\u00e9s et des campagnes cibl\u00e9es avec pr\u00e9cision \u00e0 vos abonn\u00e9s pr\u00e9cieux. En utilisant les capacit\u00e9s remarquables de WPForms MailChimp, vous pouvez \u00e9tablir facilement une connexion directe entre vos formulaires WPFORMS et votre compte MailChimp, vous permettant d&rsquo;ajouter sans effort vos abonn\u00e9s estim\u00e9s \u00e0 votre vaste liste de diffusion. De plus, vous pouvez \u00e9galement configurer et organiser des flux de travail d&rsquo;automatisation divers, segmenter ing\u00e9nieusement vos abonn\u00e9s estim\u00e9s de mani\u00e8re strat\u00e9gique et syst\u00e9matique, et surveiller et \u00e9valuer avec diligence les performances et l&rsquo;efficacit\u00e9 de vos campagnes \u00e0 multiples facettes. With its exceedingly user-friendly interface, WPForms Mailchimp is unquestionably a vital and indispensable tool for anyone who is earnestly seeking to actively expand and enhance the size and quality of their indispensable email list while simultaneously elevating and escalating the overall effectiveness and impact of their critically Initiatives d&rsquo;e-mails importantes \u00e0 un niveau de marketing par e-mail \u00e0 un niveau de comp\u00e9tence et de succ\u00e8s enti\u00e8rement nouveau et sans pr\u00e9c\u00e9dent.<\/p>\n<ul>\n<li>Int\u00e9grez les WPForms avec MailChimp pour g\u00e9rer de mani\u00e8re transparente votre liste de marketing par e-mail.<\/li>\n<li>Assurez-vous que les donn\u00e9es de vos utilisateurs sont transf\u00e9r\u00e9es en toute s\u00e9curit\u00e9 et avec pr\u00e9cision de WPForms \u00e0 MailChimp.<\/li>\n<li>Automatisez vos campagnes par e-mail en configurant des workflows bas\u00e9s sur le d\u00e9clenchement \u00e0 l&rsquo;aide de l&rsquo;int\u00e9gration WPForms MailChimp.<\/li>\n<li>Utilisez l&rsquo;int\u00e9gration pour cr\u00e9er des listes de diffusion cibl\u00e9es en fonction des formulaires que les utilisateurs remplissent sur votre site.<\/li>\n<li>G\u00e9rez vos abonn\u00e9s MailChimp directement \u00e0 partir du tableau de bord WPFORMS.<\/li>\n<li>Profitez des avantages des options avanc\u00e9es de segmentation et de personnalisation pour augmenter l&rsquo;engagement et les conversions.<\/li>\n<li>Utilisez l&rsquo;int\u00e9gration WPFORMS MailChimp pour cr\u00e9er des mod\u00e8les de messagerie personnalis\u00e9s et optimis\u00e9s qui ne capteront pas l&rsquo;attention de votre public.<\/li>\n<li>Suivez et analysez facilement les performances de votre campagne par e-mail \u00e0 l&rsquo;aide des outils d&rsquo;analyse int\u00e9gr\u00e9s de MailChimp.<\/li>\n<\/ul>\n","protected":false},"excerpt":{"rendered":"<p>WPForms MailChimp est un plugin incroyablement robuste qui a la capacit\u00e9 d&rsquo;\u00e9tablir sans effort une connexion entre WPForms et MailChimp en quelques clics simples. Cet outil remarquable rationalise et simplifie l&rsquo;ensemble du processus de cr\u00e9ation de formulaires et la collecte d&rsquo;informations essentielles sur les abonn\u00e9s, rendant ainsi les efforts de marketing par e-mail comme pratiquement sans effort. Avec les capacit\u00e9s exceptionnelles de WPForms MailChimp, vous avez la possibilit\u00e9 de synchroniser de mani\u00e8re transparente vos formulaires m\u00e9ticuleusement con\u00e7us directement avec votre compte MailChimp, vous offrant ainsi la possibilit\u00e9 de g\u00e9rer efficacement vos abonn\u00e9s pris\u00e9s. De plus, ce plugin remarquable vous permet \u00e9galement d&rsquo;automatiser de mani\u00e8re transparente vos campagnes d&rsquo;e-mail, tout en vous offrant simultan\u00e9ment la capacit\u00e9 inestimable \u00e0 suivre et \u00e0 analyser m\u00e9ticuleusement l&rsquo;impact et l&rsquo;efficacit\u00e9 desdites campagnes. Que vous soyez un sp\u00e9cialiste du marketing chevronn\u00e9 et exp\u00e9riment\u00e9 ou un propri\u00e9taire de petites entreprises en herbe, WPForms MailChimp appara\u00eet ind\u00e9niablement comme l&rsquo;outil ultime et indispensable qui propulsera sans aucun doute vos efforts de marketing par e-mail \u00e0 des horizons sans pr\u00e9c\u00e9dent.<\/p>\n","protected":false},"featured_media":146264,"comment_status":"open","ping_status":"open","template":"","meta":[],"product_brand":[2724],"product_cat":[1207,1181,1186],"product_tag":[1415],"class_list":{"0":"post-118123","1":"product","2":"type-product","3":"status-publish","4":"has-post-thumbnail","6":"product_brand-wp-forms","7":"product_cat-commercialisation-wordpress-plugins","8":"product_cat-plugins","9":"product_cat-wordpress-plugins","10":"product_tag-wp-forms","11":"member-discount","12":"discount-restricted","14":"first","15":"instock","16":"sale","17":"downloadable","18":"virtual","19":"sold-individually","20":"purchasable","21":"product-type-simple"},"_links":{"self":[{"href":"https:\/\/gpl-love.com\/fr\/wp-json\/wp\/v2\/product\/118123","targetHints":{"allow":["GET"]}}],"collection":[{"href":"https:\/\/gpl-love.com\/fr\/wp-json\/wp\/v2\/product"}],"about":[{"href":"https:\/\/gpl-love.com\/fr\/wp-json\/wp\/v2\/types\/product"}],"replies":[{"embeddable":true,"href":"https:\/\/gpl-love.com\/fr\/wp-json\/wp\/v2\/comments?post=118123"}],"wp:featuredmedia":[{"embeddable":true,"href":"https:\/\/gpl-love.com\/fr\/wp-json\/wp\/v2\/media\/146264"}],"wp:attachment":[{"href":"https:\/\/gpl-love.com\/fr\/wp-json\/wp\/v2\/media?parent=118123"}],"wp:term":[{"taxonomy":"product_brand","embeddable":true,"href":"https:\/\/gpl-love.com\/fr\/wp-json\/wp\/v2\/product_brand?post=118123"},{"taxonomy":"product_cat","embeddable":true,"href":"https:\/\/gpl-love.com\/fr\/wp-json\/wp\/v2\/product_cat?post=118123"},{"taxonomy":"product_tag","embeddable":true,"href":"https:\/\/gpl-love.com\/fr\/wp-json\/wp\/v2\/product_tag?post=118123"}],"curies":[{"name":"wp","href":"https:\/\/api.w.org\/{rel}","templated":true}]}}