{"id":118121,"date":"2023-08-18T00:00:00","date_gmt":"2023-08-17T22:00:00","guid":{"rendered":"http:\/\/gpl-love.com\/fr\/produit\/wpforms-custom-captcha\/"},"modified":"2026-03-20T23:51:23","modified_gmt":"2026-03-20T22:51:23","slug":"wpforms-custom-captcha","status":"publish","type":"product","link":"https:\/\/gpl-love.com\/fr\/produit\/wpforms-custom-captcha\/","title":{"rendered":"WPForms Custom Captcha 1.8.0"},"content":{"rendered":"<h3>WPForms Custom Captcha Traits<\/h3>\n<p>WPForms Custom Captcha se pr\u00e9sente comme une ressource tr\u00e8s efficace pour les personnes qui g\u00e9raient des sites Web qui poss\u00e8dent le d\u00e9sir de prot\u00e9ger leurs formes en ligne contre l&rsquo;invasion du spam et des actes de sabotage commis par des bots. Ce plugin convivial accorde \u00e0 ses utilisateurs la possibilit\u00e9 de g\u00e9n\u00e9rer des formulaires CAPTCHA personnalis\u00e9s sp\u00e9cifiquement adapt\u00e9s pour r\u00e9pondre \u00e0 leurs exigences uniques, leur permettant ainsi de dissuader la soumission d&rsquo;un contenu ind\u00e9sirable et d&rsquo;assurer la sauvegarde des donn\u00e9es confidentielles. WPFORMS CUSTOM CAPTCHA offre aux propri\u00e9taires de sites Web une vaste gamme d&rsquo;options CAPTCHA \u00e0 s\u00e9lectionner, y compris, mais sans s&rsquo;y limiter, les probl\u00e8mes math\u00e9matiques, les d\u00e9fis de reconnaissance d&rsquo;image et les captchas audio. De plus, ce plugin s&rsquo;int\u00e8gre de mani\u00e8re transparente \u00e0 toutes les principales plates-formes Web et peut \u00eatre incorpor\u00e9e sans effort dans n&rsquo;importe quelle forme pr\u00e9existante. Pour r\u00e9sumer succinctement, il peut \u00eatre indiqu\u00e9 avec confiance que WPForms Custom Captcha est un outil indispensable qui devrait \u00eatre facilement adopt\u00e9 par chaque propri\u00e9taire de site Web aspirant \u00e0 maintenir la s\u00e9curit\u00e9 et l&rsquo;int\u00e9grit\u00e9 de leurs formes en ligne tout en repoussant simultan\u00e9ment les ondes persistantes de spammeurs et de robots.<\/p>\n<ul>\n<li>Captcha personnalis\u00e9 facile \u00e0 utiliser pour WPFORMS<\/li>\n<li>Offre une large gamme d&rsquo;options de personnalisation<\/li>\n<li>Peut \u00eatre facilement int\u00e9gr\u00e9 dans vos formulaires de contact WPFORMS<\/li>\n<li>Am\u00e9liore la s\u00e9curit\u00e9 de vos formulaires de contact et emp\u00eache les soumissions de spam<\/li>\n<li>Ne n\u00e9cessite aucune comp\u00e9tence de codage pour installer et utiliser<\/li>\n<li>Fonctionne de mani\u00e8re transparente avec WPFORMS, assurant une exp\u00e9rience utilisateur fluide pour vos visiteurs<\/li>\n<li>Offre divers types de captchas, y compris l&rsquo;image, l&rsquo;\u00e9quation math\u00e9matique et les captchas de puzzle<\/li>\n<li>Offre une protection fiable contre les bots et les tentatives de soumission automatis\u00e9es<\/li>\n<li>Aide \u00e0 vous assurer que vous ne recevez que des soumissions de formulaires et des demandes de clients authentiques.<\/li>\n<\/ul>\n","protected":false},"excerpt":{"rendered":"<p>WPForms Custom capcha, un outil incroyablement robuste, sert le but vital de prot\u00e9ger les formulaires sur votre site Web en v\u00e9rifiant efficacement la pr\u00e9sence d&rsquo;une entit\u00e9 humaine visant \u00e0 les remplir. En vous accordant la capacit\u00e9 remarquable d&rsquo;adapter le captcha conform\u00e9ment \u00e0 vos pr\u00e9f\u00e9rences sp\u00e9cifiques, vous pouvez \u00e9tablir une couche de sauvegarde suppl\u00e9mentaire qui est singuli\u00e8rement adapt\u00e9e aux besoins de votre site Web. De plus, le processus de mise en place de WPForms Custom Captcha est rapide et accompli sans effort, fusionnant sans effort avec vos formulaires actuels. Adieu \u00e0 la nuisance incessante des soumissions de spam et accueille gracieusement la tranquillit\u00e9 d&rsquo;esprit qui accompagne l&rsquo;impl\u00e9mentation de WPForms Custom Captcha.<\/p>\n","protected":false},"featured_media":146255,"comment_status":"open","ping_status":"open","template":"","meta":[],"product_brand":[2724],"product_cat":[1189,1181,1186],"product_tag":[1415],"class_list":{"0":"post-118121","1":"product","2":"type-product","3":"status-publish","4":"has-post-thumbnail","6":"product_brand-wp-forms","7":"product_cat-personnalisation","8":"product_cat-plugins","9":"product_cat-wordpress-plugins","10":"product_tag-wp-forms","11":"member-discount","12":"discount-restricted","14":"first","15":"instock","16":"sale","17":"downloadable","18":"virtual","19":"sold-individually","20":"purchasable","21":"product-type-simple"},"_links":{"self":[{"href":"https:\/\/gpl-love.com\/fr\/wp-json\/wp\/v2\/product\/118121","targetHints":{"allow":["GET"]}}],"collection":[{"href":"https:\/\/gpl-love.com\/fr\/wp-json\/wp\/v2\/product"}],"about":[{"href":"https:\/\/gpl-love.com\/fr\/wp-json\/wp\/v2\/types\/product"}],"replies":[{"embeddable":true,"href":"https:\/\/gpl-love.com\/fr\/wp-json\/wp\/v2\/comments?post=118121"}],"wp:featuredmedia":[{"embeddable":true,"href":"https:\/\/gpl-love.com\/fr\/wp-json\/wp\/v2\/media\/146255"}],"wp:attachment":[{"href":"https:\/\/gpl-love.com\/fr\/wp-json\/wp\/v2\/media?parent=118121"}],"wp:term":[{"taxonomy":"product_brand","embeddable":true,"href":"https:\/\/gpl-love.com\/fr\/wp-json\/wp\/v2\/product_brand?post=118121"},{"taxonomy":"product_cat","embeddable":true,"href":"https:\/\/gpl-love.com\/fr\/wp-json\/wp\/v2\/product_cat?post=118121"},{"taxonomy":"product_tag","embeddable":true,"href":"https:\/\/gpl-love.com\/fr\/wp-json\/wp\/v2\/product_tag?post=118121"}],"curies":[{"name":"wp","href":"https:\/\/api.w.org\/{rel}","templated":true}]}}