{"id":118113,"date":"2025-10-28T00:00:00","date_gmt":"2025-10-27T23:00:00","guid":{"rendered":"http:\/\/gpl-love.com\/fr\/produit\/gravityview-ratings-et-reviews\/"},"modified":"2026-03-20T23:18:59","modified_gmt":"2026-03-20T22:18:59","slug":"gravityview-ratings-et-reviews","status":"publish","type":"product","link":"https:\/\/gpl-love.com\/fr\/produit\/gravityview-ratings-et-reviews\/","title":{"rendered":"Gravity View Ratings et Reviews 2.5.3"},"content":{"rendered":"<h3>Gravity View Ratings et Reviews Traits<\/h3>\n<p>L&rsquo;outil de notes et de r\u00e9visions Gravity View est un actif incroyablement robuste et influent qui permet aux entreprises de montrer efficacement leurs commentaires des clients, compl\u00e9t\u00e9s par des notes d&rsquo;\u00e9toiles, sur leur site Web. En utilisant cet outil exceptionnel, les entreprises sont en mesure de rassembler et de mettre en valeur les avis et les notes des clients de mani\u00e8re esth\u00e9tique et enti\u00e8rement personnalisable. Notamment, l&rsquo;outil de notes et de r\u00e9vision Gravity View dispose d&rsquo;une interface conviviale et comprend une pl\u00e9thore de fonctionnalit\u00e9s avanc\u00e9es, y compris la mod\u00e9ration, le filtrage et les champs personnalis\u00e9s. Ces attributs exceptionnels permettent aux entreprises de g\u00e9rer efficacement leurs avis et de garantir que seuls les commentaires authentiques sont affich\u00e9s en \u00e9vidence sur leur site Web. En exploitant le pouvoir des notes et des avis sur la vue de Gravity, les entreprises peuvent cultiver la confiance et la cr\u00e9dibilit\u00e9 aupr\u00e8s de leurs pr\u00e9cieux clients, fortifier leur r\u00e9putation en ligne et assister par la suite une augmentation substantielle de leurs chiffres de vente.<\/p>\n<ul>\n<li>Affichez les notes et les avis des utilisateurs sur votre site Web \u00e0 l&rsquo;aide des donn\u00e9es des formulaires Gravity.<\/li>\n<li>Personnalisez la mise en page et le style de vos notes et critiques pour correspondre \u00e0 la conception de votre site Web.<\/li>\n<li>Filtrez et tri les avis par date, note et autres crit\u00e8res pour mettre en \u00e9vidence les commentaires les plus pertinents.<\/li>\n<li>Permettez aux utilisateurs de soumettre des avis directement sur votre site Web \u00e0 l&rsquo;aide d&rsquo;un formulaire convivial.<\/li>\n<li>Afficher les notes et les avis agr\u00e9g\u00e9s pour plusieurs produits ou services sur une seule page.<\/li>\n<li>Suivez l&rsquo;engagement des utilisateurs avec vos notes et avis \u00e0 l&rsquo;aide d&rsquo;outils d&rsquo;analyse et de rapports int\u00e9gr\u00e9s.<\/li>\n<li>Am\u00e9liorez l&rsquo;optimisation de votre moteur de recherche en incluant le contenu g\u00e9n\u00e9r\u00e9 par l&rsquo;utilisateur sur votre site Web.<\/li>\n<li>Am\u00e9liorez la confiance et la cr\u00e9dibilit\u00e9 des utilisateurs en mettant en valeur les commentaires authentiques des clients r\u00e9els.<\/li>\n<li>Satisfaire les attentes des utilisateurs en mati\u00e8re de transparence et d&rsquo;ouverture en fournissant une plate-forme pour les commentaires et la discussion.<\/li>\n<\/ul>\n","protected":false},"excerpt":{"rendered":"<p>Gravity View Ratings and Reviews est un plugin tr\u00e8s efficace et pratique qui vous offre la capacit\u00e9 transparente \u00e0 pr\u00e9senter des avis et des notes des clients sur votre site Web. En utilisant ce plugin de pointe, vous \u00eates autoris\u00e9 \u00e0 pr\u00e9senter des avis et des notes \u00e0 partir d&rsquo;un large \u00e9ventail de sources, notamment Google Reviews, TrustPilot et Yelp, le tout dans un endroit centralis\u00e9. Notamment, ce plugin se vante de sa remarquable convivialit\u00e9 par les utilisateurs ainsi qu&rsquo;une pl\u00e9thore de fonctionnalit\u00e9s personnalisables qui \u00e9l\u00e8veront sans aucun doute l&rsquo;attrait visuel de votre section Avis. Remarquablement, vous avez la possibilit\u00e9 d&rsquo;afficher des avis sur plusieurs pages Web dans votre site Web, tout en accordant \u00e0 vos utilisateurs la commodit\u00e9 de l&#8217;emploi de filtres pour rechercher sans effort des avis concernant des produits sp\u00e9cifiques. De plus, vous pouvez fi\u00e8rement afficher vos critiques les plus exceptionnelles gr\u00e2ce \u00e0 l&rsquo;int\u00e9gration d&rsquo;un widget captivant. Rassurez-vous, la mise en \u0153uvre des notes et des avis sur la vue Gravity augmente consid\u00e9rablement l&rsquo;authenticit\u00e9 de votre site Web et allure un plus grand volume de clients potentiels.<\/p>\n","protected":false},"featured_media":144144,"comment_status":"open","ping_status":"open","template":"","meta":[],"product_brand":[2568],"product_cat":[1189,1181,1186],"product_tag":[1279],"class_list":{"0":"post-118113","1":"product","2":"type-product","3":"status-publish","4":"has-post-thumbnail","6":"product_brand-gravityview","7":"product_cat-personnalisation","8":"product_cat-plugins","9":"product_cat-wordpress-plugins","10":"product_tag-gravityview","11":"member-discount","12":"discount-restricted","14":"first","15":"instock","16":"sale","17":"downloadable","18":"virtual","19":"sold-individually","20":"purchasable","21":"product-type-simple"},"_links":{"self":[{"href":"https:\/\/gpl-love.com\/fr\/wp-json\/wp\/v2\/product\/118113","targetHints":{"allow":["GET"]}}],"collection":[{"href":"https:\/\/gpl-love.com\/fr\/wp-json\/wp\/v2\/product"}],"about":[{"href":"https:\/\/gpl-love.com\/fr\/wp-json\/wp\/v2\/types\/product"}],"replies":[{"embeddable":true,"href":"https:\/\/gpl-love.com\/fr\/wp-json\/wp\/v2\/comments?post=118113"}],"wp:featuredmedia":[{"embeddable":true,"href":"https:\/\/gpl-love.com\/fr\/wp-json\/wp\/v2\/media\/144144"}],"wp:attachment":[{"href":"https:\/\/gpl-love.com\/fr\/wp-json\/wp\/v2\/media?parent=118113"}],"wp:term":[{"taxonomy":"product_brand","embeddable":true,"href":"https:\/\/gpl-love.com\/fr\/wp-json\/wp\/v2\/product_brand?post=118113"},{"taxonomy":"product_cat","embeddable":true,"href":"https:\/\/gpl-love.com\/fr\/wp-json\/wp\/v2\/product_cat?post=118113"},{"taxonomy":"product_tag","embeddable":true,"href":"https:\/\/gpl-love.com\/fr\/wp-json\/wp\/v2\/product_tag?post=118113"}],"curies":[{"name":"wp","href":"https:\/\/api.w.org\/{rel}","templated":true}]}}