{"id":118111,"date":"2026-03-20T00:00:00","date_gmt":"2026-03-19T23:00:00","guid":{"rendered":"http:\/\/gpl-love.com\/fr\/produit\/gravityview-maps\/"},"modified":"2026-03-20T23:18:56","modified_gmt":"2026-03-20T22:18:56","slug":"gravityview-maps","status":"publish","type":"product","link":"https:\/\/gpl-love.com\/fr\/produit\/gravityview-maps\/","title":{"rendered":"Gravity View Maps 3.6.4"},"content":{"rendered":"<h3>Gravity View Maps Traits<\/h3>\n<p>Gravity View Maps est un outil exceptionnellement robuste et puissant qui poss\u00e8de la capacit\u00e9 de transformer habilement des donn\u00e9es en cartes visuellement captivantes et conviviales. Ce logiciel exceptionnellement avanc\u00e9 a \u00e9t\u00e9 finement con\u00e7u pour amasser efficacement les donn\u00e9es \u00e0 partir d&rsquo;un \u00e9ventail de sources diverses et la pr\u00e9senter sans effort sur une carte d&rsquo;une mani\u00e8re exceptionnellement compr\u00e9hensible et facilement digestible. En exploitant la puissance des cartes de vue de la gravit\u00e9, les utilisateurs ont la capacit\u00e9 unique et in\u00e9gal\u00e9e de personnaliser et d&rsquo;adapter leurs cartes pour incorporer une myriade d&rsquo;ensembles de donn\u00e9es divers et \u00e9tendus. Ces ensembles de donn\u00e9es peuvent englober un tableau d&rsquo;informations cruciales telles que des emplacements pr\u00e9cis, des informations d\u00e9mographiques complexes et un assortiment d&rsquo;autres donn\u00e9es pertinentes et inestimables. Par cons\u00e9quent, cet outil de pointe permet aux utilisateurs de percevoir leurs donn\u00e9es via une lentille enti\u00e8rement fra\u00eeche et nouvelle, facilitant ainsi l&rsquo;identification acc\u00e9l\u00e9r\u00e9e des tendances et des mod\u00e8les dominants qui auraient pu autrement rester insaisissables. Que vous analysiez avec ferveur les donn\u00e9es de vente, examinez et passez un crible avec les donn\u00e9es d\u00e9mographiques des clients complexes, ou m\u00eame \u00e9valuant et diss\u00e9quant m\u00e9ticuleusement toute autre variante de donn\u00e9es, il est clairement clair que la vue de gravit\u00e9 \u00e9merge ind\u00e9niablement comme un outil indispensable et inestimable que les impowers efficacement \u00e9mergent efficacement les impowers efficacement \u00e9mergeant comme un outil indispensable et inestimable que les impowers efficacement \u00e9mergent efficacement les impowers efficacement \u00e9mergeant comme un outil INDEPENSIBLE et inestimable que les impowers efficacement \u00e9mergent efficacement les impowers efficacement \u00e9mergeant comme un outil INDEPTENTIVEM Vous pour glaner et extraire de mani\u00e8re transparente des informations inestimables de vos r\u00e9servoirs de donn\u00e9es, vous permettant ainsi de prendre des d\u00e9cisions mieux inform\u00e9es avec une facilit\u00e9 et une pr\u00e9cision in\u00e9gal\u00e9es.<\/p>\n<ul>\n<li>Affiche les cartes interactives sur votre site Web WordPress, en utilisant les donn\u00e9es de formulaires Gravity<\/li>\n<li>Prend en charge plusieurs types de cartes, y compris Google Maps et OpenStreetMap<\/li>\n<li>Permet d&rsquo;ajouter des marqueurs personnalis\u00e9s aux cartes, y compris des images t\u00e9l\u00e9charg\u00e9es<\/li>\n<li>Offre la possibilit\u00e9 de cluster des marqueurs, am\u00e9liorant les performances de la carte avec de grands ensembles de donn\u00e9es<\/li>\n<li>Comprend des options de filtrage pour afficher les marqueurs pertinents en fonction des donn\u00e9es de champ de formulaire<\/li>\n<li>Prend en charge plusieurs vues de carte, comme le satellite et le terrain<\/li>\n<li>Fonctionnalit\u00e9 de recherche int\u00e9gr\u00e9e pour trouver rapidement des marqueurs sur la carte<\/li>\n<li>Facile \u00e0 personnaliser les styles de carte pour correspondre \u00e0 la conception de votre site Web<\/li>\n<li>Mobile r\u00e9actif, assurer des affichages correctement sur toutes les tailles d&rsquo;appareils<\/li>\n<li>Int\u00e9gration transparente avec les formulaires de gravit\u00e9, permettant une cartographie et une personnalisation faciles de donn\u00e9es.<\/li>\n<\/ul>\n","protected":false},"excerpt":{"rendered":"<p>Gravity View Maps est un plugin extr\u00eamement robuste, rempli d&rsquo;un \u00e9ventail de fonctionnalit\u00e9s, qui vous permet de montrer sans effort vos entr\u00e9es de formes de gravit\u00e9 sur une carte. Que vous amassiez des donn\u00e9es relatives aux emplacements des clients, aux pr\u00e9dilections des utilisateurs ou \u00e0 toute autre forme d&rsquo;informations qui peut \u00eatre g\u00e9ocod\u00e9e, cet outil indispensable assure une visualisation et une compr\u00e9hension transparentes des id\u00e9es inestimables que vous avez obtenues minutieusement. Offrant un assortiment de marqueurs personnalisables, de capacit\u00e9s de clustering et de fonctionnalit\u00e9s de recherche, ce plugin est une n\u00e9cessit\u00e9 absolue pour tout site Web qui d\u00e9pend fortement des formulaires de gravit\u00e9 pour collecter des donn\u00e9es.<\/p>\n","protected":false},"featured_media":144141,"comment_status":"open","ping_status":"open","template":"","meta":[],"product_brand":[2568],"product_cat":[1189,1181,1186],"product_tag":[1279],"class_list":{"0":"post-118111","1":"product","2":"type-product","3":"status-publish","4":"has-post-thumbnail","6":"product_brand-gravityview","7":"product_cat-personnalisation","8":"product_cat-plugins","9":"product_cat-wordpress-plugins","10":"product_tag-gravityview","11":"member-discount","12":"discount-restricted","14":"first","15":"instock","16":"sale","17":"downloadable","18":"virtual","19":"sold-individually","20":"purchasable","21":"product-type-simple"},"_links":{"self":[{"href":"https:\/\/gpl-love.com\/fr\/wp-json\/wp\/v2\/product\/118111","targetHints":{"allow":["GET"]}}],"collection":[{"href":"https:\/\/gpl-love.com\/fr\/wp-json\/wp\/v2\/product"}],"about":[{"href":"https:\/\/gpl-love.com\/fr\/wp-json\/wp\/v2\/types\/product"}],"replies":[{"embeddable":true,"href":"https:\/\/gpl-love.com\/fr\/wp-json\/wp\/v2\/comments?post=118111"}],"wp:featuredmedia":[{"embeddable":true,"href":"https:\/\/gpl-love.com\/fr\/wp-json\/wp\/v2\/media\/144141"}],"wp:attachment":[{"href":"https:\/\/gpl-love.com\/fr\/wp-json\/wp\/v2\/media?parent=118111"}],"wp:term":[{"taxonomy":"product_brand","embeddable":true,"href":"https:\/\/gpl-love.com\/fr\/wp-json\/wp\/v2\/product_brand?post=118111"},{"taxonomy":"product_cat","embeddable":true,"href":"https:\/\/gpl-love.com\/fr\/wp-json\/wp\/v2\/product_cat?post=118111"},{"taxonomy":"product_tag","embeddable":true,"href":"https:\/\/gpl-love.com\/fr\/wp-json\/wp\/v2\/product_tag?post=118111"}],"curies":[{"name":"wp","href":"https:\/\/api.w.org\/{rel}","templated":true}]}}