{"id":118010,"date":"2025-09-11T00:00:00","date_gmt":"2025-09-10T22:00:00","guid":{"rendered":"http:\/\/gpl-love.com\/fr\/produit\/ninja-forms-convertkit\/"},"modified":"2026-04-10T18:34:07","modified_gmt":"2026-04-10T16:34:07","slug":"ninja-forms-convertkit","status":"publish","type":"product","link":"https:\/\/gpl-love.com\/fr\/produit\/ninja-forms-convertkit\/","title":{"rendered":"Ninja Forms ConvertKit 3.1.3"},"content":{"rendered":"<h3>Ninja Forms ConvertKit Traits<\/h3>\n<p>Les formulaires Ninja Convertkit poss\u00e8dent un tableau impressionnant de fonctionnalit\u00e9s con\u00e7ues pour int\u00e9grer de mani\u00e8re transparente vos formulaires de soumission Ninja Forms avec votre compte Convertkit, offrant une exp\u00e9rience transparente et efficace. En exploitant la puissance de cette int\u00e9gration, vous pouvez rassembler sans effort des prospects et abonn\u00e9s pr\u00e9cieux des visiteurs de votre site Web et les int\u00e9grer sans effort dans votre liste de diffusion CONVERTKIT. Cela vous fait non seulement gagner du temps et des efforts pr\u00e9cieux, mais garantit \u00e9galement que votre liste de diffusion reste perp\u00e9tuellement mise \u00e0 jour et pertinente. De plus, la simplicit\u00e9 et la polyvalence du processus d&rsquo;int\u00e9gration permettent aux propri\u00e9taires d&rsquo;entreprises les plus novices de configurer et de personnaliser sans effort leur configuration, ce qui le rend un choix extr\u00eamement convivial. Essentiellement, Ninja Forms Convertkit est un atout indispensable pour tout individu visant \u00e0 rationaliser leurs efforts de marketing par e-mail et \u00e0 cultiver une croissance substantielle dans leur liste de diffusion.<\/p>\n<ul>\n<li>Un puissant outil d&rsquo;int\u00e9gration pour convertir les soumissions Ninja Formes en abonn\u00e9s ConvertKit.<\/li>\n<li>Processus de configuration extr\u00eamement convivial et facile, m\u00eame pour les utilisateurs non techniques.<\/li>\n<li>Cr\u00e9ez des formulaires personnalis\u00e9s pour votre site Web et envoyez automatiquement des donn\u00e9es \u00e0 ConvertKit.<\/li>\n<li>Configurez automatiquement les balises, les segments et les formulaires dans ConvertKit en fonction des soumissions de formulaire.<\/li>\n<li>Boostez la g\u00e9n\u00e9ration de leads de votre site Web avec des campagnes de marketing par e-mail hautement cibl\u00e9es et personnalis\u00e9es via Convertkit.<\/li>\n<li>Rationalisez vos efforts de marketing en consolidant vos outils de cr\u00e9ation de formulaire et de marketing par e-mail.<\/li>\n<li>\u00c9tendre les fonctionnalit\u00e9s de votre plugin Ninja Forms, pour am\u00e9liorer encore l&rsquo;efficacit\u00e9 et la productivit\u00e9 de votre entreprise.<\/li>\n<li>S&rsquo;assure que toutes vos donn\u00e9es de donn\u00e9es sont exactes et que vous ne perdez plus jamais les pistes par l&rsquo;erreur humaine.<\/li>\n<li>Vous permet de vous connecter avec votre base de consommateurs de mani\u00e8re hautement personnalis\u00e9e, sur quel que soit l&rsquo;outil, il est probablement des messages de lecture.<\/li>\n<li>Augmente les taux de conversion de plomb, tout en \u00e9tant aussi non intrusif que possible.<\/li>\n<\/ul>\n","protected":false},"excerpt":{"rendered":"<p>Ninja Forms Convertkit, un outil d&rsquo;int\u00e9gration tr\u00e8s efficace, offre la connexion transparente des soumissions de formulaires de contact \u00e0 la remarquable plate-forme de marketing par e-mail Convertkit. Gr\u00e2ce \u00e0 cette int\u00e9gration, l&rsquo;expansion de votre liste de diffusion devient sans effort r\u00e9alisable, tandis que l&rsquo;automatisation des campagnes cibl\u00e9es devient un jeu d&rsquo;enfant. En utilisant des formulaires Ninja Convertkit, la t\u00e2che ardue de la saisie manuelle des donn\u00e9es est \u00e9radiqu\u00e9e, vous accordant la possibilit\u00e9 de consacrer vos efforts \u00e0 nourrir votre public et \u00e0 augmenter vos conversions. Ce produit exceptionnel s&rsquo;av\u00e8re particuli\u00e8rement avantageux pour les propri\u00e9taires d&rsquo;entreprise, les sp\u00e9cialistes du marketing et les blogueurs qui cherchent \u00e0 rationaliser leurs efforts de marketing par e-mail et \u00e0 optimiser la gestion du temps.<\/p>\n","protected":false},"featured_media":144766,"comment_status":"open","ping_status":"open","template":"","meta":[],"product_brand":[2605],"product_cat":[1207,1181,1186],"product_tag":[1313],"class_list":{"0":"post-118010","1":"product","2":"type-product","3":"status-publish","4":"has-post-thumbnail","6":"product_brand-ninja-forms","7":"product_cat-commercialisation-wordpress-plugins","8":"product_cat-plugins","9":"product_cat-wordpress-plugins","10":"product_tag-ninja-forms","11":"member-discount","12":"discount-restricted","14":"first","15":"instock","16":"sale","17":"downloadable","18":"virtual","19":"sold-individually","20":"purchasable","21":"product-type-simple"},"_links":{"self":[{"href":"https:\/\/gpl-love.com\/fr\/wp-json\/wp\/v2\/product\/118010","targetHints":{"allow":["GET"]}}],"collection":[{"href":"https:\/\/gpl-love.com\/fr\/wp-json\/wp\/v2\/product"}],"about":[{"href":"https:\/\/gpl-love.com\/fr\/wp-json\/wp\/v2\/types\/product"}],"replies":[{"embeddable":true,"href":"https:\/\/gpl-love.com\/fr\/wp-json\/wp\/v2\/comments?post=118010"}],"wp:featuredmedia":[{"embeddable":true,"href":"https:\/\/gpl-love.com\/fr\/wp-json\/wp\/v2\/media\/144766"}],"wp:attachment":[{"href":"https:\/\/gpl-love.com\/fr\/wp-json\/wp\/v2\/media?parent=118010"}],"wp:term":[{"taxonomy":"product_brand","embeddable":true,"href":"https:\/\/gpl-love.com\/fr\/wp-json\/wp\/v2\/product_brand?post=118010"},{"taxonomy":"product_cat","embeddable":true,"href":"https:\/\/gpl-love.com\/fr\/wp-json\/wp\/v2\/product_cat?post=118010"},{"taxonomy":"product_tag","embeddable":true,"href":"https:\/\/gpl-love.com\/fr\/wp-json\/wp\/v2\/product_tag?post=118010"}],"curies":[{"name":"wp","href":"https:\/\/api.w.org\/{rel}","templated":true}]}}