{"id":118006,"date":"2025-12-25T00:00:00","date_gmt":"2025-12-24T23:00:00","guid":{"rendered":"http:\/\/gpl-love.com\/fr\/produit\/woocommerce-single-product-page-builder\/"},"modified":"2026-03-20T23:47:50","modified_gmt":"2026-03-20T22:47:50","slug":"woocommerce-single-product-page-builder","status":"publish","type":"product","link":"https:\/\/gpl-love.com\/fr\/produit\/woocommerce-single-product-page-builder\/","title":{"rendered":"WooCommerce Single Product Page Builder 5.3.7"},"content":{"rendered":"<h3>WooCommerce Single Product Page Builder Traits<\/h3>\n<p>Le g\u00e9n\u00e9rateur de page de produit unique WooCommerce, un outil exceptionnellement polyvalent, vous donne la capacit\u00e9 de mode \u00e0 la mode de pages de produits uniques personnalis\u00e9es pour votre EMMommerce Emporium. Cet outil ing\u00e9nieux vous permet de manipuler et de positionner sans effort un \u00e9ventail de composants, y compris des descriptions de produits, des images, des prix, et plus encore, facilitant ainsi la cr\u00e9ation d&rsquo;une page visuellement captivante qui pr\u00e9sente de mani\u00e8re optimale votre marchandise. De plus, cela vous confonde la capacit\u00e9 d&rsquo;exercer une domination compl\u00e8te sur la disposition et l&rsquo;esth\u00e9tique de vos pages, assurant ainsi une apparence uniforme et r\u00e9solument sophistiqu\u00e9e dans toute votre vitrine virtuelle. En utilisant le constructeur de page de produit unique WooCommerce, vous pouvez \u00e9lever l&rsquo;exp\u00e9rience d&rsquo;achat de votre client\u00e8le estim\u00e9e, augmenter les conversions et finalement cultiver une croissance substantielle pour votre entreprise en ligne.<\/p>\n<ul>\n<li>Interface facile \u00e0 utiliser<\/li>\n<li>Disposages de produits personnalisables<\/li>\n<li>Possibilit\u00e9 d&rsquo;ajouter des champs personnalis\u00e9s et des onglets de produit<\/li>\n<li>Plusieurs options de disposition, y compris les onglets verticaux et horizontaux<\/li>\n<li>Shortcodes int\u00e9gr\u00e9s pour les prix, ajouter au bouton de panier et galerie d&rsquo;images du produit<\/li>\n<li>Zone de description du produit personnalisable<\/li>\n<li>Capacit\u00e9 \u00e0 ajouter HTML et CSS personnalis\u00e9s<\/li>\n<li>Conception r\u00e9active mobile<\/li>\n<li>Compatible avec pratiquement n&rsquo;importe quel th\u00e8me WooCommerce<\/li>\n<li>Mises \u00e0 jour r\u00e9guli\u00e8res et soutien du d\u00e9veloppeur.<\/li>\n<\/ul>\n","protected":false},"excerpt":{"rendered":"<p>Le constructeur de page de produit unique WooCommerce est un outil incroyablement robuste et riche en fonctionnalit\u00e9s qui vous accorde la capacit\u00e9 in\u00e9gal\u00e9e \u00e0 adapter et \u00e0 modifier sans effort vos pages de produits dans votre plate-forme de commerce \u00e9lectronique WooCommerce. En exploitant la puissance de ses fonctionnalit\u00e9s de glisser-d\u00e9poser et une vaste gamme de mod\u00e8les personnalisables, vous pouvez fa\u00e7onner des pages de produits extr\u00eamement distinctes et esth\u00e9tiques qui vous distingueront sans aucun doute de vos concurrents. De plus, cet outil remarquable poss\u00e8de une interface conviviale, garantissant que m\u00eame les individus sans aucune expertise de codage peuvent naviguer de mani\u00e8re transparente et optimiser leurs pages de produits. Avec le g\u00e9n\u00e9rateur de page de produit unique WooCommerce \u00e0 votre disposition, vous pouvez saisir efficacement les r\u00eanes et \u00e9laborer une exp\u00e9rience d&rsquo;achat in\u00e9gal\u00e9e qui laissera une impression ind\u00e9l\u00e9bile sur votre client\u00e8le estim\u00e9e.<\/p>\n","protected":false},"featured_media":146027,"comment_status":"open","ping_status":"open","template":"","meta":[],"product_brand":[2435],"product_cat":[1182,1223,1181],"product_tag":[1231],"class_list":{"0":"post-118006","1":"product","2":"type-product","3":"status-publish","4":"has-post-thumbnail","6":"product_brand-codecanyon","7":"product_cat-commerce-electronique-plugins","8":"product_cat-personnalisation-commerce-electronique-plugins","9":"product_cat-plugins","10":"product_tag-codecanyon","11":"member-discount","12":"discount-restricted","14":"first","15":"instock","16":"sale","17":"downloadable","18":"virtual","19":"sold-individually","20":"purchasable","21":"product-type-simple"},"_links":{"self":[{"href":"https:\/\/gpl-love.com\/fr\/wp-json\/wp\/v2\/product\/118006","targetHints":{"allow":["GET"]}}],"collection":[{"href":"https:\/\/gpl-love.com\/fr\/wp-json\/wp\/v2\/product"}],"about":[{"href":"https:\/\/gpl-love.com\/fr\/wp-json\/wp\/v2\/types\/product"}],"replies":[{"embeddable":true,"href":"https:\/\/gpl-love.com\/fr\/wp-json\/wp\/v2\/comments?post=118006"}],"wp:featuredmedia":[{"embeddable":true,"href":"https:\/\/gpl-love.com\/fr\/wp-json\/wp\/v2\/media\/146027"}],"wp:attachment":[{"href":"https:\/\/gpl-love.com\/fr\/wp-json\/wp\/v2\/media?parent=118006"}],"wp:term":[{"taxonomy":"product_brand","embeddable":true,"href":"https:\/\/gpl-love.com\/fr\/wp-json\/wp\/v2\/product_brand?post=118006"},{"taxonomy":"product_cat","embeddable":true,"href":"https:\/\/gpl-love.com\/fr\/wp-json\/wp\/v2\/product_cat?post=118006"},{"taxonomy":"product_tag","embeddable":true,"href":"https:\/\/gpl-love.com\/fr\/wp-json\/wp\/v2\/product_tag?post=118006"}],"curies":[{"name":"wp","href":"https:\/\/api.w.org\/{rel}","templated":true}]}}