{"id":118004,"date":"2025-12-28T00:00:00","date_gmt":"2025-12-27T23:00:00","guid":{"rendered":"http:\/\/gpl-love.com\/fr\/produit\/easy-digital-downloads-software-licensing\/"},"modified":"2026-03-20T23:02:31","modified_gmt":"2026-03-20T22:02:31","slug":"easy-digital-downloads-software-licensing","status":"publish","type":"product","link":"https:\/\/gpl-love.com\/fr\/produit\/easy-digital-downloads-software-licensing\/","title":{"rendered":"Easy Digital Downloads Software Licensing 3.9.3"},"content":{"rendered":"<h3>Easy Digital Downloads Software Licensing Traits<\/h3>\n<p>La solution de licence de logiciels de t\u00e9l\u00e9chargements num\u00e9riques faciles est un choix id\u00e9al pour les personnes engag\u00e9es dans la cr\u00e9ation de produits num\u00e9riques qui recherchent une m\u00e9thodologie simple et efficace pour administrer efficacement leur licence logicielle. En utilisant ce logiciel, on peut \u00e9tablir et superviser sans effort les licences pour leurs produits num\u00e9riques, prot\u00e9geant ainsi leur propri\u00e9t\u00e9 intellectuelle et r\u00e9glementez l&rsquo;acc\u00e8s auxdits produits. Cette solution logicielle poss\u00e8de une interface conviviale et instinctive, ce qui rend la cr\u00e9ation, la gestion et la surveillance des licences une entreprise sans tracas, tout en s&rsquo;int\u00e8gre de mani\u00e8re transparente \u00e0 son magasin de t\u00e9l\u00e9chargements num\u00e9riques faciles pr\u00e9existant. En outre, il offre la flexibilit\u00e9 d&rsquo;adapter le processus de licence pour r\u00e9pondre \u00e0 ses exigences sp\u00e9cifiques, compl\u00e9t\u00e9es par des capacit\u00e9s compl\u00e8tes de rapports et d&rsquo;analyse qui facilitent une compr\u00e9hension compl\u00e8te de l&rsquo;utilisation des licences. En adoptant la solution de licence de logiciels de t\u00e9l\u00e9chargements num\u00e9riques faciles, on peut rationaliser ses proc\u00e9dures de licence, leur permettant de consacrer plus d&rsquo;attention \u00e0 l&rsquo;expansion et \u00e0 l&rsquo;avancement de leurs efforts commerciaux.<\/p>\n<ul>\n<li>Ajoutez sans effort des licences logicielles \u00e0 votre magasin de t\u00e9l\u00e9chargements num\u00e9riques faciles<\/li>\n<li>Donnez aux clients la possibilit\u00e9 d&rsquo;activer et de d\u00e9sactiver leurs licences avec facilit\u00e9<\/li>\n<li>Envoyer automatiquement les cl\u00e9s de licence aux clients apr\u00e8s l&rsquo;achat<\/li>\n<li>Prot\u00e9gez votre logiciel contre le piratage et l&rsquo;utilisation non autoris\u00e9e<\/li>\n<li>G\u00e9rer et suivre facilement les activations et les d\u00e9sactivations logicielles<\/li>\n<li>Options de licence personnalisables pour r\u00e9pondre aux besoins de votre produit et de votre entreprise<\/li>\n<li>S&rsquo;int\u00e8gre de mani\u00e8re transparente avec des t\u00e9l\u00e9chargements num\u00e9riques faciles et d&rsquo;autres plugins connexes<\/li>\n<li>Fournit des rapports et des analyses d\u00e9taill\u00e9s sur l&rsquo;utilisation et les ventes de licences<\/li>\n<li>Support client fantastique de l&rsquo;\u00e9quipe Easy Digital Downloads.<\/li>\n<\/ul>\n","protected":false},"excerpt":{"rendered":"<p>La solution de licence logicielle d\u00e9velopp\u00e9e par Easy Digital Downloads est un outil exceptionnellement puissant qui a \u00e9t\u00e9 m\u00e9ticuleusement con\u00e7u pour aider les entreprises \u00e0 g\u00e9rer efficacement leurs licences logicielles. \u00c9quip\u00e9e d&rsquo;une interface navigable sans effort et d&rsquo;une vaste gamme d&rsquo;options de configuration hautement adaptables, ce logiciel innovant permet aux entreprises d&rsquo;exercer un niveau de commande accru sur leur proc\u00e9dure de licence. En rationalisant de mani\u00e8re transparente l&rsquo;int\u00e9gralit\u00e9 du processus de livraison du logiciel, cette solution remarquable permet aux entreprises de fournir \u00e0 leurs clients pr\u00e9cieux une exp\u00e9rience utilisateur am\u00e9lior\u00e9e de qualit\u00e9 in\u00e9gal\u00e9e. Non seulement la solution de licences logicielles donne une augmentation palpable de la productivit\u00e9 des entreprises, mais elle sert \u00e9galement de catalyseur \u00e0 la g\u00e9n\u00e9ration de revenus augment\u00e9e gr\u00e2ce \u00e0 l&rsquo;automatisation de divers processus int\u00e9graux. De plus, cette solution compl\u00e8te poss\u00e8de un ensemble impressionnant de fonctionnalit\u00e9s indispensables qui sont sp\u00e9cifiquement con\u00e7ues pour prot\u00e9ger les canaux de distribution de logiciels \u00e0 partir de menaces potentielles. En substance, la solution de licence de logiciels de t\u00e9l\u00e9chargements num\u00e9riques Easy Digital est un actif indispensable \u00e0 toute entreprise \u00e0 la recherche d&rsquo;une solution de gestion de licence logicielle r\u00e9siliente et globale.<\/p>\n","protected":false},"featured_media":143650,"comment_status":"open","ping_status":"open","template":"","meta":[],"product_brand":[2523],"product_cat":[1183,1182,1181],"product_tag":[1255],"class_list":{"0":"post-118004","1":"product","2":"type-product","3":"status-publish","4":"has-post-thumbnail","6":"product_brand-easy-digital-downloads","7":"product_cat-administration","8":"product_cat-commerce-electronique-plugins","9":"product_cat-plugins","10":"product_tag-easy-digital-downloads","11":"member-discount","12":"discount-restricted","14":"first","15":"instock","16":"sale","17":"downloadable","18":"virtual","19":"sold-individually","20":"purchasable","21":"product-type-simple"},"_links":{"self":[{"href":"https:\/\/gpl-love.com\/fr\/wp-json\/wp\/v2\/product\/118004","targetHints":{"allow":["GET"]}}],"collection":[{"href":"https:\/\/gpl-love.com\/fr\/wp-json\/wp\/v2\/product"}],"about":[{"href":"https:\/\/gpl-love.com\/fr\/wp-json\/wp\/v2\/types\/product"}],"replies":[{"embeddable":true,"href":"https:\/\/gpl-love.com\/fr\/wp-json\/wp\/v2\/comments?post=118004"}],"wp:featuredmedia":[{"embeddable":true,"href":"https:\/\/gpl-love.com\/fr\/wp-json\/wp\/v2\/media\/143650"}],"wp:attachment":[{"href":"https:\/\/gpl-love.com\/fr\/wp-json\/wp\/v2\/media?parent=118004"}],"wp:term":[{"taxonomy":"product_brand","embeddable":true,"href":"https:\/\/gpl-love.com\/fr\/wp-json\/wp\/v2\/product_brand?post=118004"},{"taxonomy":"product_cat","embeddable":true,"href":"https:\/\/gpl-love.com\/fr\/wp-json\/wp\/v2\/product_cat?post=118004"},{"taxonomy":"product_tag","embeddable":true,"href":"https:\/\/gpl-love.com\/fr\/wp-json\/wp\/v2\/product_tag?post=118004"}],"curies":[{"name":"wp","href":"https:\/\/api.w.org\/{rel}","templated":true}]}}