{"id":118003,"date":"2025-09-24T00:00:00","date_gmt":"2025-09-23T22:00:00","guid":{"rendered":"http:\/\/gpl-love.com\/fr\/produit\/css-igniter-vigour-wordpress-theme\/"},"modified":"2026-03-20T23:00:13","modified_gmt":"2026-03-20T22:00:13","slug":"css-igniter-vigour-wordpress-theme","status":"publish","type":"product","link":"https:\/\/gpl-love.com\/fr\/produit\/css-igniter-vigour-wordpress-theme\/","title":{"rendered":"CSS Igniter Vigour WordPress Theme 1.1.2"},"content":{"rendered":"<h3>CSS Igniter Vigour WordPress Theme Traits<\/h3>\n<p>Le th\u00e8me WordPress de la vigueur CSS Igniter, qui est un th\u00e8me de haute qualit\u00e9 con\u00e7u pour les sites Web WordPress, poss\u00e8de un design sophistiqu\u00e9 et contemporain qui met l&rsquo;accent sur les performances et la convivialit\u00e9. Ce th\u00e8me particulier est particuli\u00e8rement bien adapt\u00e9 aux entreprises et aux personnes cherchant \u00e0 \u00e9tablir une pr\u00e9sence en ligne professionnelle et raffin\u00e9e qui captive et convertit leurs visiteurs. Les fonctionnalit\u00e9s remarquables du th\u00e8me de la vigueur comprennent une conception r\u00e9active, une page d&rsquo;accueil personnalisable, l&rsquo;option de choisir entre une mise en page pleine largeur ou en bo\u00eete, une int\u00e9gration sans effort avec des plugins populaires et bien plus encore. Gr\u00e2ce \u00e0 ses options de personnalisation conviviales et \u00e0 ses fonctionnalit\u00e9s robustes, le th\u00e8me WordPress de la vigueur CSS Igniter Vigor est une solution exceptionnelle pour quiconque \u00e0 la recherche d&rsquo;un site Web visuellement \u00e9tonnant et tr\u00e8s performant.<\/p>\n<ul>\n<li>Design moderne et \u00e9l\u00e9gant, parfait pour un site Web professionnel<\/li>\n<li>Facile \u00e0 personnaliser avec diverses options int\u00e9gr\u00e9es et shortcodes<\/li>\n<li>Enti\u00e8rement r\u00e9actif, garantir que votre site Web a fi\u00e8re allure sur tous les appareils<\/li>\n<li>Comprend une vari\u00e9t\u00e9 de mod\u00e8les de pages, y compris des pages pr\u00e9-con\u00e7ues pour environ, services et \u00e9quipe<\/li>\n<li>S\u00e9o-adapt\u00e9, optimisant la visibilit\u00e9 de votre site Web sur les moteurs de recherche<\/li>\n<li>Pr\u00eat pour la traduction, vous permettant de traduire facilement votre site Web en diff\u00e9rentes langues<\/li>\n<li>Int\u00e9gr\u00e9 \u00e0 des plugins populaires, tels que les formulaires WooCommerce et Gravity, pour le commerce \u00e9lectronique sans couture et l&rsquo;int\u00e9gration<\/li>\n<li>Excellent support client et documentation pour aider \u00e0 tous les probl\u00e8mes ou questions.<\/li>\n<\/ul>\n","protected":false},"excerpt":{"rendered":"<p>Pr\u00e9sentation du th\u00e8me WordPress de la vigueur CSS Igniter Vigor, un produit r\u00e9volutionnaire con\u00e7u pour r\u00e9pondre aux besoins de votre site Web. Ce th\u00e8me est parfait pour les gymnases, les entra\u00eeneurs personnels, les amateurs de fitness et les clubs de sant\u00e9, offrant une plate-forme robuste pour cr\u00e9er une pr\u00e9sence en ligne professionnelle et attrayante.<\/p>\n<p>Notre th\u00e8me WordPress Vigor est construit sur le cadre de l&rsquo;allumage CSS, connu pour ses excellentes performances, sa flexibilit\u00e9 et sa facilit\u00e9 de personnalisation. Il est con\u00e7u pour rendre votre site Web r\u00e9actif, garantissant qu&rsquo;il a l&rsquo;air fantastique sur n&rsquo;importe quel appareil.<\/p>\n<p>L&rsquo;une des principales caract\u00e9ristiques du th\u00e8me de la vigueur est sa conception unique. Il poss\u00e8de une disposition \u00e9l\u00e9gante, propre et moderne qui peut instantan\u00e9ment attirer l&rsquo;attention de votre public. Il est \u00e9galement optimis\u00e9 SEO, ce qui signifie qu&rsquo;il est con\u00e7u pour bien se classer dans les r\u00e9sultats des moteurs de recherche, augmentant votre visibilit\u00e9 et conduisant plus de trafic vers votre site.<\/p>\n<p>Pour r\u00e9aliser votre site Web, le th\u00e8me de la vigueur offre des options de personnalisation approfondies. Vous pouvez facilement ajuster la palette de couleurs, les polices et la mise en page pour correspondre \u00e0 l&rsquo;esth\u00e9tique de votre marque. Plus,<\/p>\n","protected":false},"featured_media":143497,"comment_status":"open","ping_status":"open","template":"","meta":[],"product_brand":[2499],"product_cat":[1242,1212,1213],"product_tag":[2187],"class_list":{"0":"post-118003","1":"product","2":"type-product","3":"status-publish","4":"has-post-thumbnail","6":"product_brand-css-igniter","7":"product_cat-creatif","8":"product_cat-themes","9":"product_cat-wordpress-themes","10":"product_tag-css-igniter","11":"member-discount","12":"discount-restricted","14":"first","15":"instock","16":"sale","17":"downloadable","18":"virtual","19":"sold-individually","20":"purchasable","21":"product-type-simple"},"_links":{"self":[{"href":"https:\/\/gpl-love.com\/fr\/wp-json\/wp\/v2\/product\/118003","targetHints":{"allow":["GET"]}}],"collection":[{"href":"https:\/\/gpl-love.com\/fr\/wp-json\/wp\/v2\/product"}],"about":[{"href":"https:\/\/gpl-love.com\/fr\/wp-json\/wp\/v2\/types\/product"}],"replies":[{"embeddable":true,"href":"https:\/\/gpl-love.com\/fr\/wp-json\/wp\/v2\/comments?post=118003"}],"wp:featuredmedia":[{"embeddable":true,"href":"https:\/\/gpl-love.com\/fr\/wp-json\/wp\/v2\/media\/143497"}],"wp:attachment":[{"href":"https:\/\/gpl-love.com\/fr\/wp-json\/wp\/v2\/media?parent=118003"}],"wp:term":[{"taxonomy":"product_brand","embeddable":true,"href":"https:\/\/gpl-love.com\/fr\/wp-json\/wp\/v2\/product_brand?post=118003"},{"taxonomy":"product_cat","embeddable":true,"href":"https:\/\/gpl-love.com\/fr\/wp-json\/wp\/v2\/product_cat?post=118003"},{"taxonomy":"product_tag","embeddable":true,"href":"https:\/\/gpl-love.com\/fr\/wp-json\/wp\/v2\/product_tag?post=118003"}],"curies":[{"name":"wp","href":"https:\/\/api.w.org\/{rel}","templated":true}]}}