{"id":117549,"date":"2025-12-23T00:00:00","date_gmt":"2025-12-22T23:00:00","guid":{"rendered":"http:\/\/gpl-love.com\/fr\/produit\/sensei-certificates\/"},"modified":"2026-03-20T23:35:19","modified_gmt":"2026-03-20T22:35:19","slug":"sensei-certificates","status":"publish","type":"product","link":"https:\/\/gpl-love.com\/fr\/produit\/sensei-certificates\/","title":{"rendered":"Sensei Certificates 2.5.4"},"content":{"rendered":"<h3>Sensei Certificates Traits<\/h3>\n<p>Les certificats Sensei, r\u00e9put\u00e9s pour leur capacit\u00e9 \u00e0 reconna\u00eetre et \u00e0 valider les connaissances approfondies et les comp\u00e9tences avanc\u00e9es des individus dans divers domaines, servent de manifestation tangible de leur engagement in\u00e9branlable et de leur diligence incessante. Que son expertise r\u00e9side dans le domaine des arts martiaux ou de tout autre domaine sp\u00e9cialis\u00e9, la possession d&rsquo;un certificat Sensei conf\u00e8re un avantage inestimable, positionnant les individus comme des avantages dans leurs domaines respectifs. Avec un vaste r\u00e9pertoire de certificats \u00e0 choisir, les individus peuvent m\u00e9ticuleusement s\u00e9lectionner celui qui s&rsquo;aligne impeccablement sur leur domaine de ma\u00eetrise unique, garantissant ainsi que leur aptitude remarquable et leurs contributions inestimables sont reconnues et v\u00e9n\u00e9r\u00e9es sans \u00e9quivoque par leurs homologues professionnels.<\/p>\n<ul>\n<li>Certificats professionnels et esth\u00e9tiques pour l&rsquo;ach\u00e8vement du cours Sensei<\/li>\n<li>Personnalisable avec les noms des \u00e9tudiants et la date d&rsquo;ach\u00e8vement<\/li>\n<li>Conception et impression de haute qualit\u00e9 pour un souvenir durable<\/li>\n<li>Disponible au format num\u00e9rique et imprim\u00e9<\/li>\n<li>Disponible en options de couleurs multiples pour s&rsquo;adapter au th\u00e8me de toute organisation ou \u00e9v\u00e9nement<\/li>\n<li>Ajoute une touche professionnelle \u00e0 toute c\u00e9r\u00e9monie d&rsquo;ach\u00e8vement du cours Sensei<\/li>\n<li>Fournit une reconnaissance tangible pour les \u00e9tudiants accomplis<\/li>\n<li>Peut \u00eatre utilis\u00e9 pour pr\u00e9senter les r\u00e9alisations sur les CV et les plateformes num\u00e9riques<\/li>\n<li>Processus de commande facile et sans tracas avec des options de livraison rapides<\/li>\n<li>Id\u00e9al pour les \u00e9coles, les studios d&rsquo;arts martiaux et les entreprises offrant des cours de sensei.<\/li>\n<\/ul>\n","protected":false},"excerpt":{"rendered":"<p>Les certificats Sensei, m\u00e9ticuleusement fabriqu\u00e9s pour d\u00e9gager le professionnalisme et l&rsquo;\u00e9l\u00e9gance, offrent une plate-forme impeccable pour afficher vos arts martiaux bien m\u00e9rit\u00e9s ou vos certifications d&rsquo;autod\u00e9fense. Fabriqu\u00e9s avec la plus grande pr\u00e9cision \u00e0 l&rsquo;aide de mat\u00e9riaux de niveau sup\u00e9rieur et impr\u00e9gn\u00e9s de teintes resplendissantes, ces certificats sont non seulement visuellement captivants mais servent \u00e9galement de splendide ornement pour votre dojo ou votre bureau estim\u00e9. \u00c9l\u00e9vant le sentiment de personnalisation, ces certificats pr\u00e9sentent un \u00e9ventail d&rsquo;options personnalisables pour le style et le texte, garantissant un hommage sur mesure \u00e0 vos r\u00e9alisations remarquables d&rsquo;arts martiaux. Admenez l&rsquo;opportunit\u00e9 de pr\u00e9senter vos r\u00e9alisations remarquables avec la grandeur in\u00e9gal\u00e9e des certificats Sensei.<\/p>\n","protected":false},"featured_media":145212,"comment_status":"open","ping_status":"open","template":"","meta":[],"product_brand":[2440],"product_cat":[1182,1223,1181],"product_tag":[1398],"class_list":{"0":"post-117549","1":"product","2":"type-product","3":"status-publish","4":"has-post-thumbnail","6":"product_brand-woocommerce","7":"product_cat-commerce-electronique-plugins","8":"product_cat-personnalisation-commerce-electronique-plugins","9":"product_cat-plugins","10":"product_tag-woocommerce","11":"member-discount","12":"discount-restricted","14":"first","15":"instock","16":"sale","17":"downloadable","18":"virtual","19":"sold-individually","20":"purchasable","21":"product-type-simple"},"_links":{"self":[{"href":"https:\/\/gpl-love.com\/fr\/wp-json\/wp\/v2\/product\/117549","targetHints":{"allow":["GET"]}}],"collection":[{"href":"https:\/\/gpl-love.com\/fr\/wp-json\/wp\/v2\/product"}],"about":[{"href":"https:\/\/gpl-love.com\/fr\/wp-json\/wp\/v2\/types\/product"}],"replies":[{"embeddable":true,"href":"https:\/\/gpl-love.com\/fr\/wp-json\/wp\/v2\/comments?post=117549"}],"wp:featuredmedia":[{"embeddable":true,"href":"https:\/\/gpl-love.com\/fr\/wp-json\/wp\/v2\/media\/145212"}],"wp:attachment":[{"href":"https:\/\/gpl-love.com\/fr\/wp-json\/wp\/v2\/media?parent=117549"}],"wp:term":[{"taxonomy":"product_brand","embeddable":true,"href":"https:\/\/gpl-love.com\/fr\/wp-json\/wp\/v2\/product_brand?post=117549"},{"taxonomy":"product_cat","embeddable":true,"href":"https:\/\/gpl-love.com\/fr\/wp-json\/wp\/v2\/product_cat?post=117549"},{"taxonomy":"product_tag","embeddable":true,"href":"https:\/\/gpl-love.com\/fr\/wp-json\/wp\/v2\/product_tag?post=117549"}],"curies":[{"name":"wp","href":"https:\/\/api.w.org\/{rel}","templated":true}]}}