{"id":117546,"date":"2026-03-02T00:00:00","date_gmt":"2026-03-01T23:00:00","guid":{"rendered":"http:\/\/gpl-love.com\/fr\/produit\/gravityview-inline-edit\/"},"modified":"2026-03-20T23:18:55","modified_gmt":"2026-03-20T22:18:55","slug":"gravityview-inline-edit","status":"publish","type":"product","link":"https:\/\/gpl-love.com\/fr\/produit\/gravityview-inline-edit\/","title":{"rendered":"Gravity View Inline Edit 2.9.1"},"content":{"rendered":"<h3>Gravity View Inline Edit Traits<\/h3>\n<p>Le plugin de modification en ligne de vue Gravity est un outil exceptionnellement innovant qui offre aux utilisateurs la possibilit\u00e9 de modifier directement leurs entr\u00e9es de formulaires de gravit\u00e9 sur leur propre site Web. En utilisant ce plugin, les utilisateurs peuvent contourner les inconv\u00e9nients de basculer constamment entre leur site Web et la plate-forme de formulaires Gravity afin d&rsquo;impl\u00e9menter les modifications ou les mises \u00e0 jour n\u00e9cessaires de leurs entr\u00e9es. L&rsquo;utilit\u00e9 remarquable de ce plugin r\u00e9side dans sa capacit\u00e9 \u00e0 accro\u00eetre l&rsquo;efficacit\u00e9 et la convivialit\u00e9 du processus d&rsquo;\u00e9dition d&rsquo;entr\u00e9e, car les utilisateurs peuvent s\u00e9lectionner sans effort une entr\u00e9e souhait\u00e9e et modifier rapidement son contenu en temps r\u00e9el. Une caract\u00e9ristique notable suppl\u00e9mentaire du plugin d&rsquo;\u00e9dition en ligne de vue Gravity est sa prise en charge compl\u00e8te de tous les types de champs trouv\u00e9s dans les formulaires de gravit\u00e9, y compris les plus avanc\u00e9s tels que les t\u00e9l\u00e9chargements de fichiers et les champs d&rsquo;adresse. En outre, la mesure dans laquelle la personnalisation est autoris\u00e9e est particuli\u00e8rement louable, car il permet aux utilisateurs de d\u00e9terminer quels champs sont \u00e9ligibles \u00e0 l&rsquo;\u00e9dition et qui poss\u00e8de le pouvoir d&rsquo;effectuer de telles modifications. Tout bien consid\u00e9r\u00e9, le plugin d&rsquo;\u00e9dition en ligne de vue de gravit\u00e9 appara\u00eet comme une solution exceptionnelle qui est impeccablement adapt\u00e9e aux individus qui cherchent \u00e0 rationaliser l&rsquo;effort autrement complexe et qui prend du temps de modification des entr\u00e9es de formes de gravit\u00e9.<\/p>\n<ul>\n<li>Modifier sans effort les formulaires Gravity Forms directement \u00e0 partir du front-end de votre site Web<\/li>\n<li>Gagnez du temps et rationalisez votre flux de travail avec une modification en ligne rapide et facile<\/li>\n<li>Mettez \u00e0 jour facilement vos entr\u00e9es de formulaire sans avoir \u00e0 naviguer vers le tableau de bord WordPress<\/li>\n<li>Int\u00e9grez de mani\u00e8re transparente aux formulaires de gravit\u00e9 pour fournir une exp\u00e9rience d&rsquo;\u00e9dition en ligne enti\u00e8rement fonctionnelle<\/li>\n<li>Personnalisez la mise en page et le style de vos formulaires d&rsquo;\u00e9dition en ligne pour correspondre \u00e0 la conception de votre site Web<\/li>\n<li>Am\u00e9liorer l&rsquo;exp\u00e9rience utilisateur en permettant aux utilisateurs de modifier leurs propres soumissions de formulaires en temps r\u00e9el<\/li>\n<li>Augmenter la pr\u00e9cision des donn\u00e9es en permettant aux utilisateurs de corriger les erreurs ou les fautes de frappe directement sur la page d&rsquo;entr\u00e9e<\/li>\n<li>Am\u00e9liorer l&rsquo;organisation et la gestion des donn\u00e9es en permettant aux utilisateurs d&rsquo;ajouter ou de supprimer les champs selon les besoins<\/li>\n<li>Compatible avec les formes de gravit\u00e9 populaires et les extensions pour une fonctionnalit\u00e9 et une flexibilit\u00e9 accrues<\/li>\n<\/ul>\n","protected":false},"excerpt":{"rendered":"<p>Gravity View Inline Edit est un outil extr\u00eamement puissant et robuste qui vous accorde la capacit\u00e9 exceptionnelle \u00e0 modifier et r\u00e9viser sans effort les entr\u00e9es de gravit\u00e9 directement \u00e0 partir de votre site Web. Avec l&rsquo;utilisation de cet outil, vous pouvez faire sans effort et transporter des modifications et des ajustements \u00e0 vos soumissions de formulaire, introduire de nouvelles entr\u00e9es et acc\u00e9der \u00e0 des informations compl\u00e8tes et complexes en relation avec chaque soumission. L&rsquo;interface, dans toute sa gloire conviviale, simplifie le processus de gestion et de supervision efficaces de vos donn\u00e9es, vous laissant plus de temps et d&rsquo;\u00e9nergie pour consacrer \u00e0 l&rsquo;expansion et \u00e0 l&rsquo;avancement de votre entreprise. Que vous vous trouviez avoir besoin de mises \u00e0 jour rapides et opportunes de vos formulaires ou de lutter contre la gestion et l&rsquo;organisation de donn\u00e9es complexes et compliqu\u00e9 suffisant pour terminer la t\u00e2che \u00e0 accomplir \u00e0 la plus grande satisfaction. Alors pourquoi tarder? Posez plus de temps et entreprenez votre voyage avec la vue de gravit\u00e9 en ligne Modifier aujourd&rsquo;hui, et t\u00e9moigne du potentiel in\u00e9gal\u00e9 qu&rsquo;il d\u00e9voile pour vos formes de gravit\u00e9!<\/p>\n","protected":false},"featured_media":144140,"comment_status":"open","ping_status":"open","template":"","meta":[],"product_brand":[2568],"product_cat":[1191,1181,1186],"product_tag":[1279],"class_list":{"0":"post-117546","1":"product","2":"type-product","3":"status-publish","4":"has-post-thumbnail","6":"product_brand-gravityview","7":"product_cat-formes","8":"product_cat-plugins","9":"product_cat-wordpress-plugins","10":"product_tag-gravityview","11":"member-discount","12":"discount-restricted","14":"first","15":"instock","16":"sale","17":"downloadable","18":"virtual","19":"sold-individually","20":"purchasable","21":"product-type-simple"},"_links":{"self":[{"href":"https:\/\/gpl-love.com\/fr\/wp-json\/wp\/v2\/product\/117546","targetHints":{"allow":["GET"]}}],"collection":[{"href":"https:\/\/gpl-love.com\/fr\/wp-json\/wp\/v2\/product"}],"about":[{"href":"https:\/\/gpl-love.com\/fr\/wp-json\/wp\/v2\/types\/product"}],"replies":[{"embeddable":true,"href":"https:\/\/gpl-love.com\/fr\/wp-json\/wp\/v2\/comments?post=117546"}],"wp:featuredmedia":[{"embeddable":true,"href":"https:\/\/gpl-love.com\/fr\/wp-json\/wp\/v2\/media\/144140"}],"wp:attachment":[{"href":"https:\/\/gpl-love.com\/fr\/wp-json\/wp\/v2\/media?parent=117546"}],"wp:term":[{"taxonomy":"product_brand","embeddable":true,"href":"https:\/\/gpl-love.com\/fr\/wp-json\/wp\/v2\/product_brand?post=117546"},{"taxonomy":"product_cat","embeddable":true,"href":"https:\/\/gpl-love.com\/fr\/wp-json\/wp\/v2\/product_cat?post=117546"},{"taxonomy":"product_tag","embeddable":true,"href":"https:\/\/gpl-love.com\/fr\/wp-json\/wp\/v2\/product_tag?post=117546"}],"curies":[{"name":"wp","href":"https:\/\/api.w.org\/{rel}","templated":true}]}}