{"id":117156,"date":"2023-01-29T00:00:00","date_gmt":"2023-01-28T23:00:00","guid":{"rendered":"http:\/\/gpl-love.com\/fr\/produit\/woocommerce-pdf-invoices-et-packing-slips\/"},"modified":"2026-04-10T18:47:48","modified_gmt":"2026-04-10T16:47:48","slug":"woocommerce-pdf-invoices-et-packing-slips","status":"publish","type":"product","link":"https:\/\/gpl-love.com\/fr\/produit\/woocommerce-pdf-invoices-et-packing-slips\/","title":{"rendered":"WooCommerce PDF Invoices et Packing Slips 1.4.10"},"content":{"rendered":"<h3>WooCommerce PDF Invoices et Packing Slips Traits<\/h3>\n<p>Le plugin WooCommerce PDF Factures and Packing Slips est un outil exceptionnel qui accorde aux propri\u00e9taires de magasins en ligne la possibilit\u00e9 de g\u00e9n\u00e9rer sans effort des factures PDF exquises et des feuillets d&#8217;emballage pour leurs pr\u00e9cieux clients. Ce plugin remarquable permet aux utilisateurs d&rsquo;adapter l&rsquo;apparence de leurs factures et de glissements d&#8217;emballage pour s&rsquo;aligner parfaitement avec leur identit\u00e9 de marque. De plus, il poss\u00e8de un \u00e9ventail d&rsquo;options de personnalisation tr\u00e8s flexibles, permettant aux propri\u00e9taires de magasins d&rsquo;incorporer sans effort leurs informations sur le logo, l&rsquo;en-t\u00eate et le pied de page dans leurs factures et leurs bulletins d&#8217;emballage. L&rsquo;une des fonctionnalit\u00e9s les plus remarquables de ce plugin est sa capacit\u00e9 \u00e0 g\u00e9n\u00e9rer automatiquement des factures et des feuillets d&#8217;emballage lors du placement des commandes, facilitant ainsi la commande et le suivi des exp\u00e9ditions impeccables pour les propri\u00e9taires de magasins. En outre, il permet aux utilisateurs d&rsquo;envoyer facilement les factures et d&#8217;emballer les bordereaux \u00e0 leurs clients par e-mail ou m\u00eame de les inclure dans l&rsquo;e-mail de confirmation de commande. Ind\u00e9niablement, ce plugin indispensable est une n\u00e9cessit\u00e9 absolue pour tout propri\u00e9taire de magasin en ligne exigeant qui s&rsquo;efforce de rationaliser leur processus de gestion des commandes tout en offrant \u00e0 leurs clients des factures impeccablement professionnelles et des feuillets d&#8217;emballage.<\/p>\n<ul>\n<li>Belles factures d&rsquo;apparence professionnelle et feuillets d&#8217;emballage pour vos commandes WooCommerce<\/li>\n<li>Mod\u00e8les facilement personnalisables avec des options pour les polices, les couleurs et les logos<\/li>\n<li>G\u00e9n\u00e9ration automatique et e-mail des factures aux clients<\/li>\n<li>Possibilit\u00e9 de t\u00e9l\u00e9charger et d&rsquo;imprimer des feuillets d&#8217;emballage \u00e0 des fins d&rsquo;exp\u00e9dition<\/li>\n<li>Int\u00e9gration avec les passerelles de paiement populaires et les fournisseurs d&rsquo;exp\u00e9dition<\/li>\n<li>Flux de travail rationalis\u00e9 pour la gestion et le suivi des commandes, des factures et des exp\u00e9ditions<\/li>\n<li>Plugin s\u00e9curis\u00e9 et fiable avec des mises \u00e0 jour r\u00e9guli\u00e8res et un support client<\/li>\n<li>Compatibilit\u00e9 avec d&rsquo;autres plugins et extensions populaires populaires<\/li>\n<li>Documentation approfondie et interface conviviale pour une configuration et une utilisation faciles<\/li>\n<\/ul>\n","protected":false},"excerpt":{"rendered":"<p>En utilisant le plugin WooCommerce PDF Factures and Packing Slips, vous avez la possibilit\u00e9 de g\u00e9n\u00e9rer et de personnaliser sans effort des factures et des bulletins d&#8217;emballage qui poss\u00e8dent une apparence tr\u00e8s professionnelle, r\u00e9pondant aux besoins de votre boutique en ligne. De plus, la commodit\u00e9 de pouvoir t\u00e9l\u00e9charger et imprimer facilement ces documents pour votre propre r\u00e9f\u00e9rence ou inclusion avec vos commandes est facilement \u00e0 votre disposition. Offrez des adieux \u00e0 la t\u00e2che lourde de la facturation manuelle et adoptez une approche plus rationalis\u00e9e et plus efficace \u00e0 l&rsquo;aide de cette pr\u00e9cieuse extension WooCommerce.<\/p>\n","protected":false},"featured_media":145963,"comment_status":"open","ping_status":"open","template":"","meta":[],"product_brand":[2435],"product_cat":[1183,1182,1181],"product_tag":[1231],"class_list":{"0":"post-117156","1":"product","2":"type-product","3":"status-publish","4":"has-post-thumbnail","6":"product_brand-codecanyon","7":"product_cat-administration","8":"product_cat-commerce-electronique-plugins","9":"product_cat-plugins","10":"product_tag-codecanyon","11":"member-discount","12":"discount-restricted","14":"first","15":"instock","16":"sale","17":"downloadable","18":"virtual","19":"sold-individually","20":"purchasable","21":"product-type-simple"},"_links":{"self":[{"href":"https:\/\/gpl-love.com\/fr\/wp-json\/wp\/v2\/product\/117156","targetHints":{"allow":["GET"]}}],"collection":[{"href":"https:\/\/gpl-love.com\/fr\/wp-json\/wp\/v2\/product"}],"about":[{"href":"https:\/\/gpl-love.com\/fr\/wp-json\/wp\/v2\/types\/product"}],"replies":[{"embeddable":true,"href":"https:\/\/gpl-love.com\/fr\/wp-json\/wp\/v2\/comments?post=117156"}],"wp:featuredmedia":[{"embeddable":true,"href":"https:\/\/gpl-love.com\/fr\/wp-json\/wp\/v2\/media\/145963"}],"wp:attachment":[{"href":"https:\/\/gpl-love.com\/fr\/wp-json\/wp\/v2\/media?parent=117156"}],"wp:term":[{"taxonomy":"product_brand","embeddable":true,"href":"https:\/\/gpl-love.com\/fr\/wp-json\/wp\/v2\/product_brand?post=117156"},{"taxonomy":"product_cat","embeddable":true,"href":"https:\/\/gpl-love.com\/fr\/wp-json\/wp\/v2\/product_cat?post=117156"},{"taxonomy":"product_tag","embeddable":true,"href":"https:\/\/gpl-love.com\/fr\/wp-json\/wp\/v2\/product_tag?post=117156"}],"curies":[{"name":"wp","href":"https:\/\/api.w.org\/{rel}","templated":true}]}}