{"id":117152,"date":"2022-02-08T00:00:00","date_gmt":"2022-02-07T23:00:00","guid":{"rendered":"http:\/\/gpl-love.com\/fr\/produit\/uberchart-wordpress-chart-plugin\/"},"modified":"2026-04-10T18:44:03","modified_gmt":"2026-04-10T16:44:03","slug":"uberchart-wordpress-chart-plugin","status":"publish","type":"product","link":"https:\/\/gpl-love.com\/fr\/produit\/uberchart-wordpress-chart-plugin\/","title":{"rendered":"UberChart WordPress Chart Plugin 1.26"},"content":{"rendered":"<h3>UberChart WordPress Chart Plugin Traits<\/h3>\n<p>UberChart est un plugin WordPress exceptionnellement robuste qui poss\u00e8de la capacit\u00e9 remarquable pour accorder aux utilisateurs la capacit\u00e9 sans effort de g\u00e9n\u00e9rer et d&rsquo;adapter les graphiques et graphiques interactifs sur leurs sites Web respectifs. Ce plugin merveilleux poss\u00e8de une interface de glisser-d\u00e9poser facilement simpliste, qui permet aux utilisateurs de s\u00e9lectionner parmi un vaste assortiment de types de graphiques, y compris, mais sans s&rsquo;y limiter, des graphiques de barre, de ligne et de tarte, entre autres. En outre, ce plugin impressionnant propose \u00e9galement une vaste gamme d&rsquo;options de personnalisation, dans lesquelles les utilisateurs peuvent se pr\u00e9lasser dans des sch\u00e9mas de couleurs, des polices et m\u00eame des animations, le tout dans le but d&rsquo;aligner de mani\u00e8re transparente ses graphiques avec la conception globale de leur site Web. De plus, il est crucial de noter qu&rsquo;Uberchart a \u00e9t\u00e9 m\u00e9ticuleusement con\u00e7u pour incarner une r\u00e9activit\u00e9 et une optimisation compl\u00e8tes pour une myriade d&rsquo;appareils mobiles, garantissant ainsi que vos illustres graphiques maintiennent leur remplacement quelle que soit la taille de l&rsquo;\u00e9cran. Ergo, que l&rsquo;on aspire l&rsquo;exposition des donn\u00e9es, le suivi diligent des progr\u00e8s, ou cherche simplement \u00e0 am\u00e9liorer l&rsquo;attrait esth\u00e9tique de leur site Web, Uberchart pr\u00e9tend l&rsquo;outil par excellence pour tous les utilisateurs de WordPress.<\/p>\n<ul>\n<li>Processus d&rsquo;installation et de configuration facile avec une documentation d\u00e9taill\u00e9e<\/li>\n<li>Graphiques hautement personnalisables avec de nombreux types et options de graphiques<\/li>\n<li>R\u00e9activit\u00e9 mobile et compatibilit\u00e9 sur divers appareils et navigateurs<\/li>\n<li>Possibilit\u00e9 d&rsquo;importer des donn\u00e9es \u00e0 partir de plusieurs sources, y compris les bases de donn\u00e9es CSV, Google Sheets et MySQL<\/li>\n<li>Fonctionnalit\u00e9s avanc\u00e9es telles que le filtrage des donn\u00e9es, le tri et l&rsquo;agr\u00e9gation<\/li>\n<li>Tableaux interactifs avec des \u00e9v\u00e9nements de survol et de clics<\/li>\n<li>Graphiques exportables dans des formats PNG, SVG ou PDF<\/li>\n<li>Options de cr\u00e9ation et d&rsquo;int\u00e9gration des graphiques \u00e0 l&rsquo;aide de shortcodes ou de widgets<\/li>\n<li>Mises \u00e0 jour r\u00e9guli\u00e8res et support client de l&rsquo;\u00e9quipe Uberchart<\/li>\n<li>Plans de prix abordables avec une gamme de fonctionnalit\u00e9s et d&rsquo;avantages.<\/li>\n<\/ul>\n","protected":false},"excerpt":{"rendered":"<p>Uberchart, un plugin de graphique WordPress tr\u00e8s robuste et tr\u00e8s riche en fonctionnalit\u00e9s, permet aux utilisateurs de g\u00e9n\u00e9rer sans effort des graphiques et des graphiques captivants visuellement et interactifs. Gr\u00e2ce \u00e0 son interface intuitive, on peut importer rapidement des donn\u00e9es \u00e0 partir de diverses sources, des graphiques de tailleur \u00e0 leur guise en b\u00e9n\u00e9ficiant d&rsquo;une pl\u00e9thore de choix de conception et les pr\u00e9senter efficacement sur leur site Web pour vraiment captiver leurs t\u00e9l\u00e9spectateurs. Que vous soyez un blogueur comp\u00e9tent, un propri\u00e9taire commercial astucieux ou un analyste m\u00e9ticuleux de donn\u00e9es, Uberchart facilite de mani\u00e8re transparente le processus de visualisation des donn\u00e9es, vous permettant de transmettre sans effort vos informations profondes \u00e0 votre public estim\u00e9.<\/p>\n","protected":false},"featured_media":145627,"comment_status":"open","ping_status":"open","template":"","meta":[],"product_brand":[2435],"product_cat":[1189,1181,1186],"product_tag":[1231],"class_list":{"0":"post-117152","1":"product","2":"type-product","3":"status-publish","4":"has-post-thumbnail","6":"product_brand-codecanyon","7":"product_cat-personnalisation","8":"product_cat-plugins","9":"product_cat-wordpress-plugins","10":"product_tag-codecanyon","11":"member-discount","12":"discount-restricted","14":"first","15":"instock","16":"sale","17":"downloadable","18":"virtual","19":"sold-individually","20":"purchasable","21":"product-type-simple"},"_links":{"self":[{"href":"https:\/\/gpl-love.com\/fr\/wp-json\/wp\/v2\/product\/117152","targetHints":{"allow":["GET"]}}],"collection":[{"href":"https:\/\/gpl-love.com\/fr\/wp-json\/wp\/v2\/product"}],"about":[{"href":"https:\/\/gpl-love.com\/fr\/wp-json\/wp\/v2\/types\/product"}],"replies":[{"embeddable":true,"href":"https:\/\/gpl-love.com\/fr\/wp-json\/wp\/v2\/comments?post=117152"}],"wp:featuredmedia":[{"embeddable":true,"href":"https:\/\/gpl-love.com\/fr\/wp-json\/wp\/v2\/media\/145627"}],"wp:attachment":[{"href":"https:\/\/gpl-love.com\/fr\/wp-json\/wp\/v2\/media?parent=117152"}],"wp:term":[{"taxonomy":"product_brand","embeddable":true,"href":"https:\/\/gpl-love.com\/fr\/wp-json\/wp\/v2\/product_brand?post=117152"},{"taxonomy":"product_cat","embeddable":true,"href":"https:\/\/gpl-love.com\/fr\/wp-json\/wp\/v2\/product_cat?post=117152"},{"taxonomy":"product_tag","embeddable":true,"href":"https:\/\/gpl-love.com\/fr\/wp-json\/wp\/v2\/product_tag?post=117152"}],"curies":[{"name":"wp","href":"https:\/\/api.w.org\/{rel}","templated":true}]}}