{"id":117149,"date":"2023-04-22T00:00:00","date_gmt":"2023-04-21T22:00:00","guid":{"rendered":"http:\/\/gpl-love.com\/fr\/produit\/caden-mega-store-responsive-wordpress-theme\/"},"modified":"2026-03-20T22:57:51","modified_gmt":"2026-03-20T21:57:51","slug":"caden-mega-store-responsive-wordpress-theme","status":"publish","type":"product","link":"https:\/\/gpl-love.com\/fr\/produit\/caden-mega-store-responsive-wordpress-theme\/","title":{"rendered":"Caden Mega Store Responsive WordPress Theme 1.4.3"},"content":{"rendered":"<h3>Caden Mega Store Responsive WordPress Theme Traits<\/h3>\n<p>Le th\u00e8me WordPress r\u00e9actif Caden Mega Store se pr\u00e9sente comme la solution id\u00e9ale pour les personnes cherchant \u00e0 \u00e9tablir une boutique en ligne avec \u00e0 la fois l&rsquo;attrait esth\u00e9tique et la fonctionnalit\u00e9 transparente. Soulignant sa r\u00e9activit\u00e9 compl\u00e8te, ce th\u00e8me s&rsquo;adapte sans effort \u00e0 diverses tailles d&rsquo;\u00e9cran, garantissant une exp\u00e9rience utilisateur transparente et agr\u00e9able sur tous les appareils. Avec son interface intuitive, la personnalisation devient un jeu d&rsquo;enfant, permettant aux utilisateurs d&rsquo;adapter le th\u00e8me \u00e0 leurs pr\u00e9f\u00e9rences et besoins sp\u00e9cifiques, am\u00e9liorant finalement la pr\u00e9sentation de leurs produits de la mani\u00e8re la plus optimale. De plus, ce th\u00e8me int\u00e8gre une multitude de fonctionnalit\u00e9s utiles, y compris des filtres de produit, des fonctions de recherche et un panier, qui contribuent tous \u00e0 la facilit\u00e9 avec laquelle les clients peuvent naviguer et acheter avec succ\u00e8s leurs articles souhait\u00e9s. Dans l&rsquo;ensemble, le th\u00e8me WordPress r\u00e9actif Caden Mega Store est un choix polyvalent et fiable pour ceux qui recherchent une boutique en ligne visuellement \u00e9tonnante et tr\u00e8s fonctionnelle.<\/p>\n<ul>\n<li>Th\u00e8me WordPress con\u00e7u par des professionnels pour les magasins en ligne<\/li>\n<li>Conception enti\u00e8rement r\u00e9active optimis\u00e9e pour tous les appareils<\/li>\n<li>Installation en un clic avec contenu de d\u00e9monstration incluse<\/li>\n<li>Compatible avec les plugins de commerce \u00e9lectronique populaires tels que WooCommerce<\/li>\n<li>Page d&rsquo;accueil personnalisable avec plusieurs options de mise en page<\/li>\n<li>Options avanc\u00e9es de recherche et de filtrage de produits<\/li>\n<li>Pages de produits d\u00e9taill\u00e9s avec plusieurs aper\u00e7us d&rsquo;images et critiques<\/li>\n<li>Mega menu int\u00e9gr\u00e9 pour une navigation facile<\/li>\n<li>Int\u00e9gration avec les passerelles de paiement populaires<\/li>\n<li>SEO optimis\u00e9 pour am\u00e9liorer le classement des moteurs de recherche<\/li>\n<li>Vitesses de chargement rapide pour une am\u00e9lioration de l&rsquo;exp\u00e9rience utilisateur<\/li>\n<li>Mises \u00e0 jour r\u00e9guli\u00e8res et support client d\u00e9di\u00e9.<\/li>\n<\/ul>\n","protected":false},"excerpt":{"rendered":"<p>Bienvenue sur le th\u00e8me WordPress r\u00e9actif Caden Mega Store, o\u00f9 le style r\u00e9pond aux fonctionnalit\u00e9s. Ce th\u00e8me convivial est parfait pour toute m\u00e9ga boutique en ligne qui souhaite renforcer sa pr\u00e9sence num\u00e9rique. Avec sa conception r\u00e9active, votre site Web sera magnifique sur tous les appareils, que ce soit un bureau, une tablette ou un smartphone. La personnalisation facile vous permet d&rsquo;adapter le th\u00e8me au style unique de votre marque, tandis que l&rsquo;int\u00e9gration WordPress signifie que m\u00eame ceux qui ont une comp\u00e9tence technique minimale peuvent g\u00e9rer leur site avec facilit\u00e9. Le th\u00e8me Caden Mega Store dispose \u00e9galement d&rsquo;une vitesse de chargement rapide, garantissant que vos clients ne seront pas laiss\u00e9s en attente. De plus, avec l&rsquo;optimisation du r\u00e9f\u00e9rencement, votre magasin se classera aux r\u00e9sultats des moteurs de recherche, augmentant la visibilit\u00e9 et le trafic. Transformez votre boutique en ligne avec le th\u00e8me WordPress r\u00e9actif Caden Mega Store.<\/p>\n","protected":false},"featured_media":143344,"comment_status":"open","ping_status":"open","template":"","meta":[],"product_brand":[2433],"product_cat":[1238,1851,1212],"product_tag":[1366],"class_list":{"0":"post-117149","1":"product","2":"type-product","3":"status-publish","4":"has-post-thumbnail","6":"product_brand-themeforest","7":"product_cat-commerce-electronique-themes","8":"product_cat-entreprise-commerce-electronique-themes","9":"product_cat-themes","10":"product_tag-themeforest","11":"member-discount","12":"discount-restricted","14":"first","15":"instock","16":"sale","17":"downloadable","18":"virtual","19":"sold-individually","20":"purchasable","21":"product-type-simple"},"_links":{"self":[{"href":"https:\/\/gpl-love.com\/fr\/wp-json\/wp\/v2\/product\/117149","targetHints":{"allow":["GET"]}}],"collection":[{"href":"https:\/\/gpl-love.com\/fr\/wp-json\/wp\/v2\/product"}],"about":[{"href":"https:\/\/gpl-love.com\/fr\/wp-json\/wp\/v2\/types\/product"}],"replies":[{"embeddable":true,"href":"https:\/\/gpl-love.com\/fr\/wp-json\/wp\/v2\/comments?post=117149"}],"wp:featuredmedia":[{"embeddable":true,"href":"https:\/\/gpl-love.com\/fr\/wp-json\/wp\/v2\/media\/143344"}],"wp:attachment":[{"href":"https:\/\/gpl-love.com\/fr\/wp-json\/wp\/v2\/media?parent=117149"}],"wp:term":[{"taxonomy":"product_brand","embeddable":true,"href":"https:\/\/gpl-love.com\/fr\/wp-json\/wp\/v2\/product_brand?post=117149"},{"taxonomy":"product_cat","embeddable":true,"href":"https:\/\/gpl-love.com\/fr\/wp-json\/wp\/v2\/product_cat?post=117149"},{"taxonomy":"product_tag","embeddable":true,"href":"https:\/\/gpl-love.com\/fr\/wp-json\/wp\/v2\/product_tag?post=117149"}],"curies":[{"name":"wp","href":"https:\/\/api.w.org\/{rel}","templated":true}]}}