{"id":117147,"date":"2026-04-07T00:00:00","date_gmt":"2026-04-06T22:00:00","guid":{"rendered":"http:\/\/gpl-love.com\/fr\/produit\/nextend-social-login-pro\/"},"modified":"2026-04-10T18:33:55","modified_gmt":"2026-04-10T16:33:55","slug":"nextend-social-login-pro","status":"publish","type":"product","link":"https:\/\/gpl-love.com\/fr\/produit\/nextend-social-login-pro\/","title":{"rendered":"Nextend Social Login Pro 3.1.25"},"content":{"rendered":"<h3>Nextend Social Login Pro Traits<\/h3>\n<p>NEXTEND SOCIAL LOGIN PRO, un plugin tr\u00e8s robuste, sert de facilitateur remarquable, accordant aux utilisateurs la possibilit\u00e9 d&rsquo;acc\u00e9der de mani\u00e8re transparente \u00e0 leurs comptes via diverses plateformes de m\u00e9dias sociaux telles que Facebook, Google, Twitter, LinkedIn, Instagram et bien d&rsquo;autres. Ce plugin, qui est incroyablement convivial et englobe une vaste gamme d&rsquo;options de personnalisation, assure l&rsquo;int\u00e9gration sans effort dans n&rsquo;importe quel site Web ou application. En utilisant NEXTEND SOCIAL LOGIN PRO, les utilisateurs peuvent s&rsquo;inscrire et se connecter rapidement et sans effort sans \u00eatre quelques clics, ce qui permet de gagner un temps inestimable et de contourner la n\u00e9cessit\u00e9 de maintenir plusieurs noms d&rsquo;utilisateur et mots de passe. En outre, ce plugin propose des fonctionnalit\u00e9s de s\u00e9curit\u00e9 sophistiqu\u00e9es, y compris l&rsquo;authentification \u00e0 deux facteurs et la protection anti-spam, pour garantir la plus grande s\u00e9curit\u00e9 des donn\u00e9es utilisateur. Que vous soyez propri\u00e9taire d&rsquo;un site Web, d\u00e9veloppeur ou marketing, NEXTEND SOCIAL LOGIN PRO est un outil indispensable, rationalisant les processus d&rsquo;enregistrement et de connexion des utilisateurs, am\u00e9liorant ainsi consid\u00e9rablement l&rsquo;exp\u00e9rience utilisateur globale.<\/p>\n<ul>\n<li>Int\u00e9gration transparente des options de connexion sociale sur votre site Web ou votre application<\/li>\n<li>Compatible avec plus de 35 profils de r\u00e9seaux sociaux tels que Facebook, Google, Twitter, LinkedIn et plus<\/li>\n<li>Possibilit\u00e9 de personnaliser les styles de bouton de connexion pour correspondre \u00e0 l&rsquo;esth\u00e9tique de votre site Web<\/li>\n<li>Option pour collecter des donn\u00e9es sociales utilisateur comme le nom, l&rsquo;\u00e2ge, l&#8217;emplacement, etc. lors de la connexion<\/li>\n<li>Gestion des donn\u00e9es utilisateur s\u00e9curis\u00e9es via les protocoles OAuth, HTTPS et SSL<\/li>\n<li>Compatibilit\u00e9 avec les plates-formes WordPress populaires, y compris BuddyPress et WooCommerce<\/li>\n<li>Support multilingue pour un public mondial<\/li>\n<li>Analytiques et rapports d\u00e9taill\u00e9s, y compris les journaux d&rsquo;activit\u00e9 et les statistiques des utilisateurs<\/li>\n<li>Support client fiable et mises \u00e0 jour r\u00e9guli\u00e8res pour suivre les derni\u00e8res API de r\u00e9seau social et les protocoles de s\u00e9curit\u00e9<\/li>\n<li>Des prix flexibles pr\u00e9voient des besoins commerciaux diff\u00e9rents, y compris une version gratuite avec des fonctionnalit\u00e9s de base.<\/li>\n<\/ul>\n","protected":false},"excerpt":{"rendered":"<p>Nextend Social Login Pro est un plugin incroyablement robuste et remarquablement convivial qui a \u00e9t\u00e9 r\u00e9fl\u00e9chi pour am\u00e9liorer consid\u00e9rablement l&rsquo;exp\u00e9rience globale de connexion et d&rsquo;enregistrement sur votre site Web WordPress. Il permet aux utilisateurs la capacit\u00e9 sans effort de se connecter de mani\u00e8re pratique et rapide en utilisant leurs divers profils de m\u00e9dias sociaux, englobant des plateformes renomm\u00e9es telles que Facebook, Google+, Twitter et LinkedIn. Cette fonctionnalit\u00e9 permet efficacement aux utilisateurs un temps pr\u00e9cieux et les \u00e9pargne de durcir les tracas inutiles. De plus, ce plugin extraordinaire vous offre en outre l&rsquo;occasion inestimable d&rsquo;adapter habilement les formulaires de connexion et d&rsquo;enregistrement pour s&rsquo;aligner sur vos pr\u00e9f\u00e9rences et exigences sp\u00e9cifiques, permettant ainsi un niveau de personnalisation sans pr\u00e9c\u00e9dent. De plus, il vous donne la capacit\u00e9 de collecter efficacement les donn\u00e9es utilisateur pertinentes, ce qui peut \u00eatre inestimable pour vos efforts de marketing. En tirant parti des capacit\u00e9s exceptionnelles de NEXTEND SOCIAL LOGIN PRO, vous \u00eates oblig\u00e9 de voir une augmentation substantielle et remarquable de l&rsquo;engagement des utilisateurs et une augmentation ind\u00e9niable du trafic vers votre site Web estim\u00e9.<\/p>\n","protected":false},"featured_media":144749,"comment_status":"open","ping_status":"open","template":"","meta":[],"product_brand":[2603],"product_cat":[1189,1181,1186],"product_tag":[2249],"class_list":{"0":"post-117147","1":"product","2":"type-product","3":"status-publish","4":"has-post-thumbnail","6":"product_brand-nextend","7":"product_cat-personnalisation","8":"product_cat-plugins","9":"product_cat-wordpress-plugins","10":"product_tag-nextend","11":"member-discount","12":"discount-restricted","14":"first","15":"instock","16":"sale","17":"downloadable","18":"virtual","19":"sold-individually","20":"purchasable","21":"product-type-simple"},"_links":{"self":[{"href":"https:\/\/gpl-love.com\/fr\/wp-json\/wp\/v2\/product\/117147","targetHints":{"allow":["GET"]}}],"collection":[{"href":"https:\/\/gpl-love.com\/fr\/wp-json\/wp\/v2\/product"}],"about":[{"href":"https:\/\/gpl-love.com\/fr\/wp-json\/wp\/v2\/types\/product"}],"replies":[{"embeddable":true,"href":"https:\/\/gpl-love.com\/fr\/wp-json\/wp\/v2\/comments?post=117147"}],"wp:featuredmedia":[{"embeddable":true,"href":"https:\/\/gpl-love.com\/fr\/wp-json\/wp\/v2\/media\/144749"}],"wp:attachment":[{"href":"https:\/\/gpl-love.com\/fr\/wp-json\/wp\/v2\/media?parent=117147"}],"wp:term":[{"taxonomy":"product_brand","embeddable":true,"href":"https:\/\/gpl-love.com\/fr\/wp-json\/wp\/v2\/product_brand?post=117147"},{"taxonomy":"product_cat","embeddable":true,"href":"https:\/\/gpl-love.com\/fr\/wp-json\/wp\/v2\/product_cat?post=117147"},{"taxonomy":"product_tag","embeddable":true,"href":"https:\/\/gpl-love.com\/fr\/wp-json\/wp\/v2\/product_tag?post=117147"}],"curies":[{"name":"wp","href":"https:\/\/api.w.org\/{rel}","templated":true}]}}