{"id":117140,"date":"2025-11-10T00:00:00","date_gmt":"2025-11-09T23:00:00","guid":{"rendered":"http:\/\/gpl-love.com\/fr\/produit\/give-donation-upsells-pour-woocommerce\/"},"modified":"2026-03-20T23:16:40","modified_gmt":"2026-03-20T22:16:40","slug":"give-donation-upsells-pour-woocommerce","status":"publish","type":"product","link":"https:\/\/gpl-love.com\/fr\/produit\/give-donation-upsells-pour-woocommerce\/","title":{"rendered":"GiveWP Donation Upsells pour WooCommerce 1.4.1"},"content":{"rendered":"<h3>GiveWP Donation Upsells pour WooCommerce Traits<\/h3>\n<p>GiveWP Don usells pour WooCommerce est un outil remarquablement robuste qui sert \u00e0 amplifier l&rsquo;exp\u00e9rience de don des utilisateurs visitant votre site Web. Ce plugin exceptionnel vous permet de fabriquer des produits de don sur mesure qui peuvent \u00eatre pr\u00e9sent\u00e9s comme des ventes incendiaires \u00e0 vos clients estim\u00e9s tout au long du processus de paiement. En vertu de Donations incendiaires de don GiveWP, vous \u00eates accord\u00e9 \u00e0 la capacit\u00e9 extraordinaire d&rsquo;augmenter vos revenus de don en proposant des montants de dons plus \u00e9lev\u00e9s ou en offrant des perspectives de don suppl\u00e9mentaires. La facilit\u00e9 in\u00e9gal\u00e9e d&rsquo;impl\u00e9mentation de ce plugin, coupl\u00e9e \u00e0 son interface conviviale sans \u00e9quivoque, vous permet de g\u00e9n\u00e9rer et de g\u00e9rer sans effort vos ventes. Il est \u00e9vident que le don de dons ABDWP pour WooCommerce est la quintessence de la solution optimale pour toute organisation \u00e0 but non lucratif ou caritative cherchant \u00e0 amplifier ses revenus de don et \u00e0 effectuer un impact encore plus profond au sein de leur communaut\u00e9.<\/p>\n<ul>\n<li>Int\u00e9gration transparente avec WooCommerce et GiveWP Don Don Plateforme<\/li>\n<li>Vous permet d&rsquo;offrir des ventes ascendantes aux donateurs pendant la caisse<\/li>\n<li>Capacit\u00e9 \u00e0 cr\u00e9er des offres de vente r\u00e9sistante personnalisable<\/li>\n<li>Augmente la valeur moyenne de la commande en sugg\u00e9rant des montants de dons suppl\u00e9mentaires<\/li>\n<li>Interface facile \u00e0 utiliser et intuitive<\/li>\n<li>Compatible avec tous les th\u00e8mes et plugins WordPress<\/li>\n<li>Caract\u00e9ristiques de rapports et d&rsquo;analyse robustes<\/li>\n<li>Offre une exp\u00e9rience de don conviviale pour vos donateurs<\/li>\n<li>Fonctionne sur les appareils mobiles et les ordinateurs de bureau<\/li>\n<li>Support client 24\/7 disponible<\/li>\n<\/ul>\n","protected":false},"excerpt":{"rendered":"<p>Le don de dons GiveWP pour WooCommerce est un outil extr\u00eamement robuste et de conception complexe qui a \u00e9t\u00e9 sp\u00e9cifiquement con\u00e7u pour aider les entreprises \u00e0 propulser et \u00e0 faire progresser leurs initiatives philanthropiques. Ce plugin r\u00e9volutionnaire et r\u00e9volutionnaire facilite et permet aux clients de contribuer sans effort des fonds suppl\u00e9mentaires tout en faisant subir le processus de paiement, augmentant ainsi consid\u00e9rablement et augmentant la somme totale de leur don. En se pr\u00e9voyant de la multitude d&rsquo;avantages offerts par le don de don GiveWP pour WooCommerce, les entreprises peuvent efficacement amplifier leurs obligations soci\u00e9tales et g\u00e9n\u00e9rer un effet profond\u00e9ment constructif et favorable sur les communaut\u00e9s qu&rsquo;ils servent.<\/p>\n","protected":false},"featured_media":143997,"comment_status":"open","ping_status":"open","template":"","meta":[],"product_brand":[2561],"product_cat":[1207,1181,1186],"product_tag":[2282],"class_list":{"0":"post-117140","1":"product","2":"type-product","3":"status-publish","4":"has-post-thumbnail","6":"product_brand-givewp","7":"product_cat-commercialisation-wordpress-plugins","8":"product_cat-plugins","9":"product_cat-wordpress-plugins","10":"product_tag-givewp","11":"member-discount","12":"discount-restricted","14":"first","15":"instock","16":"sale","17":"downloadable","18":"virtual","19":"sold-individually","20":"purchasable","21":"product-type-simple"},"_links":{"self":[{"href":"https:\/\/gpl-love.com\/fr\/wp-json\/wp\/v2\/product\/117140","targetHints":{"allow":["GET"]}}],"collection":[{"href":"https:\/\/gpl-love.com\/fr\/wp-json\/wp\/v2\/product"}],"about":[{"href":"https:\/\/gpl-love.com\/fr\/wp-json\/wp\/v2\/types\/product"}],"replies":[{"embeddable":true,"href":"https:\/\/gpl-love.com\/fr\/wp-json\/wp\/v2\/comments?post=117140"}],"wp:featuredmedia":[{"embeddable":true,"href":"https:\/\/gpl-love.com\/fr\/wp-json\/wp\/v2\/media\/143997"}],"wp:attachment":[{"href":"https:\/\/gpl-love.com\/fr\/wp-json\/wp\/v2\/media?parent=117140"}],"wp:term":[{"taxonomy":"product_brand","embeddable":true,"href":"https:\/\/gpl-love.com\/fr\/wp-json\/wp\/v2\/product_brand?post=117140"},{"taxonomy":"product_cat","embeddable":true,"href":"https:\/\/gpl-love.com\/fr\/wp-json\/wp\/v2\/product_cat?post=117140"},{"taxonomy":"product_tag","embeddable":true,"href":"https:\/\/gpl-love.com\/fr\/wp-json\/wp\/v2\/product_tag?post=117140"}],"curies":[{"name":"wp","href":"https:\/\/api.w.org\/{rel}","templated":true}]}}