{"id":117131,"date":"2021-08-26T00:00:00","date_gmt":"2021-08-25T22:00:00","guid":{"rendered":"http:\/\/gpl-love.com\/fr\/produit\/wise-chat-pro-fully-featured-chat-plugin-for-wordpress\/"},"modified":"2026-04-10T18:45:44","modified_gmt":"2026-04-10T16:45:44","slug":"wise-chat-pro-fully-featured-chat-plugin-for-wordpress","status":"publish","type":"product","link":"https:\/\/gpl-love.com\/fr\/produit\/wise-chat-pro-fully-featured-chat-plugin-for-wordpress\/","title":{"rendered":"Wise Chat Pro Fully Featured Chat Plugin For WordPress 2.5.5"},"content":{"rendered":"<h3>Wise Chat Pro Fully Featured Chat Plugin For WordPress Traits<\/h3>\n<p>Wise Chat Pro, un plugin de chat global exclusivement con\u00e7u pour les sites Web WordPress, pr\u00e9sente une gamme de fonctionnalit\u00e9s enti\u00e8rement \u00e9quip\u00e9es qui offrent une exp\u00e9rience utilisateur intuitive \u00e0 tous les visiteurs du site Web. Ce plugin de chat permet aux utilisateurs de s&rsquo;engager sans effort dans des conversations en temps r\u00e9el, d&rsquo;\u00e9tablir des salles de discussion priv\u00e9es ou publiques, d&rsquo;\u00e9changer des fichiers et des images et m\u00eame de participer aux appels vid\u00e9o. De plus, Wise Chat Pro offre une vaste gamme d&rsquo;options de personnalisation, permettant aux utilisateurs de modifier l&rsquo;esth\u00e9tique visuelle de l&rsquo;interface de chat afin de s&rsquo;aligner parfaitement avec la marque unique de leur site Web. En adoptant les capacit\u00e9s de Wise Chat Pro, les propri\u00e9taires de sites Web peuvent \u00e9lever la fonctionnalit\u00e9 globale de leur site Web et fournir \u00e0 leurs utilisateurs une plate-forme de communication exceptionnellement robuste.<\/p>\n<ul>\n<li>Fournit une plate-forme de chat enti\u00e8rement en vedette pour les sites Web WordPress<\/li>\n<li>Soutient le chat en direct entre les visiteurs du site et les administrateurs<\/li>\n<li>Offre plusieurs salons de discussion pour des discussions organis\u00e9es<\/li>\n<li>Comprend les emojis, les pi\u00e8ces jointes et le partage d&rsquo;images pour une communication am\u00e9lior\u00e9e<\/li>\n<li>Peut \u00eatre personnalis\u00e9 pour correspondre \u00e0 la conception et \u00e0 la marque du site<\/li>\n<li>Sensible au mobile pour discuter sans couture sur n&rsquo;importe quel appareil<\/li>\n<li>Fournit des notifications en temps r\u00e9el pour les nouveaux messages<\/li>\n<li>Offre des outils de mod\u00e9ration avanc\u00e9s pour g\u00e9rer les conversations<\/li>\n<li>Prend en charge les r\u00f4les des utilisateurs et les autorisations pour les exp\u00e9riences de chat sur mesure<\/li>\n<li>S&rsquo;int\u00e8gre \u00e0 des outils tiers populaires comme Slack, Discord et Zapier<\/li>\n<\/ul>\n","protected":false},"excerpt":{"rendered":"<p>Wise Chat Pro, un plugin de chat tr\u00e8s sophistiqu\u00e9 et global qui a \u00e9t\u00e9 sp\u00e9cialement con\u00e7u pour les sites Web WordPress, offre une pl\u00e9thore de fonctionnalit\u00e9s remarquables qui permettent aux propri\u00e9taires de sites d&rsquo;\u00e9tablir et de r\u00e9guler sans effort des chats en temps r\u00e9el. Avec son interface remarquablement conviviale et un large \u00e9ventail d&rsquo;options personnalisables, ce plugin garantit une exp\u00e9rience exceptionnellement personnalis\u00e9e et personnalis\u00e9e pour les utilisateurs. De plus, il poss\u00e8de une r\u00e9activit\u00e9 compl\u00e8te, garantissant ainsi des fonctionnalit\u00e9s transparentes sur n&rsquo;importe quel appareil. Les utilisateurs ont acc\u00e8s \u00e0 une vaste gamme de fonctionnalit\u00e9s, y compris, mais sans s&rsquo;y limiter, les avatars, les messages personnalis\u00e9s, les capacit\u00e9s de partage de fichiers et m\u00eame les traductions, parmi d&rsquo;innombrables autres. Par cons\u00e9quent, Wise Chat Pro est la solution ultime pour les entreprises et les sites Web, aspirant \u00e0 \u00e9lever leurs niveaux d&rsquo;engagement et \u00e0 am\u00e9liorer l&rsquo;exp\u00e9rience utilisateur globale au moyen d&rsquo;interactions immersives de chat en direct.<\/p>\n","protected":false},"featured_media":145772,"comment_status":"open","ping_status":"open","template":"","meta":[],"product_brand":[2693],"product_cat":[1189,1181,1186],"product_tag":[2248],"class_list":{"0":"post-117131","1":"product","2":"type-product","3":"status-publish","4":"has-post-thumbnail","6":"product_brand-kainex","7":"product_cat-personnalisation","8":"product_cat-plugins","9":"product_cat-wordpress-plugins","10":"product_tag-kainex","11":"member-discount","12":"discount-restricted","14":"first","15":"instock","16":"sale","17":"downloadable","18":"virtual","19":"sold-individually","20":"purchasable","21":"product-type-simple"},"_links":{"self":[{"href":"https:\/\/gpl-love.com\/fr\/wp-json\/wp\/v2\/product\/117131","targetHints":{"allow":["GET"]}}],"collection":[{"href":"https:\/\/gpl-love.com\/fr\/wp-json\/wp\/v2\/product"}],"about":[{"href":"https:\/\/gpl-love.com\/fr\/wp-json\/wp\/v2\/types\/product"}],"replies":[{"embeddable":true,"href":"https:\/\/gpl-love.com\/fr\/wp-json\/wp\/v2\/comments?post=117131"}],"wp:featuredmedia":[{"embeddable":true,"href":"https:\/\/gpl-love.com\/fr\/wp-json\/wp\/v2\/media\/145772"}],"wp:attachment":[{"href":"https:\/\/gpl-love.com\/fr\/wp-json\/wp\/v2\/media?parent=117131"}],"wp:term":[{"taxonomy":"product_brand","embeddable":true,"href":"https:\/\/gpl-love.com\/fr\/wp-json\/wp\/v2\/product_brand?post=117131"},{"taxonomy":"product_cat","embeddable":true,"href":"https:\/\/gpl-love.com\/fr\/wp-json\/wp\/v2\/product_cat?post=117131"},{"taxonomy":"product_tag","embeddable":true,"href":"https:\/\/gpl-love.com\/fr\/wp-json\/wp\/v2\/product_tag?post=117131"}],"curies":[{"name":"wp","href":"https:\/\/api.w.org\/{rel}","templated":true}]}}