{"id":117115,"date":"2023-08-10T00:00:00","date_gmt":"2023-08-09T22:00:00","guid":{"rendered":"http:\/\/gpl-love.com\/fr\/produit\/wpmu-dev-shipper-pro\/"},"modified":"2026-03-20T23:52:07","modified_gmt":"2026-03-20T22:52:07","slug":"wpmu-dev-shipper-pro","status":"publish","type":"product","link":"https:\/\/gpl-love.com\/fr\/produit\/wpmu-dev-shipper-pro\/","title":{"rendered":"WPMU DEV Shipper Pro 1.2.15"},"content":{"rendered":"<h3>WPMU DEV Shipper Pro Traits<\/h3>\n<p>WPMU Dev Shipper Pro est un plugin hautement capable et robuste qui a \u00e9t\u00e9 m\u00e9ticuleusement con\u00e7u pour rationaliser l&rsquo;ensemble du processus de migration, de sauvegarde et de clonage des sites WordPress. Cet outil exceptionnel permet aux utilisateurs de transf\u00e9rer sans effort leurs sites Web WordPress pr\u00e9cieux d&rsquo;un serveur \u00e0 un autre avec la plus grande facilit\u00e9 et l&rsquo;efficacit\u00e9, le tout en quelques clics. Ce qui distingue ce plugin remarquable des autres, c&rsquo;est sa capacit\u00e9 in\u00e9gal\u00e9e \u00e0 ex\u00e9cuter ce transfert transparent sans encourir de temps d&rsquo;arr\u00eat ou risquer toute perte de donn\u00e9es inestimables.<\/p>\n<p>En tirant parti de son interface remarquablement conviviale et d&rsquo;un \u00e9ventail de fonctionnalit\u00e9s avanc\u00e9es, Shipper Pro permet sans effort les utilisateurs de cr\u00e9er efficacement des sauvegardes compl\u00e8tes de leurs sites WordPress. Ces sauvegardes englobent tous les \u00e9l\u00e9ments vitaux tels que les fichiers, les bases de donn\u00e9es, les th\u00e8mes, les plugins et les configurations, ne laissant aucune pierre non retourn\u00e9e. De plus, Shipper Pro poss\u00e8de la capacit\u00e9 d&rsquo;effectuer des sauvegardes incr\u00e9mentielles, facilitant ainsi les utilisateurs pour planifier des sauvegardes automatiques qui garantissent que leurs sites Web restent constamment \u00e0 jour et sauvegard\u00e9s de mani\u00e8re approfondie.<\/p>\n<p>En outre, ce plugin exceptionnel est soigneusement \u00e9quip\u00e9 d&rsquo;un tableau d&rsquo;outils indispensables sp\u00e9cifiquement adapt\u00e9s pour r\u00e9soudre les probl\u00e8mes de migration courants. Ces outils englobent des fonctionnalit\u00e9s telles que le remplacement de l&rsquo;URL, la recherche et le remplacement de la base de donn\u00e9es et la prise en charge impeccable de SSL. Cette combinaison de fonctionnalit\u00e9s essentielles sert \u00e0 \u00e9lever davantage l&rsquo;exp\u00e9rience utilisateur globale, faisant de l&rsquo;ensemble du processus de migration, de clonage et de sauvegarde des sites WordPress une brise absolue.<\/p>\n<p>L&rsquo;aspect le plus remarquable de WPMU Dev Shipper Pro est peut-\u00eatre son accessibilit\u00e9 et sa convivialit\u00e9. Ce plugin incomparable a \u00e9t\u00e9 ing\u00e9nieusement con\u00e7u pour \u00eatre navigable sans effort, ce qui le rend accessible aux utilisateurs de tous les niveaux d&rsquo;expertise technique. Il est r\u00e9volu le temps des processus de migration fastidieux et complexes qui exigeraient un savoir-faire technique \u00e9tendu. Avec Shipper Pro, les utilisateurs peuvent d\u00e9sormais se lancer sans effort dans le processus de migration, de clonage et de sauvegarde de leurs sites WordPress, le tout sans aucune expertise technique ou complications inutiles.<\/p>\n<ul>\n<li>Migration facile des sites Web d&rsquo;un domaine \u00e0 un autre sans aucun temps d&rsquo;arr\u00eat<\/li>\n<li>Option pour regrouper ou exclure certains fichiers et tables de base de donn\u00e9es pour une migration efficace<\/li>\n<li>Fonction de sauvegarde et de restauration automatique pour assurer la s\u00e9curit\u00e9 des donn\u00e9es pendant la migration<\/li>\n<li>Capacit\u00e9 \u00e0 cr\u00e9er des sites de mise en sc\u00e8ne pour tester les modifications du site Web avant de les faire vivre<\/li>\n<li>Compatibilit\u00e9 avec les fournisseurs d&rsquo;h\u00e9bergement populaires et les configurations WordPress<\/li>\n<li>Interface conviviale avec des instructions \u00e9tape par \u00e9tape pour les processus de migration sans couture<\/li>\n<li>Support 24\/7 de l&rsquo;\u00e9quipe de d\u00e9veloppement du WPMU pour aider \u00e0 tout probl\u00e8me de migration ou questions<\/li>\n<li>Solution de gain de temps pour les propri\u00e9taires de sites Web ou les d\u00e9veloppeurs qui migrent fr\u00e9quemment des sites Web<\/li>\n<\/ul>\n","protected":false},"excerpt":{"rendered":"<p>WPMU Dev Shipper Pro, l&rsquo;outil in\u00e9gal\u00e9 pour les propri\u00e9taires de sites Web \u00e0 la recherche d&rsquo;un processus de migration, de sauvegarde ou de restauration transparente pour leurs sites WordPress, est ici. Shipper Pro simplifie la t\u00e2che de transf\u00e9rer votre site Web d&rsquo;un fournisseur d&rsquo;h\u00e9bergement \u00e0 un autre ou de la prot\u00e9ger pour une utilisation future. Ce plugin robuste poss\u00e8de une pl\u00e9thore de fonctionnalit\u00e9s, y compris l&rsquo;optimisation automatique de la base de donn\u00e9es, la mise en sc\u00e8ne en un clic et les sauvegardes incr\u00e9mentielles, tous visant \u00e0 garantir la plus grande s\u00e9curit\u00e9 de vos donn\u00e9es pr\u00e9cieuses. Offrez des adieux aux migrations manuelles ardues et aux proc\u00e9dures de sauvegarde alambiqu\u00e9es en adoptant sans d\u00e9lai WPMU Dev Shipper Pro!<\/p>\n","protected":false},"featured_media":146304,"comment_status":"open","ping_status":"open","template":"","meta":[],"product_brand":[2744],"product_cat":[1187,1181,1186],"product_tag":[1429],"class_list":{"0":"post-117115","1":"product","2":"type-product","3":"status-publish","4":"has-post-thumbnail","6":"product_brand-wpmu","7":"product_cat-administration-wordpress-plugins","8":"product_cat-plugins","9":"product_cat-wordpress-plugins","10":"product_tag-wpmu","11":"member-discount","12":"discount-restricted","14":"first","15":"instock","16":"sale","17":"downloadable","18":"virtual","19":"sold-individually","20":"purchasable","21":"product-type-simple"},"_links":{"self":[{"href":"https:\/\/gpl-love.com\/fr\/wp-json\/wp\/v2\/product\/117115","targetHints":{"allow":["GET"]}}],"collection":[{"href":"https:\/\/gpl-love.com\/fr\/wp-json\/wp\/v2\/product"}],"about":[{"href":"https:\/\/gpl-love.com\/fr\/wp-json\/wp\/v2\/types\/product"}],"replies":[{"embeddable":true,"href":"https:\/\/gpl-love.com\/fr\/wp-json\/wp\/v2\/comments?post=117115"}],"wp:featuredmedia":[{"embeddable":true,"href":"https:\/\/gpl-love.com\/fr\/wp-json\/wp\/v2\/media\/146304"}],"wp:attachment":[{"href":"https:\/\/gpl-love.com\/fr\/wp-json\/wp\/v2\/media?parent=117115"}],"wp:term":[{"taxonomy":"product_brand","embeddable":true,"href":"https:\/\/gpl-love.com\/fr\/wp-json\/wp\/v2\/product_brand?post=117115"},{"taxonomy":"product_cat","embeddable":true,"href":"https:\/\/gpl-love.com\/fr\/wp-json\/wp\/v2\/product_cat?post=117115"},{"taxonomy":"product_tag","embeddable":true,"href":"https:\/\/gpl-love.com\/fr\/wp-json\/wp\/v2\/product_tag?post=117115"}],"curies":[{"name":"wp","href":"https:\/\/api.w.org\/{rel}","templated":true}]}}