{"id":117113,"date":"2024-05-04T00:00:00","date_gmt":"2024-05-03T22:00:00","guid":{"rendered":"http:\/\/gpl-love.com\/fr\/produit\/wp-job-manager-job-alerts-addon\/"},"modified":"2026-03-20T23:50:04","modified_gmt":"2026-03-20T22:50:04","slug":"wp-job-manager-job-alerts-addon","status":"publish","type":"product","link":"https:\/\/gpl-love.com\/fr\/produit\/wp-job-manager-job-alerts-addon\/","title":{"rendered":"WP Job Manager Job Alerts Addon 3.2.0"},"content":{"rendered":"<h3>WP Job Manager Job Alerts Addon Traits<\/h3>\n<p>Le WP Job Manager Alertes Adlerts, connu pour ses capacit\u00e9s puissantes, sert d&rsquo;outil inestimable pour am\u00e9liorer l&rsquo;exp\u00e9rience utilisateur de WP Job Manager. Ce module compl\u00e9mentaire remarquable a \u00e9t\u00e9 sp\u00e9cifiquement con\u00e7u pour r\u00e9pondre aux besoins des demandeurs d&#8217;emploi en leur offrant la commodit\u00e9 de recevoir des alertes automatiques relatives aux offres d&#8217;emploi pertinentes. Le m\u00e9canisme ing\u00e9nieux derri\u00e8re ce syst\u00e8me r\u00e9side dans sa capacit\u00e9 \u00e0 permettre aux demandeurs d&#8217;emploi de cr\u00e9er des alertes personnalis\u00e9es en fonction de leurs recherches pr\u00e9cises de mots cl\u00e9s ou de cat\u00e9gories d&#8217;emplois sp\u00e9cifiques. Une fois ces param\u00e8tres d\u00e9finis, le syst\u00e8me prend de mani\u00e8re transparente, envoyant avec diligence et automatiquement des notifications en temps opportun au chercheur d&#8217;emploi \u00e0 chaque fois qu&rsquo;un nouvel emploi affectant l&rsquo;alignement avec leurs crit\u00e8res \u00e9merge. Par cons\u00e9quent, ce module compl\u00e9mentaire appara\u00eet comme la quintessence de la perfection pour les sites d&#8217;emploi ou les sites Web de recrutement qui aspirent \u00e0 offrir aux demandeurs d&#8217;emploi une exp\u00e9rience globale et conviviale. En adoptant l&rsquo;addition d&#8217;emploi WP Manager d&#8217;emploi, les demandeurs d&#8217;emploi peuvent rester sans effort au courant des derni\u00e8res offres d&#8217;emploi sans aucun tracas, amplifiant consid\u00e9rablement leurs perspectives de s\u00e9curiser leur emploi de r\u00eave.<\/p>\n<ul>\n<li>Permet aux utilisateurs de s&rsquo;abonner \u00e0 des alertes d&#8217;emploi en fonction de crit\u00e8res sp\u00e9cifiques, tels que le type de travail ou l&#8217;emplacement<\/li>\n<li>Envoie des notifications par e-mail aux utilisateurs abonn\u00e9s lorsque de nouveaux travaux qui correspondent \u00e0 leurs crit\u00e8res sont ajout\u00e9s au site<\/li>\n<li>Int\u00e8gre de mani\u00e8re transparente avec le plugin WP Job Manager pour WordPress<\/li>\n<li>Permet la personnalisation des mod\u00e8les de messagerie et la fr\u00e9quence des notifications<\/li>\n<li>Fournit une interface conviviale pour g\u00e9rer les abonnements \u00e0 l&rsquo;alerte d&#8217;emploi<\/li>\n<li>Am\u00e9liore l&rsquo;engagement et la r\u00e9tention des utilisateurs en les tirant inform\u00e9s des nouvelles opportunit\u00e9s d&#8217;emploi<\/li>\n<li>\u00c9conomise du temps et des efforts pour les demandeurs d&#8217;emploi et les employeurs en automatisant le processus de recherche d&#8217;emploi et de notification<\/li>\n<li>Offre une solution rentable pour am\u00e9liorer les fonctionnalit\u00e9s du plugin WP Job Manager.<\/li>\n<\/ul>\n","protected":false},"excerpt":{"rendered":"<p>Le WP Emplance Manager Alertes Addon, une ressource indispensable pour les personnes dans la recherche de possibilit\u00e9s d&#8217;emploi, est un moyen de rester inform\u00e9 des nouveaux postes vacants. Ce plugin convivial facilite l&rsquo;\u00e9tablissement d&rsquo;alertes de travail individualis\u00e9es, adapt\u00e9es \u00e0 ses titres de travail sp\u00e9cifiques, aux pr\u00e9f\u00e9rences g\u00e9ographiques et aux sp\u00e9cifications de mots cl\u00e9s. Gr\u00e2ce \u00e0 l&rsquo;utilisation de cet outil robuste, les individus peuvent facilement recevoir des notifications par e-mail chaque fois qu&rsquo;un travail d&rsquo;affichage s&rsquo;aligne sur leurs crit\u00e8res pr\u00e9d\u00e9termin\u00e9s, rationalisant et acc\u00e9l\u00e9rant ainsi le processus de recherche d&#8217;emploi. Si l&rsquo;on cherche \u00e0 des engagements ou \u00e0 des efforts \u00e0 temps partiel pour garantir une trajectoire professionnelle \u00e0 long terme, l&#8217;emploi WP Manager d&#8217;emploi alerte l&rsquo;addition repr\u00e9sente sans aucun doute un atout inestimable pour chaque demandeur d&#8217;emploi potentiel.<\/p>\n","protected":false},"featured_media":146165,"comment_status":"open","ping_status":"open","template":"","meta":[],"product_brand":[2722],"product_cat":[1189,1181,1186],"product_tag":[1419],"class_list":{"0":"post-117113","1":"product","2":"type-product","3":"status-publish","4":"has-post-thumbnail","6":"product_brand-wp-job-manager","7":"product_cat-personnalisation","8":"product_cat-plugins","9":"product_cat-wordpress-plugins","10":"product_tag-wp-job-manager","11":"member-discount","12":"discount-restricted","14":"first","15":"instock","16":"sale","17":"downloadable","18":"virtual","19":"sold-individually","20":"purchasable","21":"product-type-simple"},"_links":{"self":[{"href":"https:\/\/gpl-love.com\/fr\/wp-json\/wp\/v2\/product\/117113","targetHints":{"allow":["GET"]}}],"collection":[{"href":"https:\/\/gpl-love.com\/fr\/wp-json\/wp\/v2\/product"}],"about":[{"href":"https:\/\/gpl-love.com\/fr\/wp-json\/wp\/v2\/types\/product"}],"replies":[{"embeddable":true,"href":"https:\/\/gpl-love.com\/fr\/wp-json\/wp\/v2\/comments?post=117113"}],"wp:featuredmedia":[{"embeddable":true,"href":"https:\/\/gpl-love.com\/fr\/wp-json\/wp\/v2\/media\/146165"}],"wp:attachment":[{"href":"https:\/\/gpl-love.com\/fr\/wp-json\/wp\/v2\/media?parent=117113"}],"wp:term":[{"taxonomy":"product_brand","embeddable":true,"href":"https:\/\/gpl-love.com\/fr\/wp-json\/wp\/v2\/product_brand?post=117113"},{"taxonomy":"product_cat","embeddable":true,"href":"https:\/\/gpl-love.com\/fr\/wp-json\/wp\/v2\/product_cat?post=117113"},{"taxonomy":"product_tag","embeddable":true,"href":"https:\/\/gpl-love.com\/fr\/wp-json\/wp\/v2\/product_tag?post=117113"}],"curies":[{"name":"wp","href":"https:\/\/api.w.org\/{rel}","templated":true}]}}