{"id":117109,"date":"2026-04-18T00:00:00","date_gmt":"2026-04-17T22:00:00","guid":{"rendered":"http:\/\/gpl-love.com\/fr\/produit\/woocommerce-stampscom-api\/"},"modified":"2026-04-19T00:31:19","modified_gmt":"2026-04-18T22:31:19","slug":"woocommerce-stampscom-api","status":"publish","type":"product","link":"https:\/\/gpl-love.com\/fr\/produit\/woocommerce-stampscom-api\/","title":{"rendered":"WooCommerce Stamps.com API 2.3.0"},"content":{"rendered":"<h3>WooCommerce Stamps.com API Traits<\/h3>\n<p>L&rsquo;API WooCommerce Stamps.come est un outil exceptionnellement robuste et tr\u00e8s efficace qui offre aux utilisateurs l&rsquo;occasion incroyable d&rsquo;int\u00e9grer parfaitement leur boutique en ligne \u00e0 la c\u00e9l\u00e8bre plateforme Stamps.com. En tirant parti de l&rsquo;immense puissance de cette API, les utilisateurs peuvent g\u00e9n\u00e9rer sans effort g\u00e9n\u00e9rer des \u00e9tiquettes d&rsquo;exp\u00e9dition, g\u00e9rer m\u00e9ticuleusement les commandes et suivre m\u00e9ticuleusement les exp\u00e9ditions, toutes \u00e0 l&rsquo;int\u00e9rieur des limites de leur tableau de bord WooCommerce. Cette API remarquable sert non seulement \u00e0 gagner un temps pr\u00e9cieux, mais acc\u00e9l\u00e8re \u00e9galement l&rsquo;int\u00e9gralit\u00e9 du processus d&rsquo;exp\u00e9dition, \u00e0 partir du moment o\u00f9 une commande est cr\u00e9\u00e9e \u00e0 sa livraison \u00e9ventuelle. Que l&rsquo;on se trouve \u00eatre un propri\u00e9taire d&rsquo;une entreprise minuscule ou d&rsquo;une entreprise colossale, l&rsquo;API WooCommerce Stamps.come repr\u00e9sente incontestablement un outil indispensable pour toutes les entreprises de commerce \u00e9lectronique qui aspirent \u00e0 accro\u00eetre l&rsquo;efficacit\u00e9 op\u00e9rationnelle et \u00e0 rationaliser les complexes nuanc\u00e9s de leur entreprise d&rsquo;exp\u00e9dition.<\/p>\n<ul>\n<li>Permet aux utilisateurs d&rsquo;int\u00e9grer facilement les fonctionnalit\u00e9s d&rsquo;exp\u00e9dition Stamps.com dans leur magasin WooCommerce<\/li>\n<li>Permet l&rsquo;impression des \u00e9tiquettes d&rsquo;exp\u00e9dition et le suivi des informations directement \u00e0 partir de WooCommerce<\/li>\n<li>Fournit des options de calcul des tarifs en temps r\u00e9el et d&rsquo;exp\u00e9dition pour les commandes nationales et internationales<\/li>\n<li>Mise \u00e0 jour automatiquement les informations de suivi et l&rsquo;\u00e9tat de commande dans WooCommerce<\/li>\n<li>Offre des param\u00e8tres d&rsquo;exp\u00e9dition personnalisables et des options pour r\u00e9pondre aux besoins commerciaux sp\u00e9cifiques<\/li>\n<li>Rationalise le processus de r\u00e9alisation, gagner du temps et am\u00e9liorer l&rsquo;efficacit\u00e9<\/li>\n<li>\u00c9limine le besoin de saisie manuelle des donn\u00e9es et r\u00e9duit l&rsquo;erreur humaine<\/li>\n<li>Facilite l&rsquo;int\u00e9gration transparente entre WooCommerce et Stamps.com pour une solution d&rsquo;exp\u00e9dition plus compl\u00e8te<\/li>\n<li>Accessible aux utilisateurs de tous les niveaux techniques avec un processus d&rsquo;installation et de configuration facile<\/li>\n<li>RECLUG\u00c9 MISE \u00c0 JOUR AVEC DE NOUVELLES FONCTIONNEMENTS ET DES REMOLATIONS Pour fournir la meilleure exp\u00e9rience utilisateur possible.<\/li>\n<\/ul>\n","protected":false},"excerpt":{"rendered":"<p>L&rsquo;API WooCommerce Stamps.cod est un outil extr\u00eamement puissant qui offre la facilitation transparente de votre processus d&rsquo;exp\u00e9dition. En vous profitant de ce plugin remarquable, vous avez l&rsquo;avantage distinct d&rsquo;int\u00e9grer votre magasin WooCommerce avec Stamps.com, qui vous permet de g\u00e9n\u00e9rer sans effort les \u00e9tiquettes d&rsquo;exp\u00e9dition et de g\u00e9rer efficacement vos commandes. L&rsquo;int\u00e9gration de cette API rationalise efficacement la proc\u00e9dure d&rsquo;exp\u00e9dition en \u00e9vitant la n\u00e9cessit\u00e9 d&rsquo;une entr\u00e9e de donn\u00e9es manuelle laborieuse, tout en permettant simultan\u00e9ment le suivi automatique des exp\u00e9ditions. Par cons\u00e9quent, l&rsquo;API WooCommerce Stamps.come vous permet non seulement de fournir \u00e0 vos clients estim\u00e9s des informations d&rsquo;exp\u00e9dition pr\u00e9cises et \u00e0 jour, mais cela diminue \u00e9galement efficacement vos co\u00fbts op\u00e9rationnels et augmente votre retour sur investissement global.<\/p>\n","protected":false},"featured_media":146040,"comment_status":"open","ping_status":"open","template":"","meta":[],"product_brand":[2440],"product_cat":[1182,1223,1181],"product_tag":[1398],"class_list":{"0":"post-117109","1":"product","2":"type-product","3":"status-publish","4":"has-post-thumbnail","6":"product_brand-woocommerce","7":"product_cat-commerce-electronique-plugins","8":"product_cat-personnalisation-commerce-electronique-plugins","9":"product_cat-plugins","10":"product_tag-woocommerce","11":"member-discount","12":"discount-restricted","14":"first","15":"instock","16":"sale","17":"downloadable","18":"virtual","19":"sold-individually","20":"purchasable","21":"product-type-simple"},"_links":{"self":[{"href":"https:\/\/gpl-love.com\/fr\/wp-json\/wp\/v2\/product\/117109","targetHints":{"allow":["GET"]}}],"collection":[{"href":"https:\/\/gpl-love.com\/fr\/wp-json\/wp\/v2\/product"}],"about":[{"href":"https:\/\/gpl-love.com\/fr\/wp-json\/wp\/v2\/types\/product"}],"replies":[{"embeddable":true,"href":"https:\/\/gpl-love.com\/fr\/wp-json\/wp\/v2\/comments?post=117109"}],"wp:featuredmedia":[{"embeddable":true,"href":"https:\/\/gpl-love.com\/fr\/wp-json\/wp\/v2\/media\/146040"}],"wp:attachment":[{"href":"https:\/\/gpl-love.com\/fr\/wp-json\/wp\/v2\/media?parent=117109"}],"wp:term":[{"taxonomy":"product_brand","embeddable":true,"href":"https:\/\/gpl-love.com\/fr\/wp-json\/wp\/v2\/product_brand?post=117109"},{"taxonomy":"product_cat","embeddable":true,"href":"https:\/\/gpl-love.com\/fr\/wp-json\/wp\/v2\/product_cat?post=117109"},{"taxonomy":"product_tag","embeddable":true,"href":"https:\/\/gpl-love.com\/fr\/wp-json\/wp\/v2\/product_tag?post=117109"}],"curies":[{"name":"wp","href":"https:\/\/api.w.org\/{rel}","templated":true}]}}