{"id":117105,"date":"2022-02-01T00:00:00","date_gmt":"2022-01-31T23:00:00","guid":{"rendered":"http:\/\/gpl-love.com\/fr\/produit\/mythemeshop-tabloid\/"},"modified":"2026-04-10T18:33:19","modified_gmt":"2026-04-10T16:33:19","slug":"mythemeshop-tabloid","status":"publish","type":"product","link":"https:\/\/gpl-love.com\/fr\/produit\/mythemeshop-tabloid\/","title":{"rendered":"MyThemeShop Tabloid 1.0.11"},"content":{"rendered":"<h3>MyThemeShop Tabloid Traits<\/h3>\n<p>Tablo\u00efd, d\u00e9velopp\u00e9 par MytheMeshop, est un th\u00e8me WordPress exquis r\u00e9pondant aux besoins des magazines en ligne, des sites Web d&rsquo;information et d&rsquo;autres plateformes en ligne riches en contenu. Son design m\u00e9ticuleusement con\u00e7u poss\u00e8de une disposition contemporaine et \u00e9pur\u00e9e, garantissant une exp\u00e9rience de lecture optimale et une navigation transparente pour votre public. De plus, ce th\u00e8me comprend un tableau de dispositions de publication, de widgets personnalisables et d&rsquo;un panneau d&rsquo;options autonomes, qui vous permet de personnaliser sans effort l&rsquo;apparence et la fonctionnalit\u00e9 de votre site Web sans n\u00e9cessiter d&rsquo;expertise de codage. De plus, le tablo\u00efd a \u00e9t\u00e9 m\u00e9ticuleusement optimis\u00e9 pour les moteurs de recherche et la vitesse, garantissant des temps de chargement rapides et un classement de premier plan sur les pages de r\u00e9sultats des moteurs de recherche. Ainsi, que vous aspiriez \u00e0 \u00e9tablir un site Web d&rsquo;actualit\u00e9s, un magazine en ligne ou toute autre plate-forme riche en contenu, le tablo\u00efd appara\u00eet comme la solution ultime, offrant une flexibilit\u00e9, une fonctionnalit\u00e9 et des performances in\u00e9gal\u00e9es.<\/p>\n<ul>\n<li>Conception r\u00e9active qui a fi\u00e8re allure sur n&rsquo;importe quel appareil<\/li>\n<li>Options de personnalisation faciles, y compris les sch\u00e9mas de couleurs et la typographie<\/li>\n<li>Boutons de partage des m\u00e9dias sociaux int\u00e9gr\u00e9s pour une exposition maximale<\/li>\n<li>Options de mise en page flexibles, y compris le placement de la barre lat\u00e9rale et plusieurs formats de poste<\/li>\n<li>Outils de gestion de publicit\u00e9 int\u00e9gr\u00e9s pour aider \u00e0 mon\u00e9tiser votre site Web<\/li>\n<li>Caract\u00e9ristiques d&rsquo;optimisation du r\u00e9f\u00e9rencement pour am\u00e9liorer la visibilit\u00e9 des moteurs de recherche<\/li>\n<li>Mises \u00e0 jour r\u00e9guli\u00e8res et excellent soutien de l&rsquo;\u00e9quipe MyTheMeshop<\/li>\n<li>Vitesses de chargement rapide pour une am\u00e9lioration de l&rsquo;exp\u00e9rience utilisateur<\/li>\n<li>Traduction pr\u00eat pour le public international<\/li>\n<li>Compatible avec une vari\u00e9t\u00e9 de plugins populaires.<\/li>\n<\/ul>\n","protected":false},"excerpt":{"rendered":"<p>MytheMeshop Taboid est un th\u00e8me WordPress exceptionnel de qualit\u00e9 premium qui est sp\u00e9cialement con\u00e7u pour les sites Web d&rsquo;actualit\u00e9s ou de magazines, ce qui le rend vraiment id\u00e9al \u00e0 de telles fins. Il poss\u00e8de un design \u00e9l\u00e9gant et contemporain qui est non seulement visuellement attrayant mais aussi enti\u00e8rement r\u00e9actif, garantissant que votre contenu pr\u00e9cieux et informatif est affich\u00e9 de mani\u00e8re esth\u00e9tiquement agr\u00e9able sur tous les appareils, quelle que soit leur taille d&rsquo;\u00e9cran ou leur r\u00e9solution. De plus, ce th\u00e8me remarquable offre une multitude de dispositions de page d&rsquo;accueil, vous offrant ainsi la possibilit\u00e9 de personnaliser et d&rsquo;adapter votre site Web en fonction de vos pr\u00e9f\u00e9rences et exigences sp\u00e9cifiques. De plus, la disponibilit\u00e9 de widgets personnalisables am\u00e9liore encore l&rsquo;apparence globale et la fonctionnalit\u00e9 de votre site Web, vous permettant de cr\u00e9er une pr\u00e9sence en ligne vraiment unique et captivante. De plus, le th\u00e8me propose un large \u00e9ventail de formats de poste \u00e0 choisir, vous permettant de pr\u00e9senter votre contenu de diverses mani\u00e8res engageantes et convaincantes. En outre, il convient de noter que le tablo\u00efd MyTheShop est m\u00e9ticuleusement optimis\u00e9 pour l&rsquo;optimisation des moteurs de recherche (SEO) et la vitesse, garantissant ainsi que votre site Web atteint et maintient un classement \u00e9lev\u00e9 dans les r\u00e9sultats du moteur de recherche, attirant par la suite un plus grand volume de trafic organique. En outre, cette optimisation pour la vitesse garantit une exp\u00e9rience utilisateur rapide et transparente, am\u00e9liorant ainsi la satisfaction et la r\u00e9tention des utilisateurs. Avec sa flexibilit\u00e9 in\u00e9gal\u00e9e et ses fonctionnalit\u00e9s conviviales, MyTheMeshop Tablo\u00efd est incontestablement un choix exceptionnel et hautement louable pour tout site Web cherchant \u00e0 offrir une pr\u00e9sentation professionnelle et polie \u00e0 la fois visuellement attrayante et fonctionnellement efficace.<\/p>\n","protected":false},"featured_media":144699,"comment_status":"open","ping_status":"open","template":"","meta":[],"product_brand":[2601],"product_cat":[1220,1212,1213],"product_tag":[1309],"class_list":{"0":"post-117105","1":"product","2":"type-product","3":"status-publish","4":"has-post-thumbnail","6":"product_brand-my-theme-shop","7":"product_cat-blog-magazine","8":"product_cat-themes","9":"product_cat-wordpress-themes","10":"product_tag-my-theme-shop","11":"member-discount","12":"discount-restricted","14":"first","15":"instock","16":"sale","17":"downloadable","18":"virtual","19":"sold-individually","20":"purchasable","21":"product-type-simple"},"_links":{"self":[{"href":"https:\/\/gpl-love.com\/fr\/wp-json\/wp\/v2\/product\/117105","targetHints":{"allow":["GET"]}}],"collection":[{"href":"https:\/\/gpl-love.com\/fr\/wp-json\/wp\/v2\/product"}],"about":[{"href":"https:\/\/gpl-love.com\/fr\/wp-json\/wp\/v2\/types\/product"}],"replies":[{"embeddable":true,"href":"https:\/\/gpl-love.com\/fr\/wp-json\/wp\/v2\/comments?post=117105"}],"wp:featuredmedia":[{"embeddable":true,"href":"https:\/\/gpl-love.com\/fr\/wp-json\/wp\/v2\/media\/144699"}],"wp:attachment":[{"href":"https:\/\/gpl-love.com\/fr\/wp-json\/wp\/v2\/media?parent=117105"}],"wp:term":[{"taxonomy":"product_brand","embeddable":true,"href":"https:\/\/gpl-love.com\/fr\/wp-json\/wp\/v2\/product_brand?post=117105"},{"taxonomy":"product_cat","embeddable":true,"href":"https:\/\/gpl-love.com\/fr\/wp-json\/wp\/v2\/product_cat?post=117105"},{"taxonomy":"product_tag","embeddable":true,"href":"https:\/\/gpl-love.com\/fr\/wp-json\/wp\/v2\/product_tag?post=117105"}],"curies":[{"name":"wp","href":"https:\/\/api.w.org\/{rel}","templated":true}]}}