{"id":117096,"date":"2025-07-29T00:00:00","date_gmt":"2025-07-28T22:00:00","guid":{"rendered":"http:\/\/gpl-love.com\/fr\/produit\/gravity-forms-akismet\/"},"modified":"2026-03-20T23:17:34","modified_gmt":"2026-03-20T22:17:34","slug":"gravity-forms-akismet","status":"publish","type":"product","link":"https:\/\/gpl-love.com\/fr\/produit\/gravity-forms-akismet\/","title":{"rendered":"Gravity Forms Akismet 1.1.0"},"content":{"rendered":"<h3>Gravity Forms Akismet Traits<\/h3>\n<p>Gravity Forms Akismet est un plugin anti-spam impeccablement puissant, qui s&rsquo;av\u00e8re tout \u00e0 fait d\u00e9terminant dans le processus d&rsquo;\u00e9vasion de soumissions de spam sur votre site Web estim\u00e9. Ce plugin extraordinaire exploite des algorithmes complexes et avanc\u00e9s pour examiner m\u00e9ticuleusement chaque soumission de forme, passant ainsi efficacement toute activit\u00e9 douteuse ou douteuse. En vertu de ce plugin remarquable, vous pourrez prot\u00e9ger efficacement votre site Web \u00e0 partir des embrayages nocifs de spammeurs, en vous assurant que seuls les utilisateurs l\u00e9gitimes et de bonne foi sont dot\u00e9s du privil\u00e8ge de soumettre des formulaires. Le plugin Akismet Forms Gravity vous accorde la commodit\u00e9 de l&rsquo;installation et de la configuration sans effort, tout en int\u00e9grant de mani\u00e8re transparente avec le plugin Gravity Forms. Ce plugin est sans aucun doute une solution in\u00e9branlable et tr\u00e8s fiable lorsqu&rsquo;il s&rsquo;agit de fortifier votre site Web contre les effets d\u00e9l\u00e9t\u00e8res du spam.<\/p>\n<ul>\n<li>Fournit une protection efficace de spam pour les formes de gravit\u00e9<\/li>\n<li>Bloque les soumissions de spam en v\u00e9rifiant les donn\u00e9es des utilisateurs contre la base de donn\u00e9es de spam d&rsquo;Akismet<\/li>\n<li>R\u00e9duit le besoin de filtrage manuel des spams, d&rsquo;\u00e9conomie de temps et de ressources<\/li>\n<li>Les param\u00e8tres personnalisables permettent une flexibilit\u00e9 dans les pr\u00e9f\u00e9rences de filtrage du spam<\/li>\n<li>Int\u00e9gre parfaitement les formulaires de gravit\u00e9, permettant une configuration et une utilisation faciles<\/li>\n<li>Assure une exp\u00e9rience utilisateur s\u00e9curis\u00e9e et sans spam pour les visiteurs du site Web<\/li>\n<li>Filtre automatiquement les commentaires et les soumissions pour le contenu de spam potentiel<\/li>\n<li>Ajuste la protection du spam en fonction du trafic du site et du niveau d&rsquo;activit\u00e9<\/li>\n<li>Fournit une d\u00e9tection fiable et pr\u00e9cise du spam, r\u00e9duisant les faux positifs<\/li>\n<li>Les mises \u00e0 jour r\u00e9guli\u00e8res et l&rsquo;entretien assurent l&rsquo;efficacit\u00e9 continue et la protection contre l&rsquo;\u00e9volution des menaces de spam.<\/li>\n<\/ul>\n","protected":false},"excerpt":{"rendered":"<p>Gravity Forms Akismet, un compl\u00e9ment formidable, sert \u00e0 sauvegarder vos formulaires Web contre l&rsquo;infiltration du spam. Il s&rsquo;int\u00e8gre de mani\u00e8re transparente dans la configuration de vos formulaires de gravit\u00e9 existante, en critant avec diligence l&rsquo;afflux de contenu et des commentaires, discernant activement ce qui n&rsquo;est pas souhaitable. Conc\u00e9d\u00e9 \u00e0 un \u00e9ventail de filtres sophistiqu\u00e9s et de fonctionnalit\u00e9s de pointe, les formes de gravit\u00e9 Akismet prot\u00e8gent assid\u00fbment vos formes \u00e0 partir des activit\u00e9s n\u00e9fastes des spammeurs et d&rsquo;autres personnes n\u00e9fastes. Par cons\u00e9quent, si vous vous efforcez de fortifier la s\u00e9curit\u00e9 de vos formulaires Web de mani\u00e8re fiable, ne cherchez pas plus loin que les capacit\u00e9s in\u00e9gal\u00e9es de la gravit\u00e9 des formulaires Akismet.<\/p>\n","protected":false},"featured_media":144053,"comment_status":"open","ping_status":"open","template":"","meta":[],"product_brand":[2565],"product_cat":[1189,1181,1186],"product_tag":[1275],"class_list":{"0":"post-117096","1":"product","2":"type-product","3":"status-publish","4":"has-post-thumbnail","6":"product_brand-gravityforms","7":"product_cat-personnalisation","8":"product_cat-plugins","9":"product_cat-wordpress-plugins","10":"product_tag-gravityforms","11":"member-discount","12":"discount-restricted","14":"first","15":"instock","16":"sale","17":"downloadable","18":"virtual","19":"sold-individually","20":"purchasable","21":"product-type-simple"},"_links":{"self":[{"href":"https:\/\/gpl-love.com\/fr\/wp-json\/wp\/v2\/product\/117096","targetHints":{"allow":["GET"]}}],"collection":[{"href":"https:\/\/gpl-love.com\/fr\/wp-json\/wp\/v2\/product"}],"about":[{"href":"https:\/\/gpl-love.com\/fr\/wp-json\/wp\/v2\/types\/product"}],"replies":[{"embeddable":true,"href":"https:\/\/gpl-love.com\/fr\/wp-json\/wp\/v2\/comments?post=117096"}],"wp:featuredmedia":[{"embeddable":true,"href":"https:\/\/gpl-love.com\/fr\/wp-json\/wp\/v2\/media\/144053"}],"wp:attachment":[{"href":"https:\/\/gpl-love.com\/fr\/wp-json\/wp\/v2\/media?parent=117096"}],"wp:term":[{"taxonomy":"product_brand","embeddable":true,"href":"https:\/\/gpl-love.com\/fr\/wp-json\/wp\/v2\/product_brand?post=117096"},{"taxonomy":"product_cat","embeddable":true,"href":"https:\/\/gpl-love.com\/fr\/wp-json\/wp\/v2\/product_cat?post=117096"},{"taxonomy":"product_tag","embeddable":true,"href":"https:\/\/gpl-love.com\/fr\/wp-json\/wp\/v2\/product_tag?post=117096"}],"curies":[{"name":"wp","href":"https:\/\/api.w.org\/{rel}","templated":true}]}}